{"id":733737,"date":"2025-03-03T16:20:09","date_gmt":"2025-03-03T15:20:09","guid":{"rendered":"https:\/\/stoic-curie.212-227-153-4.plesk.page\/producto\/impeller-volvo-8772066-875736\/"},"modified":"2026-02-24T23:34:48","modified_gmt":"2026-02-24T23:34:48","slug":"impeller-volvo-8772066-875736","status":"publish","type":"product","link":"https:\/\/stoic-curie.212-227-153-4.plesk.page\/de\/product\/impeller-volvo-8772066-875736\/","title":{"rendered":"Impeller Volvo 8772066 875736"},"content":{"rendered":"<p>Impeller Volvo 8772066 875736 &#8211; <\/p>\n<p>Ersatzlaufrad f\u00fcr Pumpen in K\u00fchl- und Wassersystemen des Motors. Neopren: f\u00fcr S\u00fc\u00df- und Salzwasser Nitril: f\u00fcr Bilgen, \u00d6le und Derivate<\/p>\n","protected":false},"excerpt":{"rendered":"<p>Impeller Volvo 8772066 875736 &#8211; Ersatzlaufrad f\u00fcr Pumpen in K\u00fchl- und Wassersystemen des Motors. Neopren: f\u00fcr S\u00fc\u00df- und Salzwasser Nitril:<\/p>\n","protected":false},"featured_media":5938898,"comment_status":"open","ping_status":"closed","template":"","meta":[],"product_brand":[3390,2190],"product_cat":[1542],"product_tag":[],"class_list":{"0":"post-733737","1":"product","2":"type-product","3":"status-publish","4":"has-post-thumbnail","6":"product_brand-sierra-marine-de","7":"product_brand-sierra-marine","8":"product_cat-marine-ersatzteile-fuer-volvo-penta","10":"first","11":"instock","12":"shipping-taxable","13":"purchasable","14":"product-type-simple"},"_links":{"self":[{"href":"https:\/\/stoic-curie.212-227-153-4.plesk.page\/de\/wp-json\/wp\/v2\/product\/733737","targetHints":{"allow":["GET"]}}],"collection":[{"href":"https:\/\/stoic-curie.212-227-153-4.plesk.page\/de\/wp-json\/wp\/v2\/product"}],"about":[{"href":"https:\/\/stoic-curie.212-227-153-4.plesk.page\/de\/wp-json\/wp\/v2\/types\/product"}],"replies":[{"embeddable":true,"href":"https:\/\/stoic-curie.212-227-153-4.plesk.page\/de\/wp-json\/wp\/v2\/comments?post=733737"}],"version-history":[{"count":0,"href":"https:\/\/stoic-curie.212-227-153-4.plesk.page\/de\/wp-json\/wp\/v2\/product\/733737\/revisions"}],"wp:featuredmedia":[{"embeddable":true,"href":"https:\/\/stoic-curie.212-227-153-4.plesk.page\/de\/wp-json\/wp\/v2\/media\/5938898"}],"wp:attachment":[{"href":"https:\/\/stoic-curie.212-227-153-4.plesk.page\/de\/wp-json\/wp\/v2\/media?parent=733737"}],"wp:term":[{"taxonomy":"product_brand","embeddable":true,"href":"https:\/\/stoic-curie.212-227-153-4.plesk.page\/de\/wp-json\/wp\/v2\/product_brand?post=733737"},{"taxonomy":"product_cat","embeddable":true,"href":"https:\/\/stoic-curie.212-227-153-4.plesk.page\/de\/wp-json\/wp\/v2\/product_cat?post=733737"},{"taxonomy":"product_tag","embeddable":true,"href":"https:\/\/stoic-curie.212-227-153-4.plesk.page\/de\/wp-json\/wp\/v2\/product_tag?post=733737"}],"curies":[{"name":"wp","href":"https:\/\/api.w.org\/{rel}","templated":true}]}}