{"id":733762,"date":"2025-03-03T16:20:14","date_gmt":"2025-03-03T15:20:14","guid":{"rendered":"https:\/\/stoic-curie.212-227-153-4.plesk.page\/producto\/belueftungskit-fuer-tragbare-kuehlschraenke\/"},"modified":"2026-02-24T23:34:48","modified_gmt":"2026-02-24T23:34:48","slug":"belueftungskit-fuer-tragbare-kuehlschraenke","status":"publish","type":"product","link":"https:\/\/stoic-curie.212-227-153-4.plesk.page\/de\/product\/belueftungskit-fuer-tragbare-kuehlschraenke\/","title":{"rendered":"Bel\u00fcftungskit f\u00fcr tragbare K\u00fchlschr\u00e4nke"},"content":{"rendered":"<p>Bel\u00fcftungskit f\u00fcr tragbare K\u00fchlschr\u00e4nke &#8211; <\/p>\n<p>Johnson tragbares Bel\u00fcftungssystem f\u00fcr lebende K\u00f6der. Komplett mit allen Montagesatz-Zubeh\u00f6r.<\/p>\n","protected":false},"excerpt":{"rendered":"<p>Bel\u00fcftungskit f\u00fcr tragbare K\u00fchlschr\u00e4nke &#8211; Johnson tragbares Bel\u00fcftungssystem f\u00fcr lebende K\u00f6der. Komplett mit allen Montagesatz-Zubeh\u00f6r.<\/p>\n","protected":false},"featured_media":5938994,"comment_status":"open","ping_status":"closed","template":"","meta":[],"product_brand":[3045],"product_cat":[1556,1366,1359],"product_tag":[],"class_list":{"0":"post-733762","1":"product","2":"type-product","3":"status-publish","4":"has-post-thumbnail","6":"product_brand-johnson-marine-de","7":"product_cat-angelzubehoer","8":"product_cat-bootsbeluefterpumpen","9":"product_cat-kuehlbox-kuehlgeraete","11":"first","12":"instock","13":"shipping-taxable","14":"purchasable","15":"product-type-simple"},"_links":{"self":[{"href":"https:\/\/stoic-curie.212-227-153-4.plesk.page\/de\/wp-json\/wp\/v2\/product\/733762","targetHints":{"allow":["GET"]}}],"collection":[{"href":"https:\/\/stoic-curie.212-227-153-4.plesk.page\/de\/wp-json\/wp\/v2\/product"}],"about":[{"href":"https:\/\/stoic-curie.212-227-153-4.plesk.page\/de\/wp-json\/wp\/v2\/types\/product"}],"replies":[{"embeddable":true,"href":"https:\/\/stoic-curie.212-227-153-4.plesk.page\/de\/wp-json\/wp\/v2\/comments?post=733762"}],"version-history":[{"count":0,"href":"https:\/\/stoic-curie.212-227-153-4.plesk.page\/de\/wp-json\/wp\/v2\/product\/733762\/revisions"}],"wp:featuredmedia":[{"embeddable":true,"href":"https:\/\/stoic-curie.212-227-153-4.plesk.page\/de\/wp-json\/wp\/v2\/media\/5938994"}],"wp:attachment":[{"href":"https:\/\/stoic-curie.212-227-153-4.plesk.page\/de\/wp-json\/wp\/v2\/media?parent=733762"}],"wp:term":[{"taxonomy":"product_brand","embeddable":true,"href":"https:\/\/stoic-curie.212-227-153-4.plesk.page\/de\/wp-json\/wp\/v2\/product_brand?post=733762"},{"taxonomy":"product_cat","embeddable":true,"href":"https:\/\/stoic-curie.212-227-153-4.plesk.page\/de\/wp-json\/wp\/v2\/product_cat?post=733762"},{"taxonomy":"product_tag","embeddable":true,"href":"https:\/\/stoic-curie.212-227-153-4.plesk.page\/de\/wp-json\/wp\/v2\/product_tag?post=733762"}],"curies":[{"name":"wp","href":"https:\/\/api.w.org\/{rel}","templated":true}]}}