{"id":733771,"date":"2025-03-03T16:20:15","date_gmt":"2025-03-03T15:20:15","guid":{"rendered":"https:\/\/stoic-curie.212-227-153-4.plesk.page\/producto\/selbstansaugende-pumpe-ocean-12v-32-l-minute\/"},"modified":"2026-02-24T23:34:48","modified_gmt":"2026-02-24T23:34:48","slug":"selbstansaugende-pumpe-ocean-12v-32-l-minute","status":"publish","type":"product","link":"https:\/\/stoic-curie.212-227-153-4.plesk.page\/de\/product\/selbstansaugende-pumpe-ocean-12v-32-l-minute\/","title":{"rendered":"Selbstansaugende Pumpe Ocean 12V 32 l\/Minute"},"content":{"rendered":"<p>Selbstansaugende Pumpe Ocean 12V 32 l\/Minute &#8211; <\/p>\n<p>Selbstansaugende Pumpe mit Ocean Nitril-Rad und Messingpumpenkopf. F\u00fcr S\u00fc\u00dfwasser-, Salzwasser- und Bilgenpumpen.<\/p>\n","protected":false},"excerpt":{"rendered":"<p>Selbstansaugende Pumpe Ocean 12V 32 l\/Minute &#8211; Selbstansaugende Pumpe mit Ocean Nitril-Rad und Messingpumpenkopf. F\u00fcr S\u00fc\u00dfwasser-, Salzwasser- und Bilgenpumpen.<\/p>\n","protected":false},"featured_media":5939006,"comment_status":"open","ping_status":"closed","template":"","meta":[],"product_brand":[3140],"product_cat":[1372,1384],"product_tag":[],"class_list":{"0":"post-733771","1":"product","2":"type-product","3":"status-publish","4":"has-post-thumbnail","6":"product_brand-matromarine-de","7":"product_cat-elektrische-bilgepumpen","8":"product_cat-wasserkreislaufpumpen","10":"first","11":"instock","12":"shipping-taxable","13":"purchasable","14":"product-type-simple"},"_links":{"self":[{"href":"https:\/\/stoic-curie.212-227-153-4.plesk.page\/de\/wp-json\/wp\/v2\/product\/733771","targetHints":{"allow":["GET"]}}],"collection":[{"href":"https:\/\/stoic-curie.212-227-153-4.plesk.page\/de\/wp-json\/wp\/v2\/product"}],"about":[{"href":"https:\/\/stoic-curie.212-227-153-4.plesk.page\/de\/wp-json\/wp\/v2\/types\/product"}],"replies":[{"embeddable":true,"href":"https:\/\/stoic-curie.212-227-153-4.plesk.page\/de\/wp-json\/wp\/v2\/comments?post=733771"}],"version-history":[{"count":0,"href":"https:\/\/stoic-curie.212-227-153-4.plesk.page\/de\/wp-json\/wp\/v2\/product\/733771\/revisions"}],"wp:featuredmedia":[{"embeddable":true,"href":"https:\/\/stoic-curie.212-227-153-4.plesk.page\/de\/wp-json\/wp\/v2\/media\/5939006"}],"wp:attachment":[{"href":"https:\/\/stoic-curie.212-227-153-4.plesk.page\/de\/wp-json\/wp\/v2\/media?parent=733771"}],"wp:term":[{"taxonomy":"product_brand","embeddable":true,"href":"https:\/\/stoic-curie.212-227-153-4.plesk.page\/de\/wp-json\/wp\/v2\/product_brand?post=733771"},{"taxonomy":"product_cat","embeddable":true,"href":"https:\/\/stoic-curie.212-227-153-4.plesk.page\/de\/wp-json\/wp\/v2\/product_cat?post=733771"},{"taxonomy":"product_tag","embeddable":true,"href":"https:\/\/stoic-curie.212-227-153-4.plesk.page\/de\/wp-json\/wp\/v2\/product_tag?post=733771"}],"curies":[{"name":"wp","href":"https:\/\/api.w.org\/{rel}","templated":true}]}}