{"id":733780,"date":"2025-03-03T16:20:17","date_gmt":"2025-03-03T15:20:17","guid":{"rendered":"https:\/\/stoic-curie.212-227-153-4.plesk.page\/producto\/kit-reparatur-fuer-johnson-pumpe-f38b-19\/"},"modified":"2026-02-24T23:34:48","modified_gmt":"2026-02-24T23:34:48","slug":"kit-reparatur-fuer-johnson-pumpe-f38b-19","status":"publish","type":"product","link":"https:\/\/stoic-curie.212-227-153-4.plesk.page\/de\/product\/kit-reparatur-fuer-johnson-pumpe-f38b-19\/","title":{"rendered":"Kit Reparatur f\u00fcr Johnson Pumpe F38B-19"},"content":{"rendered":"<p>Kit Reparatur f\u00fcr Johnson Pumpe F38B-19 &#8211; <\/p>\n<p>Johnson Nitril-Impeller und Messingkopf-Multifunktionsschnellstartpumpen. Ideal f\u00fcr S\u00fc\u00dfwasser, Salzwasser, \u00d6l oder Diesel sowie zum Abpumpen von Bilgen.<\/p>\n","protected":false},"excerpt":{"rendered":"<p>Kit Reparatur f\u00fcr Johnson Pumpe F38B-19 &#8211; Johnson Nitril-Impeller und Messingkopf-Multifunktionsschnellstartpumpen. Ideal f\u00fcr S\u00fc\u00dfwasser, Salzwasser, \u00d6l oder Diesel sowie zum<\/p>\n","protected":false},"featured_media":5939021,"comment_status":"open","ping_status":"closed","template":"","meta":[],"product_brand":[3045],"product_cat":[1522],"product_tag":[],"class_list":{"0":"post-733780","1":"product","2":"type-product","3":"status-publish","4":"has-post-thumbnail","6":"product_brand-johnson-marine-de","7":"product_cat-motorkuehlpumpen","9":"first","10":"instock","11":"shipping-taxable","12":"purchasable","13":"product-type-simple"},"_links":{"self":[{"href":"https:\/\/stoic-curie.212-227-153-4.plesk.page\/de\/wp-json\/wp\/v2\/product\/733780","targetHints":{"allow":["GET"]}}],"collection":[{"href":"https:\/\/stoic-curie.212-227-153-4.plesk.page\/de\/wp-json\/wp\/v2\/product"}],"about":[{"href":"https:\/\/stoic-curie.212-227-153-4.plesk.page\/de\/wp-json\/wp\/v2\/types\/product"}],"replies":[{"embeddable":true,"href":"https:\/\/stoic-curie.212-227-153-4.plesk.page\/de\/wp-json\/wp\/v2\/comments?post=733780"}],"version-history":[{"count":0,"href":"https:\/\/stoic-curie.212-227-153-4.plesk.page\/de\/wp-json\/wp\/v2\/product\/733780\/revisions"}],"wp:featuredmedia":[{"embeddable":true,"href":"https:\/\/stoic-curie.212-227-153-4.plesk.page\/de\/wp-json\/wp\/v2\/media\/5939021"}],"wp:attachment":[{"href":"https:\/\/stoic-curie.212-227-153-4.plesk.page\/de\/wp-json\/wp\/v2\/media?parent=733780"}],"wp:term":[{"taxonomy":"product_brand","embeddable":true,"href":"https:\/\/stoic-curie.212-227-153-4.plesk.page\/de\/wp-json\/wp\/v2\/product_brand?post=733780"},{"taxonomy":"product_cat","embeddable":true,"href":"https:\/\/stoic-curie.212-227-153-4.plesk.page\/de\/wp-json\/wp\/v2\/product_cat?post=733780"},{"taxonomy":"product_tag","embeddable":true,"href":"https:\/\/stoic-curie.212-227-153-4.plesk.page\/de\/wp-json\/wp\/v2\/product_tag?post=733780"}],"curies":[{"name":"wp","href":"https:\/\/api.w.org\/{rel}","templated":true}]}}