{"id":733785,"date":"2025-03-03T16:20:18","date_gmt":"2025-03-03T15:20:18","guid":{"rendered":"https:\/\/stoic-curie.212-227-153-4.plesk.page\/producto\/viking-power-pump-16-24-v\/"},"modified":"2026-02-24T23:34:48","modified_gmt":"2026-02-24T23:34:48","slug":"viking-power-pump-16-24-v","status":"publish","type":"product","link":"https:\/\/stoic-curie.212-227-153-4.plesk.page\/de\/product\/viking-power-pump-16-24-v\/","title":{"rendered":"Viking Power Pump 16, 24 V"},"content":{"rendered":"<p>Viking Power Pump 16, 24 V &#8211; <\/p>\n<p>Die selbstansaugende Membranpumpe SPX Johnson Viking 16 l\u00e4sst sich \u00fcberall leicht installieren und kann in verschiedenen Pump-\/Motor-Konfigurationen eingerichtet werden. Sie wird verwendet, um in das Abwassersystem abzuleiten oder als Bilgenpumpe, um selbst sehr verschmutzte Bilgen zu entleeren.<\/p>\n<p>\u2022 Entwickelt zum Entleeren von Abwasser und Bilgen<br \/>\u2022 Einfach zu installieren, auch in engen R\u00e4umen<br \/>\u2022 Ruhiger Betrieb<br \/>\u2022 Einfache und kosteng\u00fcnstige Wartung<br \/>\u2022 Hochsto\u00dffestes, glasfaserverst\u00e4rktes Nylongeh\u00e4use<br \/>\u2022 Kugellagerunterst\u00fctzte \u00dcbertragung<br \/>\u2022 Nicht verstopfende Ventile &#8211; keine Filter erforderlich<br \/>\u2022 Selbstansaugend bis zu 3 m (9,8 ft)<br \/>\u2022 Kann im Trockenbetrieb betrieben werden und kann Luft-\/Wassergemische pumpen<br \/>\u2022 Robuste (einfache) Membran<br \/>\u2022 Standard KlickTite\u2122 XL Steckverbinder<br \/>\u2022 Geringer Stromverbrauch<\/p>\n","protected":false},"excerpt":{"rendered":"<p>Viking Power Pump 16, 24 V &#8211; Die selbstansaugende Membranpumpe SPX Johnson Viking 16 l\u00e4sst sich \u00fcberall leicht installieren und<\/p>\n","protected":false},"featured_media":5939028,"comment_status":"open","ping_status":"closed","template":"","meta":[],"product_brand":[3045],"product_cat":[1385,1362,1369],"product_tag":[],"class_list":{"0":"post-733785","1":"product","2":"type-product","3":"status-publish","4":"has-post-thumbnail","6":"product_brand-johnson-marine-de","7":"product_cat-abwasserpumpen","8":"product_cat-abwassertanks","9":"product_cat-grauwassersysteme","11":"first","12":"instock","13":"shipping-taxable","14":"purchasable","15":"product-type-simple"},"_links":{"self":[{"href":"https:\/\/stoic-curie.212-227-153-4.plesk.page\/de\/wp-json\/wp\/v2\/product\/733785","targetHints":{"allow":["GET"]}}],"collection":[{"href":"https:\/\/stoic-curie.212-227-153-4.plesk.page\/de\/wp-json\/wp\/v2\/product"}],"about":[{"href":"https:\/\/stoic-curie.212-227-153-4.plesk.page\/de\/wp-json\/wp\/v2\/types\/product"}],"replies":[{"embeddable":true,"href":"https:\/\/stoic-curie.212-227-153-4.plesk.page\/de\/wp-json\/wp\/v2\/comments?post=733785"}],"version-history":[{"count":0,"href":"https:\/\/stoic-curie.212-227-153-4.plesk.page\/de\/wp-json\/wp\/v2\/product\/733785\/revisions"}],"wp:featuredmedia":[{"embeddable":true,"href":"https:\/\/stoic-curie.212-227-153-4.plesk.page\/de\/wp-json\/wp\/v2\/media\/5939028"}],"wp:attachment":[{"href":"https:\/\/stoic-curie.212-227-153-4.plesk.page\/de\/wp-json\/wp\/v2\/media?parent=733785"}],"wp:term":[{"taxonomy":"product_brand","embeddable":true,"href":"https:\/\/stoic-curie.212-227-153-4.plesk.page\/de\/wp-json\/wp\/v2\/product_brand?post=733785"},{"taxonomy":"product_cat","embeddable":true,"href":"https:\/\/stoic-curie.212-227-153-4.plesk.page\/de\/wp-json\/wp\/v2\/product_cat?post=733785"},{"taxonomy":"product_tag","embeddable":true,"href":"https:\/\/stoic-curie.212-227-153-4.plesk.page\/de\/wp-json\/wp\/v2\/product_tag?post=733785"}],"curies":[{"name":"wp","href":"https:\/\/api.w.org\/{rel}","templated":true}]}}