{"id":733786,"date":"2025-03-03T16:20:19","date_gmt":"2025-03-03T15:20:19","guid":{"rendered":"https:\/\/stoic-curie.212-227-153-4.plesk.page\/producto\/johnson-viking-32-membranpumpe-12v\/"},"modified":"2026-02-24T23:34:48","modified_gmt":"2026-02-24T23:34:48","slug":"johnson-viking-32-membranpumpe-12v","status":"publish","type":"product","link":"https:\/\/stoic-curie.212-227-153-4.plesk.page\/de\/product\/johnson-viking-32-membranpumpe-12v\/","title":{"rendered":"Johnson Viking 32 Membranpumpe 12V"},"content":{"rendered":"<p>Johnson Viking 32 Membranpumpe 12V &#8211; <\/p>\n<p>SPX Johnson Viking 32 schwere selbstansaugende Membranpumpe. Einfach \u00fcberall zu installieren, dank des 360\u00b0 drehbaren Pumpenkopfs kann sie in mehreren verschiedenen Pump-\/Motor-Konfigurationen eingerichtet werden. Sie wird als Bilgenpumpe verwendet, um selbst sehr schmutzige Bilgen zu entleeren. Dank des Designs mit nur einer Kammer und der Ventile ohne Verstopfung kann die Viking Power 32 unzerkleinertes Abwasser in einen Beh\u00e4lter pumpen oder zur Weiterleitung in einen Septiktank \u00fcberf\u00fchren.<br \/> \u2022 Maximaler Durchfluss 32 Lt\/min<br \/> \u2022 Entwickelt zum Entleeren von Abwasser und Bilgen<br \/> \u2022 Einfach zu installieren, selbst in engen R\u00e4umen<br \/> \u2022 Leiser Betrieb<br \/> \u2022 Einfache und kosteng\u00fcnstige Wartung<br \/> \u2022 Geh\u00e4use aus hochbelastbarem, glasfaserverst\u00e4rktem Nylon<br \/> \u2022 Kugellagerunterst\u00fctzte \u00dcbertragung<br \/> \u2022 Ventile ohne Verstopfung \u2013 keine Filter erforderlich<br \/> \u2022 Selbstansaugend bis 2,0 m (8,2 ft)<br \/> \u2022 Kann im Trockeneinsatz laufen und ein Luft-\/Wasser-Gemisch pumpen<br \/> \u2022 Robuste (einzelne) Membran<\/p>\n","protected":false},"excerpt":{"rendered":"<p>Johnson Viking 32 Membranpumpe 12V &#8211; SPX Johnson Viking 32 schwere selbstansaugende Membranpumpe. Einfach \u00fcberall zu installieren, dank des 360\u00b0<\/p>\n","protected":false},"featured_media":5939031,"comment_status":"open","ping_status":"closed","template":"","meta":[],"product_brand":[3045],"product_cat":[1385,1362,1369],"product_tag":[],"class_list":{"0":"post-733786","1":"product","2":"type-product","3":"status-publish","4":"has-post-thumbnail","6":"product_brand-johnson-marine-de","7":"product_cat-abwasserpumpen","8":"product_cat-abwassertanks","9":"product_cat-grauwassersysteme","11":"first","12":"instock","13":"shipping-taxable","14":"purchasable","15":"product-type-simple"},"_links":{"self":[{"href":"https:\/\/stoic-curie.212-227-153-4.plesk.page\/de\/wp-json\/wp\/v2\/product\/733786","targetHints":{"allow":["GET"]}}],"collection":[{"href":"https:\/\/stoic-curie.212-227-153-4.plesk.page\/de\/wp-json\/wp\/v2\/product"}],"about":[{"href":"https:\/\/stoic-curie.212-227-153-4.plesk.page\/de\/wp-json\/wp\/v2\/types\/product"}],"replies":[{"embeddable":true,"href":"https:\/\/stoic-curie.212-227-153-4.plesk.page\/de\/wp-json\/wp\/v2\/comments?post=733786"}],"version-history":[{"count":0,"href":"https:\/\/stoic-curie.212-227-153-4.plesk.page\/de\/wp-json\/wp\/v2\/product\/733786\/revisions"}],"wp:featuredmedia":[{"embeddable":true,"href":"https:\/\/stoic-curie.212-227-153-4.plesk.page\/de\/wp-json\/wp\/v2\/media\/5939031"}],"wp:attachment":[{"href":"https:\/\/stoic-curie.212-227-153-4.plesk.page\/de\/wp-json\/wp\/v2\/media?parent=733786"}],"wp:term":[{"taxonomy":"product_brand","embeddable":true,"href":"https:\/\/stoic-curie.212-227-153-4.plesk.page\/de\/wp-json\/wp\/v2\/product_brand?post=733786"},{"taxonomy":"product_cat","embeddable":true,"href":"https:\/\/stoic-curie.212-227-153-4.plesk.page\/de\/wp-json\/wp\/v2\/product_cat?post=733786"},{"taxonomy":"product_tag","embeddable":true,"href":"https:\/\/stoic-curie.212-227-153-4.plesk.page\/de\/wp-json\/wp\/v2\/product_tag?post=733786"}],"curies":[{"name":"wp","href":"https:\/\/api.w.org\/{rel}","templated":true}]}}