{"id":733787,"date":"2025-03-03T16:20:19","date_gmt":"2025-03-03T15:20:19","guid":{"rendered":"https:\/\/stoic-curie.212-227-153-4.plesk.page\/producto\/johnson-viking-32-membranpumpe-24v\/"},"modified":"2026-02-24T23:34:48","modified_gmt":"2026-02-24T23:34:48","slug":"johnson-viking-32-membranpumpe-24v","status":"publish","type":"product","link":"https:\/\/stoic-curie.212-227-153-4.plesk.page\/de\/product\/johnson-viking-32-membranpumpe-24v\/","title":{"rendered":"Johnson Viking 32 Membranpumpe 24V"},"content":{"rendered":"<p>Johnson Viking 32 Membranpumpe 24V &#8211; <\/p>\n<p>Die SPX Johnson Viking 32 ist eine robuste, selbstansaugende Membranpumpe. Dank des 360\u00b0 drehbaren Pumpenkopfs l\u00e4sst sie sich \u00fcberall einfach installieren und in verschiedenen Pump-\/Motor-Konfigurationen einrichten. Sie wird als Bilgenpumpe eingesetzt, um selbst sehr schmutzige Bilgen zu entleeren. Dank ihres Ein-Chamber-Designs und der nicht verstopfbaren Ventile kann die Viking Power 32 unzerkleinerte Abw\u00e4sser zu einem F\u00e4kalientank pumpen oder weiter zu einer Kl\u00e4rgrube transferieren.<\/p>\n<p>&#149; Maximale F\u00f6rdermenge 32 L\/min &#149; Entwickelt zum Entleeren von Abwasser und Bilgen &#149; Einfach zu installieren, selbst in engen R\u00e4umen &#149; Leiser Betrieb &#149; Einfache und kosteng\u00fcnstige Wartung &#149; Hochfester glasfaserverst\u00e4rkter Nylonk\u00f6rper &#149; Lagergest\u00fctzte \u00dcbertragung &#149; Nicht verstopfungsanf\u00e4llige Ventile &#8211; keine Filter erforderlich &#149; Selbstansaugend bis 2,5 m (8,2 ft) &#149; Kann trocken laufen und ein Luft\/Wasser-Gemisch pumpen &#149; Robuste (einfache) Membran<\/p>\n","protected":false},"excerpt":{"rendered":"<p>Johnson Viking 32 Membranpumpe 24V &#8211; Die SPX Johnson Viking 32 ist eine robuste, selbstansaugende Membranpumpe. Dank des 360\u00b0 drehbaren<\/p>\n","protected":false},"featured_media":5939031,"comment_status":"open","ping_status":"closed","template":"","meta":[],"product_brand":[3045],"product_cat":[1385,1362,1369],"product_tag":[],"class_list":{"0":"post-733787","1":"product","2":"type-product","3":"status-publish","4":"has-post-thumbnail","6":"product_brand-johnson-marine-de","7":"product_cat-abwasserpumpen","8":"product_cat-abwassertanks","9":"product_cat-grauwassersysteme","11":"first","12":"instock","13":"shipping-taxable","14":"purchasable","15":"product-type-simple"},"_links":{"self":[{"href":"https:\/\/stoic-curie.212-227-153-4.plesk.page\/de\/wp-json\/wp\/v2\/product\/733787","targetHints":{"allow":["GET"]}}],"collection":[{"href":"https:\/\/stoic-curie.212-227-153-4.plesk.page\/de\/wp-json\/wp\/v2\/product"}],"about":[{"href":"https:\/\/stoic-curie.212-227-153-4.plesk.page\/de\/wp-json\/wp\/v2\/types\/product"}],"replies":[{"embeddable":true,"href":"https:\/\/stoic-curie.212-227-153-4.plesk.page\/de\/wp-json\/wp\/v2\/comments?post=733787"}],"version-history":[{"count":0,"href":"https:\/\/stoic-curie.212-227-153-4.plesk.page\/de\/wp-json\/wp\/v2\/product\/733787\/revisions"}],"wp:featuredmedia":[{"embeddable":true,"href":"https:\/\/stoic-curie.212-227-153-4.plesk.page\/de\/wp-json\/wp\/v2\/media\/5939031"}],"wp:attachment":[{"href":"https:\/\/stoic-curie.212-227-153-4.plesk.page\/de\/wp-json\/wp\/v2\/media?parent=733787"}],"wp:term":[{"taxonomy":"product_brand","embeddable":true,"href":"https:\/\/stoic-curie.212-227-153-4.plesk.page\/de\/wp-json\/wp\/v2\/product_brand?post=733787"},{"taxonomy":"product_cat","embeddable":true,"href":"https:\/\/stoic-curie.212-227-153-4.plesk.page\/de\/wp-json\/wp\/v2\/product_cat?post=733787"},{"taxonomy":"product_tag","embeddable":true,"href":"https:\/\/stoic-curie.212-227-153-4.plesk.page\/de\/wp-json\/wp\/v2\/product_tag?post=733787"}],"curies":[{"name":"wp","href":"https:\/\/api.w.org\/{rel}","templated":true}]}}