{"id":733788,"date":"2025-03-03T16:20:19","date_gmt":"2025-03-03T15:20:19","guid":{"rendered":"https:\/\/stoic-curie.212-227-153-4.plesk.page\/producto\/oelwechsel-pumpe-johnson-f3b-19-12v-maximal-21-liter-pro-minute\/"},"modified":"2026-02-24T23:34:48","modified_gmt":"2026-02-24T23:34:48","slug":"oelwechsel-pumpe-johnson-f3b-19-12v-maximal-21-liter-pro-minute","status":"publish","type":"product","link":"https:\/\/stoic-curie.212-227-153-4.plesk.page\/de\/product\/oelwechsel-pumpe-johnson-f3b-19-12v-maximal-21-liter-pro-minute\/","title":{"rendered":"\u00d6lwechsel-Pumpe Johnson F3B-19 12V (Maximal 21 Liter pro Minute)"},"content":{"rendered":"<p>\u00d6lwechsel-Pumpe Johnson F3B-19 12V (Maximal 21 Liter pro Minute) &#8211; <\/p>\n<p>Die Johnson F3B-19 Bronze-K\u00f6rperpumpe mit Nitril-Impeller. Ausgestattet mit einem wasserdichten Schalter mit den Funktionen: \u00d6labsaugung &#8211; Stopp &#8211; \u00d6linjektion.<\/p>\n","protected":false},"excerpt":{"rendered":"<p>\u00d6lwechsel-Pumpe Johnson F3B-19 12V (Maximal 21 Liter pro Minute) &#8211; Die Johnson F3B-19 Bronze-K\u00f6rperpumpe mit Nitril-Impeller. Ausgestattet mit einem wasserdichten<\/p>\n","protected":false},"featured_media":5939032,"comment_status":"open","ping_status":"closed","template":"","meta":[],"product_brand":[3045],"product_cat":[1500],"product_tag":[],"class_list":{"0":"post-733788","1":"product","2":"type-product","3":"status-publish","4":"has-post-thumbnail","6":"product_brand-johnson-marine-de","7":"product_cat-pumpen-fuer-oel-und-kraftstoff","9":"first","10":"instock","11":"shipping-taxable","12":"purchasable","13":"product-type-simple"},"_links":{"self":[{"href":"https:\/\/stoic-curie.212-227-153-4.plesk.page\/de\/wp-json\/wp\/v2\/product\/733788","targetHints":{"allow":["GET"]}}],"collection":[{"href":"https:\/\/stoic-curie.212-227-153-4.plesk.page\/de\/wp-json\/wp\/v2\/product"}],"about":[{"href":"https:\/\/stoic-curie.212-227-153-4.plesk.page\/de\/wp-json\/wp\/v2\/types\/product"}],"replies":[{"embeddable":true,"href":"https:\/\/stoic-curie.212-227-153-4.plesk.page\/de\/wp-json\/wp\/v2\/comments?post=733788"}],"version-history":[{"count":0,"href":"https:\/\/stoic-curie.212-227-153-4.plesk.page\/de\/wp-json\/wp\/v2\/product\/733788\/revisions"}],"wp:featuredmedia":[{"embeddable":true,"href":"https:\/\/stoic-curie.212-227-153-4.plesk.page\/de\/wp-json\/wp\/v2\/media\/5939032"}],"wp:attachment":[{"href":"https:\/\/stoic-curie.212-227-153-4.plesk.page\/de\/wp-json\/wp\/v2\/media?parent=733788"}],"wp:term":[{"taxonomy":"product_brand","embeddable":true,"href":"https:\/\/stoic-curie.212-227-153-4.plesk.page\/de\/wp-json\/wp\/v2\/product_brand?post=733788"},{"taxonomy":"product_cat","embeddable":true,"href":"https:\/\/stoic-curie.212-227-153-4.plesk.page\/de\/wp-json\/wp\/v2\/product_cat?post=733788"},{"taxonomy":"product_tag","embeddable":true,"href":"https:\/\/stoic-curie.212-227-153-4.plesk.page\/de\/wp-json\/wp\/v2\/product_tag?post=733788"}],"curies":[{"name":"wp","href":"https:\/\/api.w.org\/{rel}","templated":true}]}}