{"id":733792,"date":"2025-03-03T16:20:20","date_gmt":"2025-03-03T15:20:20","guid":{"rendered":"https:\/\/stoic-curie.212-227-153-4.plesk.page\/producto\/pumpe-fuer-oelwechsel-marco-up6-24v\/"},"modified":"2026-02-24T23:34:48","modified_gmt":"2026-02-24T23:34:48","slug":"pumpe-fuer-oelwechsel-marco-up6-24v","status":"publish","type":"product","link":"https:\/\/stoic-curie.212-227-153-4.plesk.page\/de\/product\/pumpe-fuer-oelwechsel-marco-up6-24v\/","title":{"rendered":"Pumpe f\u00fcr \u00d6lwechsel Marco UP6 24V"},"content":{"rendered":"<p>Pumpe f\u00fcr \u00d6lwechsel Marco UP6 24V &#8211; <\/p>\n<p>Bronzepumpe zur F\u00f6rderung und Entleerung von \u00d6l aus der Motor\u00f6lwanne. 1826214 mit 2 St\u00fcck 3\/8&#8243; x 13 mm Rohr-zu-Schlauch + Anschl\u00fcssen f\u00fcr 6 und 8 mm Schl\u00e4uche. 1826228\/29 mit 2 St\u00fcck 1\/2&#8243; x 14 mm Rohr-zu-Schlauch + Anschl\u00fcssen f\u00fcr 6 und 8 mm Schl\u00e4uche.<\/p>\n","protected":false},"excerpt":{"rendered":"<p>Pumpe f\u00fcr \u00d6lwechsel Marco UP6 24V &#8211; Bronzepumpe zur F\u00f6rderung und Entleerung von \u00d6l aus der Motor\u00f6lwanne. 1826214 mit 2<\/p>\n","protected":false},"featured_media":5939033,"comment_status":"open","ping_status":"closed","template":"","meta":[],"product_brand":[3095],"product_cat":[1500],"product_tag":[],"class_list":{"0":"post-733792","1":"product","2":"type-product","3":"status-publish","4":"has-post-thumbnail","6":"product_brand-marco-de","7":"product_cat-pumpen-fuer-oel-und-kraftstoff","9":"first","10":"instock","11":"shipping-taxable","12":"purchasable","13":"product-type-simple"},"_links":{"self":[{"href":"https:\/\/stoic-curie.212-227-153-4.plesk.page\/de\/wp-json\/wp\/v2\/product\/733792","targetHints":{"allow":["GET"]}}],"collection":[{"href":"https:\/\/stoic-curie.212-227-153-4.plesk.page\/de\/wp-json\/wp\/v2\/product"}],"about":[{"href":"https:\/\/stoic-curie.212-227-153-4.plesk.page\/de\/wp-json\/wp\/v2\/types\/product"}],"replies":[{"embeddable":true,"href":"https:\/\/stoic-curie.212-227-153-4.plesk.page\/de\/wp-json\/wp\/v2\/comments?post=733792"}],"version-history":[{"count":0,"href":"https:\/\/stoic-curie.212-227-153-4.plesk.page\/de\/wp-json\/wp\/v2\/product\/733792\/revisions"}],"wp:featuredmedia":[{"embeddable":true,"href":"https:\/\/stoic-curie.212-227-153-4.plesk.page\/de\/wp-json\/wp\/v2\/media\/5939033"}],"wp:attachment":[{"href":"https:\/\/stoic-curie.212-227-153-4.plesk.page\/de\/wp-json\/wp\/v2\/media?parent=733792"}],"wp:term":[{"taxonomy":"product_brand","embeddable":true,"href":"https:\/\/stoic-curie.212-227-153-4.plesk.page\/de\/wp-json\/wp\/v2\/product_brand?post=733792"},{"taxonomy":"product_cat","embeddable":true,"href":"https:\/\/stoic-curie.212-227-153-4.plesk.page\/de\/wp-json\/wp\/v2\/product_cat?post=733792"},{"taxonomy":"product_tag","embeddable":true,"href":"https:\/\/stoic-curie.212-227-153-4.plesk.page\/de\/wp-json\/wp\/v2\/product_tag?post=733792"}],"curies":[{"name":"wp","href":"https:\/\/api.w.org\/{rel}","templated":true}]}}