{"id":733793,"date":"2025-03-03T16:20:20","date_gmt":"2025-03-03T15:20:20","guid":{"rendered":"https:\/\/stoic-curie.212-227-153-4.plesk.page\/producto\/meerwasserpumpe-cem-cmg-52-l-minute-12v\/"},"modified":"2026-02-24T23:34:48","modified_gmt":"2026-02-24T23:34:48","slug":"meerwasserpumpe-cem-cmg-52-l-minute-12v","status":"publish","type":"product","link":"https:\/\/stoic-curie.212-227-153-4.plesk.page\/de\/product\/meerwasserpumpe-cem-cmg-52-l-minute-12v\/","title":{"rendered":"Meerwasserpumpe CEM CMG 52 l \/ Minute 12V"},"content":{"rendered":"<p>Meerwasserpumpe CEM CMG 52 l \/ Minute 12V &#8211; <\/p>\n<p style=\"color: rgb(34, 34, 34); font-family: Arial, Helvetica, sans-serif; font-size: small;\">Wir pr\u00e4sentieren unsere selbstansaugende Fl\u00fcssigkeitsringpumpe mit Bronze-Kopf und -Laufrad, ausgestattet mit einem Permanentmagnetmotor f\u00fcr hohe Kapazit\u00e4tsleistung. Diese Pumpe ist ideal f\u00fcr verschiedene Anwendungen, darunter das Pumpen von Meerwasser, das Reinigen von Bilgen und das F\u00f6rdern von Diesel. Unsere selbstansaugenden Zentrifugalpumpen verf\u00fcgen \u00fcber einen Bronze-Kopf und ein -Laufrad, die einen effizienten Fl\u00fcssigkeitstransfer sogar mit kleinen festen Partikeln im Medium erm\u00f6glichen.<\/p>\n<p style=\"color: rgb(34, 34, 34); font-family: Arial, Helvetica, sans-serif; font-size: small;\">Diese Pumpen werden in der maritimen Industrie h\u00e4ufig f\u00fcr Aufgaben wie das Entleeren von Bilgen, den Betrieb von Feuerwehrger\u00e4ten, das Ballastmanagement, die Reinigung von Decks und Ketten sowie die Unterst\u00fctzung von Klimaanlagen eingesetzt. Ihr einzigartiges Laufraddesign erm\u00f6glicht es ihnen, bedeutende Durchfl\u00fcsse und Dr\u00fccke zu bew\u00e4ltigen und gleichzeitig selbstansaugende Eigenschaften zu behalten. Dar\u00fcber hinaus fungieren sie als ausgezeichnete Notpumpen, insbesondere in dieselbetriebenen Anwendungen.<\/p>\n<p style=\"color: rgb(34, 34, 34); font-family: Arial, Helvetica, sans-serif; font-size: small;\">Die 1970 gegr\u00fcndete C.E.M. Elettromeccanica S.r.l. hat sich als f\u00fchrender Hersteller von elektrischen Pumpen und Gleichstrommotoren, haupts\u00e4chlich f\u00fcr den maritimen Sektor, etabliert. In den letzten 48 Jahren haben wir unser Produktangebot kontinuierlich erweitert, um den Bed\u00fcrfnissen der nationalen und internationalen M\u00e4rkte gerecht zu werden. Unser Engagement f\u00fcr Qualit\u00e4t und Innovation hat es uns erm\u00f6glicht, zu wachsen und uns anzupassen, um die besten L\u00f6sungen f\u00fcr unsere Kunden bereitzustellen.<\/p>\n","protected":false},"excerpt":{"rendered":"<p>Meerwasserpumpe CEM CMG 52 l \/ Minute 12V &#8211; Wir pr\u00e4sentieren unsere selbstansaugende Fl\u00fcssigkeitsringpumpe mit Bronze-Kopf und -Laufrad, ausgestattet mit<\/p>\n","protected":false},"featured_media":5939035,"comment_status":"open","ping_status":"closed","template":"","meta":[],"product_brand":[2975],"product_cat":[1372,1500,1384],"product_tag":[],"class_list":{"0":"post-733793","1":"product","2":"type-product","3":"status-publish","4":"has-post-thumbnail","6":"product_brand-gianneschi-de","7":"product_cat-elektrische-bilgepumpen","8":"product_cat-pumpen-fuer-oel-und-kraftstoff","9":"product_cat-wasserkreislaufpumpen","11":"first","12":"outofstock","13":"shipping-taxable","14":"purchasable","15":"product-type-simple"},"_links":{"self":[{"href":"https:\/\/stoic-curie.212-227-153-4.plesk.page\/de\/wp-json\/wp\/v2\/product\/733793","targetHints":{"allow":["GET"]}}],"collection":[{"href":"https:\/\/stoic-curie.212-227-153-4.plesk.page\/de\/wp-json\/wp\/v2\/product"}],"about":[{"href":"https:\/\/stoic-curie.212-227-153-4.plesk.page\/de\/wp-json\/wp\/v2\/types\/product"}],"replies":[{"embeddable":true,"href":"https:\/\/stoic-curie.212-227-153-4.plesk.page\/de\/wp-json\/wp\/v2\/comments?post=733793"}],"version-history":[{"count":0,"href":"https:\/\/stoic-curie.212-227-153-4.plesk.page\/de\/wp-json\/wp\/v2\/product\/733793\/revisions"}],"wp:featuredmedia":[{"embeddable":true,"href":"https:\/\/stoic-curie.212-227-153-4.plesk.page\/de\/wp-json\/wp\/v2\/media\/5939035"}],"wp:attachment":[{"href":"https:\/\/stoic-curie.212-227-153-4.plesk.page\/de\/wp-json\/wp\/v2\/media?parent=733793"}],"wp:term":[{"taxonomy":"product_brand","embeddable":true,"href":"https:\/\/stoic-curie.212-227-153-4.plesk.page\/de\/wp-json\/wp\/v2\/product_brand?post=733793"},{"taxonomy":"product_cat","embeddable":true,"href":"https:\/\/stoic-curie.212-227-153-4.plesk.page\/de\/wp-json\/wp\/v2\/product_cat?post=733793"},{"taxonomy":"product_tag","embeddable":true,"href":"https:\/\/stoic-curie.212-227-153-4.plesk.page\/de\/wp-json\/wp\/v2\/product_tag?post=733793"}],"curies":[{"name":"wp","href":"https:\/\/api.w.org\/{rel}","templated":true}]}}