{"id":733795,"date":"2025-03-03T16:20:20","date_gmt":"2025-03-03T15:20:20","guid":{"rendered":"https:\/\/stoic-curie.212-227-153-4.plesk.page\/producto\/zentrifugalpumpe-cmg-75-24v\/"},"modified":"2026-02-24T23:34:48","modified_gmt":"2026-02-24T23:34:48","slug":"zentrifugalpumpe-cmg-75-24v","status":"publish","type":"product","link":"https:\/\/stoic-curie.212-227-153-4.plesk.page\/de\/product\/zentrifugalpumpe-cmg-75-24v\/","title":{"rendered":"Zentrifugalpumpe CEM CMG 75 24V"},"content":{"rendered":"<p>Zentrifugalpumpe CEM CMG 75 24V &#8211; <\/p>\n<p>Pr\u00e4sentation der Zentrifugalpumpe CEM CMG 75 24V, einer hocheffizienten selbstansaugenden Fl\u00fcssigkeitsringpumpe, die f\u00fcr verschiedene maritime Anwendungen entwickelt wurde. Diese au\u00dfergew\u00f6hnliche Pumpe ist mit einem langlebigen Bronzekopf und einem Laufrad ausgestattet, was Langlebigkeit und Zuverl\u00e4ssigkeit gew\u00e4hrleistet. Dar\u00fcber hinaus verf\u00fcgt sie \u00fcber einen leistungsstarken Permanentmagnetmotor, der ihre Leistung steigert. Die CEM CMG 75 ist perfekt zum Pumpen von Meerwasser, zur effektiven Reinigung von Bilgen oder zur \u00dcbertragung von Dieselkraftstoff und macht sie zu einem wesentlichen Werkzeug f\u00fcr jeden Bootsliebhaber oder Profi.<\/p>\n","protected":false},"excerpt":{"rendered":"<p>Zentrifugalpumpe CEM CMG 75 24V &#8211; Pr\u00e4sentation der Zentrifugalpumpe CEM CMG 75 24V, einer hocheffizienten selbstansaugenden Fl\u00fcssigkeitsringpumpe, die f\u00fcr verschiedene<\/p>\n","protected":false},"featured_media":5939035,"comment_status":"open","ping_status":"closed","template":"","meta":[],"product_brand":[2975],"product_cat":[1384],"product_tag":[],"class_list":{"0":"post-733795","1":"product","2":"type-product","3":"status-publish","4":"has-post-thumbnail","6":"product_brand-gianneschi-de","7":"product_cat-wasserkreislaufpumpen","9":"first","10":"instock","11":"shipping-taxable","12":"purchasable","13":"product-type-simple"},"_links":{"self":[{"href":"https:\/\/stoic-curie.212-227-153-4.plesk.page\/de\/wp-json\/wp\/v2\/product\/733795","targetHints":{"allow":["GET"]}}],"collection":[{"href":"https:\/\/stoic-curie.212-227-153-4.plesk.page\/de\/wp-json\/wp\/v2\/product"}],"about":[{"href":"https:\/\/stoic-curie.212-227-153-4.plesk.page\/de\/wp-json\/wp\/v2\/types\/product"}],"replies":[{"embeddable":true,"href":"https:\/\/stoic-curie.212-227-153-4.plesk.page\/de\/wp-json\/wp\/v2\/comments?post=733795"}],"version-history":[{"count":0,"href":"https:\/\/stoic-curie.212-227-153-4.plesk.page\/de\/wp-json\/wp\/v2\/product\/733795\/revisions"}],"wp:featuredmedia":[{"embeddable":true,"href":"https:\/\/stoic-curie.212-227-153-4.plesk.page\/de\/wp-json\/wp\/v2\/media\/5939035"}],"wp:attachment":[{"href":"https:\/\/stoic-curie.212-227-153-4.plesk.page\/de\/wp-json\/wp\/v2\/media?parent=733795"}],"wp:term":[{"taxonomy":"product_brand","embeddable":true,"href":"https:\/\/stoic-curie.212-227-153-4.plesk.page\/de\/wp-json\/wp\/v2\/product_brand?post=733795"},{"taxonomy":"product_cat","embeddable":true,"href":"https:\/\/stoic-curie.212-227-153-4.plesk.page\/de\/wp-json\/wp\/v2\/product_cat?post=733795"},{"taxonomy":"product_tag","embeddable":true,"href":"https:\/\/stoic-curie.212-227-153-4.plesk.page\/de\/wp-json\/wp\/v2\/product_tag?post=733795"}],"curies":[{"name":"wp","href":"https:\/\/api.w.org\/{rel}","templated":true}]}}