{"id":733796,"date":"2025-03-03T16:20:20","date_gmt":"2025-03-03T15:20:20","guid":{"rendered":"https:\/\/stoic-curie.212-227-153-4.plesk.page\/producto\/wasserversorgungssystem-cem-zentrifugalpumpe-35-l-min-24v\/"},"modified":"2026-02-24T23:34:48","modified_gmt":"2026-02-24T23:34:48","slug":"wasserversorgungssystem-cem-zentrifugalpumpe-35-l-min-24v","status":"publish","type":"product","link":"https:\/\/stoic-curie.212-227-153-4.plesk.page\/de\/product\/wasserversorgungssystem-cem-zentrifugalpumpe-35-l-min-24v\/","title":{"rendered":"Zentrifugalpumpe CEM CMG PB 36 24V"},"content":{"rendered":"<p>Zentrifugalpumpe CEM CMG PB 36 24V &#8211; <\/p>\n<p>Die Zentrifugalpumpe CEM CMG PB 36 24V ist mit einem hochwertigen Bronze-Impeller ausgestattet, der \u00fcber ein einzigartiges peripheres Design verf\u00fcgt, das erheblichen Druck erzeugt. Dieses beeindruckende Merkmal macht die Pumpe zur idealen Wahl f\u00fcr die effektive Reinigung verschiedener Oberfl\u00e4chen, einschlie\u00dflich Decks, Ketten und Bilgen. Egal, ob Sie in S\u00fc\u00df- oder Salzwasserumgebungen arbeiten, diese Pumpe ist darauf ausgelegt, au\u00dfergew\u00f6hnliche Leistung und Zuverl\u00e4ssigkeit zu bieten, sodass Ihre Reinigungsaufgaben effizient und gr\u00fcndlich erledigt werden.<\/p>\n","protected":false},"excerpt":{"rendered":"<p>Zentrifugalpumpe CEM CMG PB 36 24V &#8211; Die Zentrifugalpumpe CEM CMG PB 36 24V ist mit einem hochwertigen Bronze-Impeller ausgestattet,<\/p>\n","protected":false},"featured_media":5939036,"comment_status":"open","ping_status":"closed","template":"","meta":[],"product_brand":[2975],"product_cat":[1373],"product_tag":[],"class_list":{"0":"post-733796","1":"product","2":"type-product","3":"status-publish","4":"has-post-thumbnail","6":"product_brand-gianneschi-de","7":"product_cat-wasserdruckpumpen","9":"first","10":"instock","11":"shipping-taxable","12":"purchasable","13":"product-type-simple"},"_links":{"self":[{"href":"https:\/\/stoic-curie.212-227-153-4.plesk.page\/de\/wp-json\/wp\/v2\/product\/733796","targetHints":{"allow":["GET"]}}],"collection":[{"href":"https:\/\/stoic-curie.212-227-153-4.plesk.page\/de\/wp-json\/wp\/v2\/product"}],"about":[{"href":"https:\/\/stoic-curie.212-227-153-4.plesk.page\/de\/wp-json\/wp\/v2\/types\/product"}],"replies":[{"embeddable":true,"href":"https:\/\/stoic-curie.212-227-153-4.plesk.page\/de\/wp-json\/wp\/v2\/comments?post=733796"}],"version-history":[{"count":0,"href":"https:\/\/stoic-curie.212-227-153-4.plesk.page\/de\/wp-json\/wp\/v2\/product\/733796\/revisions"}],"wp:featuredmedia":[{"embeddable":true,"href":"https:\/\/stoic-curie.212-227-153-4.plesk.page\/de\/wp-json\/wp\/v2\/media\/5939036"}],"wp:attachment":[{"href":"https:\/\/stoic-curie.212-227-153-4.plesk.page\/de\/wp-json\/wp\/v2\/media?parent=733796"}],"wp:term":[{"taxonomy":"product_brand","embeddable":true,"href":"https:\/\/stoic-curie.212-227-153-4.plesk.page\/de\/wp-json\/wp\/v2\/product_brand?post=733796"},{"taxonomy":"product_cat","embeddable":true,"href":"https:\/\/stoic-curie.212-227-153-4.plesk.page\/de\/wp-json\/wp\/v2\/product_cat?post=733796"},{"taxonomy":"product_tag","embeddable":true,"href":"https:\/\/stoic-curie.212-227-153-4.plesk.page\/de\/wp-json\/wp\/v2\/product_tag?post=733796"}],"curies":[{"name":"wp","href":"https:\/\/api.w.org\/{rel}","templated":true}]}}