{"id":733799,"date":"2025-03-03T16:20:21","date_gmt":"2025-03-03T15:20:21","guid":{"rendered":"https:\/\/stoic-curie.212-227-153-4.plesk.page\/producto\/edelstahl-zentrifugalpumpe-cem-90-l-min-24v\/"},"modified":"2026-02-24T23:34:48","modified_gmt":"2026-02-24T23:34:48","slug":"edelstahl-zentrifugalpumpe-cem-90-l-min-24v","status":"publish","type":"product","link":"https:\/\/stoic-curie.212-227-153-4.plesk.page\/de\/product\/edelstahl-zentrifugalpumpe-cem-90-l-min-24v\/","title":{"rendered":"Edelstahl-Zentrifugalpumpe CEM 90 l \/ min &#8211; 24V"},"content":{"rendered":"<p>Edelstahl-Zentrifugalpumpe CEM 90 l \/ min &#8211; 24V &#8211; <\/p>\n<p style=\"color: rgb(34, 34, 34); font-family: Arial, Helvetica, sans-serif; font-size: small;\"><strong>Edelstahl-Zentrifugalpumpe CEM MG INOX<\/strong><\/p>\n<p style=\"color: rgb(34, 34, 34); font-family: Arial, Helvetica, sans-serif; font-size: small;\">Diese Pumpe liefert effizient Druckwasser an Bordger\u00e4te oder Klimaanlagen und ist ausschlie\u00dflich f\u00fcr die Verwendung mit Frischwasser konzipiert.<\/p>\n<p style=\"color: rgb(34, 34, 34); font-family: Arial, Helvetica, sans-serif; font-size: small;\"><strong>Beschreibung und Verwendung<\/strong><\/p>\n<p style=\"color: rgb(34, 34, 34); font-family: Arial, Helvetica, sans-serif; font-size: small;\">Die CEM MG INOX ist eine selbstansaugende Zentrifugalpumpe vom Typ Jet, die \u00fcber ein geschlossenes Laufrad mit hoher Saugf\u00e4higkeit verf\u00fcgt. Sie wird h\u00e4ufig eingesetzt, um Druckwasser f\u00fcr verschiedene Bordger\u00e4te bereitzustellen, einschlie\u00dflich Duschen, K\u00fcchen, Waschbecken und Toiletten sowie f\u00fcr Klimaanlagen, Brandbek\u00e4mpfung und das Waschen von Deck und Kette. Der automatische Betrieb kann durch die Kombination mit kleinen oder mittelgro\u00dfen Drucktanks erreicht werden. Die Serien J-mini, J-INOX und MG-INOX sind speziell f\u00fcr Frischwasser ausgelegt, w\u00e4hrend die JBR-Serie sowohl Frisch- als auch Salzwasser aufnehmen kann.<\/p>\n<p style=\"color: rgb(34, 34, 34); font-family: Arial, Helvetica, sans-serif; font-size: small;\"><strong>Bauweise<\/strong><\/p>\n<p style=\"color: rgb(34, 34, 34); font-family: Arial, Helvetica, sans-serif; font-size: small;\"><strong>J-mini \/ J-INOX \/ MG-INOX-Serie:<\/strong><\/p>\n<ul style=\"color: rgb(34, 34, 34); font-family: Arial, Helvetica, sans-serif; font-size: small;\">\n<li><strong>Pumpengeh\u00e4use:<\/strong>\u00a0Edelstahl AISI 304<\/li>\n<li><strong>Welle:<\/strong>\u00a0Edelstahl AISI 316 (Gleichstrom) \/ AISI 420 (Wechselstrom)<\/li>\n<li><strong>Diffusor und Venturi-Rohr:<\/strong>\u00a0NORYL (Technopolymer)<\/li>\n<li><strong>Laufrad:<\/strong>\u00a0NORYL (Technopolymer)<\/li>\n<li><strong>Mechanische Dichtung:<\/strong>\u00a0Keramiken \u2013 Graphit \u2013 NBR (spezielle korrosionsbest\u00e4ndige Zusammensetzung)<\/li>\n<\/ul>\n<p style=\"color: rgb(34, 34, 34); font-family: Arial, Helvetica, sans-serif; font-size: small;\"><strong>JBR-Serie:<\/strong><\/p>\n<ul style=\"color: rgb(34, 34, 34); font-family: Arial, Helvetica, sans-serif; font-size: small;\">\n<li><strong>Pumpengeh\u00e4use:<\/strong>\u00a0Bronze<\/li>\n<li><strong>Motorhalterung:<\/strong>\u00a0Bronze<\/li>\n<li><strong>Welle:<\/strong>\u00a0Edelstahl AISI 316<\/li>\n<li><strong>Diffusor und Venturi-Rohr:<\/strong>\u00a0Polycarbonat<\/li>\n<li><strong>Laufrad:<\/strong>\u00a0Spezielle Messinglegierung<\/li>\n<li><strong>Mechanische Dichtung:<\/strong>\u00a0Keramiken \u2013 Graphit \u2013 NBR (spezielle korrosionsbest\u00e4ndige Zusammensetzung)<\/li>\n<\/ul>\n<p style=\"color: rgb(34, 34, 34); font-family: Arial, Helvetica, sans-serif; font-size: small;\"><strong>Motorspezifikationen<\/strong><\/p>\n<p style=\"color: rgb(34, 34, 34); font-family: Arial, Helvetica, sans-serif; font-size: small;\"><strong>Gleichstrom:<\/strong><\/p>\n<ul style=\"color: rgb(34, 34, 34); font-family: Arial, Helvetica, sans-serif; font-size: small;\">\n<li>Wicklungsfeld und Permanentmagnet-Elektromotor, 12\/24V<\/li>\n<li>Schutz: IP23<\/li>\n<li>Isolierklasse: F<\/li>\n<li>Dauerbetrieb: S1<\/li>\n<\/ul>\n<p style=\"color: rgb(34, 34, 34); font-family: Arial, Helvetica, sans-serif; font-size: small;\"><strong>Wechselstrom:<\/strong><\/p>\n<ul style=\"color: rgb(34, 34, 34); font-family: Arial, Helvetica, sans-serif; font-size: small;\">\n<li>Induktions-Elektromotor, 230V einphasig (M) \/ 230-400V dreiphasig (T), 50Hz<\/li>\n<li>Schutz: IP44-54<\/li>\n<li>Isolierklasse: F<\/li>\n<li>Dauerbetrieb: S1<\/li>\n<\/ul>\n<p style=\"color: rgb(34, 34, 34); font-family: Arial, Helvetica, sans-serif; font-size: small;\"><strong>Betriebsbereich<\/strong><\/p>\n<ul style=\"color: rgb(34, 34, 34); font-family: Arial, Helvetica, sans-serif; font-size: small;\">\n<li>Geeignet f\u00fcr Fl\u00fcssigkeiten frei von festen Verunreinigungen<\/li>\n<li>Fl\u00fcssigkeitstemperaturbereich: +0 bis +50 \u00b0C (bis 70 \u00b0C f\u00fcr die JBR-Serie)<\/li>\n<li>Maximale Saugtiefe: 9 m<\/li>\n<li>Maximaler statischer Druck im Pumpengeh\u00e4use: 6 bar<\/li>\n<\/ul>\n<p style=\"color: rgb(34, 34, 34); font-family: Arial, Helvetica, sans-serif; font-size: small;\">Dieser umfassende \u00dcberblick \u00fcber die CEM MG INOX-Pumpe hebt ihre robuste Bauweise und vielseitigen Anwendungen hervor und stellt sicher, dass Bootseigent\u00fcmer sich auf sie f\u00fcr ihre Wasserbedarf verlassen k\u00f6nnen.<\/p>\n","protected":false},"excerpt":{"rendered":"<p>Edelstahl-Zentrifugalpumpe CEM 90 l \/ min &#8211; 24V &#8211; Edelstahl-Zentrifugalpumpe CEM MG INOX Diese Pumpe liefert effizient Druckwasser an Bordger\u00e4te<\/p>\n","protected":false},"featured_media":5939037,"comment_status":"open","ping_status":"closed","template":"","meta":[],"product_brand":[2975],"product_cat":[1384],"product_tag":[],"class_list":{"0":"post-733799","1":"product","2":"type-product","3":"status-publish","4":"has-post-thumbnail","6":"product_brand-gianneschi-de","7":"product_cat-wasserkreislaufpumpen","9":"first","10":"instock","11":"shipping-taxable","12":"purchasable","13":"product-type-simple"},"_links":{"self":[{"href":"https:\/\/stoic-curie.212-227-153-4.plesk.page\/de\/wp-json\/wp\/v2\/product\/733799","targetHints":{"allow":["GET"]}}],"collection":[{"href":"https:\/\/stoic-curie.212-227-153-4.plesk.page\/de\/wp-json\/wp\/v2\/product"}],"about":[{"href":"https:\/\/stoic-curie.212-227-153-4.plesk.page\/de\/wp-json\/wp\/v2\/types\/product"}],"replies":[{"embeddable":true,"href":"https:\/\/stoic-curie.212-227-153-4.plesk.page\/de\/wp-json\/wp\/v2\/comments?post=733799"}],"version-history":[{"count":0,"href":"https:\/\/stoic-curie.212-227-153-4.plesk.page\/de\/wp-json\/wp\/v2\/product\/733799\/revisions"}],"wp:featuredmedia":[{"embeddable":true,"href":"https:\/\/stoic-curie.212-227-153-4.plesk.page\/de\/wp-json\/wp\/v2\/media\/5939037"}],"wp:attachment":[{"href":"https:\/\/stoic-curie.212-227-153-4.plesk.page\/de\/wp-json\/wp\/v2\/media?parent=733799"}],"wp:term":[{"taxonomy":"product_brand","embeddable":true,"href":"https:\/\/stoic-curie.212-227-153-4.plesk.page\/de\/wp-json\/wp\/v2\/product_brand?post=733799"},{"taxonomy":"product_cat","embeddable":true,"href":"https:\/\/stoic-curie.212-227-153-4.plesk.page\/de\/wp-json\/wp\/v2\/product_cat?post=733799"},{"taxonomy":"product_tag","embeddable":true,"href":"https:\/\/stoic-curie.212-227-153-4.plesk.page\/de\/wp-json\/wp\/v2\/product_tag?post=733799"}],"curies":[{"name":"wp","href":"https:\/\/api.w.org\/{rel}","templated":true}]}}