{"id":733800,"date":"2025-03-03T16:20:21","date_gmt":"2025-03-03T15:20:21","guid":{"rendered":"https:\/\/stoic-curie.212-227-153-4.plesk.page\/producto\/druckwasserpumpe-marco-up3-e-15lt-pro-minute-12-24v\/"},"modified":"2026-02-24T23:34:48","modified_gmt":"2026-02-24T23:34:48","slug":"druckwasserpumpe-marco-up3-e-15lt-pro-minute-12-24v","status":"publish","type":"product","link":"https:\/\/stoic-curie.212-227-153-4.plesk.page\/de\/product\/druckwasserpumpe-marco-up3-e-15lt-pro-minute-12-24v\/","title":{"rendered":"Druckwasserpumpe Marco UP3\/E 15lt pro Minute 12-24V"},"content":{"rendered":"<p>Druckwasserpumpe Marco UP3\/E 15lt pro Minute 12-24V &#8211; <\/p>\n<p>Marco elektronische Steuerung Frischwasserdruckpumpen mit R\u00fcckschlagventil. Die elektronische Steuerung garantiert: Optimierung des Stromverbrauchs, konstante Druckkontrolle ohne Bedarf an einem Akkumulatorbeh\u00e4lter, automatisches Stoppen bei Fl\u00fcssigkeitsmangel und reduzierte Komponentenabnutzung, was die Lebensdauer des Systems erh\u00f6ht. Geeignet f\u00fcr S\u00fc\u00df- und Salzwasser. Universelle 12\/24V Stromversorgung.<\/p>\n","protected":false},"excerpt":{"rendered":"<p>Druckwasserpumpe Marco UP3\/E 15lt pro Minute 12-24V &#8211; Marco elektronische Steuerung Frischwasserdruckpumpen mit R\u00fcckschlagventil. Die elektronische Steuerung garantiert: Optimierung des<\/p>\n","protected":false},"featured_media":5939038,"comment_status":"open","ping_status":"closed","template":"","meta":[],"product_brand":[3095],"product_cat":[1373],"product_tag":[],"class_list":{"0":"post-733800","1":"product","2":"type-product","3":"status-publish","4":"has-post-thumbnail","6":"product_brand-marco-de","7":"product_cat-wasserdruckpumpen","9":"first","10":"instock","11":"shipping-taxable","12":"purchasable","13":"product-type-simple"},"_links":{"self":[{"href":"https:\/\/stoic-curie.212-227-153-4.plesk.page\/de\/wp-json\/wp\/v2\/product\/733800","targetHints":{"allow":["GET"]}}],"collection":[{"href":"https:\/\/stoic-curie.212-227-153-4.plesk.page\/de\/wp-json\/wp\/v2\/product"}],"about":[{"href":"https:\/\/stoic-curie.212-227-153-4.plesk.page\/de\/wp-json\/wp\/v2\/types\/product"}],"replies":[{"embeddable":true,"href":"https:\/\/stoic-curie.212-227-153-4.plesk.page\/de\/wp-json\/wp\/v2\/comments?post=733800"}],"version-history":[{"count":0,"href":"https:\/\/stoic-curie.212-227-153-4.plesk.page\/de\/wp-json\/wp\/v2\/product\/733800\/revisions"}],"wp:featuredmedia":[{"embeddable":true,"href":"https:\/\/stoic-curie.212-227-153-4.plesk.page\/de\/wp-json\/wp\/v2\/media\/5939038"}],"wp:attachment":[{"href":"https:\/\/stoic-curie.212-227-153-4.plesk.page\/de\/wp-json\/wp\/v2\/media?parent=733800"}],"wp:term":[{"taxonomy":"product_brand","embeddable":true,"href":"https:\/\/stoic-curie.212-227-153-4.plesk.page\/de\/wp-json\/wp\/v2\/product_brand?post=733800"},{"taxonomy":"product_cat","embeddable":true,"href":"https:\/\/stoic-curie.212-227-153-4.plesk.page\/de\/wp-json\/wp\/v2\/product_cat?post=733800"},{"taxonomy":"product_tag","embeddable":true,"href":"https:\/\/stoic-curie.212-227-153-4.plesk.page\/de\/wp-json\/wp\/v2\/product_tag?post=733800"}],"curies":[{"name":"wp","href":"https:\/\/api.w.org\/{rel}","templated":true}]}}