{"id":733801,"date":"2025-03-03T16:20:21","date_gmt":"2025-03-03T15:20:21","guid":{"rendered":"https:\/\/stoic-curie.212-227-153-4.plesk.page\/producto\/druckschalter-40psi-fuer-jabsco-par-max\/"},"modified":"2026-02-24T23:34:48","modified_gmt":"2026-02-24T23:34:48","slug":"druckschalter-40psi-fuer-jabsco-par-max","status":"publish","type":"product","link":"https:\/\/stoic-curie.212-227-153-4.plesk.page\/de\/product\/druckschalter-40psi-fuer-jabsco-par-max\/","title":{"rendered":"Druckschalter 40psi f\u00fcr Jabsco Par-max"},"content":{"rendered":"<p>Druckschalter 40psi f\u00fcr Jabsco Par-max &#8211; <\/p>\n<p>Jabsco Par-Max HD Frischwasser-Druckpumpe f\u00fcr Waschbecken und Duschen, geeignet f\u00fcr 2 bis 4 Entnahmestellen. Selbstansaugend bis zu 2 Meter, mit einem Permanentmagnetmotor und einem Bypass-System, das einen konstanten Fluss und ger\u00e4uschlosen Betrieb garantiert. Komplett mit Filter und Steckverbindungen.<\/p>\n","protected":false},"excerpt":{"rendered":"<p>Druckschalter 40psi f\u00fcr Jabsco Par-max &#8211; Jabsco Par-Max HD Frischwasser-Druckpumpe f\u00fcr Waschbecken und Duschen, geeignet f\u00fcr 2 bis 4 Entnahmestellen.<\/p>\n","protected":false},"featured_media":5939039,"comment_status":"open","ping_status":"closed","template":"","meta":[],"product_brand":[3030],"product_cat":[1373],"product_tag":[],"class_list":{"0":"post-733801","1":"product","2":"type-product","3":"status-publish","4":"has-post-thumbnail","6":"product_brand-jabsco-marine-de","7":"product_cat-wasserdruckpumpen","9":"first","10":"instock","11":"shipping-taxable","12":"purchasable","13":"product-type-simple"},"_links":{"self":[{"href":"https:\/\/stoic-curie.212-227-153-4.plesk.page\/de\/wp-json\/wp\/v2\/product\/733801","targetHints":{"allow":["GET"]}}],"collection":[{"href":"https:\/\/stoic-curie.212-227-153-4.plesk.page\/de\/wp-json\/wp\/v2\/product"}],"about":[{"href":"https:\/\/stoic-curie.212-227-153-4.plesk.page\/de\/wp-json\/wp\/v2\/types\/product"}],"replies":[{"embeddable":true,"href":"https:\/\/stoic-curie.212-227-153-4.plesk.page\/de\/wp-json\/wp\/v2\/comments?post=733801"}],"version-history":[{"count":0,"href":"https:\/\/stoic-curie.212-227-153-4.plesk.page\/de\/wp-json\/wp\/v2\/product\/733801\/revisions"}],"wp:featuredmedia":[{"embeddable":true,"href":"https:\/\/stoic-curie.212-227-153-4.plesk.page\/de\/wp-json\/wp\/v2\/media\/5939039"}],"wp:attachment":[{"href":"https:\/\/stoic-curie.212-227-153-4.plesk.page\/de\/wp-json\/wp\/v2\/media?parent=733801"}],"wp:term":[{"taxonomy":"product_brand","embeddable":true,"href":"https:\/\/stoic-curie.212-227-153-4.plesk.page\/de\/wp-json\/wp\/v2\/product_brand?post=733801"},{"taxonomy":"product_cat","embeddable":true,"href":"https:\/\/stoic-curie.212-227-153-4.plesk.page\/de\/wp-json\/wp\/v2\/product_cat?post=733801"},{"taxonomy":"product_tag","embeddable":true,"href":"https:\/\/stoic-curie.212-227-153-4.plesk.page\/de\/wp-json\/wp\/v2\/product_tag?post=733801"}],"curies":[{"name":"wp","href":"https:\/\/api.w.org\/{rel}","templated":true}]}}