{"id":733807,"date":"2025-03-03T16:20:22","date_gmt":"2025-03-03T15:20:22","guid":{"rendered":"https:\/\/stoic-curie.212-227-153-4.plesk.page\/producto\/flojet-triplex-2-9-25psi-24v\/"},"modified":"2026-02-24T23:34:49","modified_gmt":"2026-02-24T23:34:49","slug":"flojet-triplex-2-9-25psi-24v","status":"publish","type":"product","link":"https:\/\/stoic-curie.212-227-153-4.plesk.page\/de\/product\/flojet-triplex-2-9-25psi-24v\/","title":{"rendered":"Flojet Triplex 2.9 25PSI 24V"},"content":{"rendered":"<p>Flojet Triplex 2.9 25PSI 24V &#8211; <\/p>\n<p>Flojet Triplex Frischwasserdruckpumpen f\u00fcr Sp\u00fclen und Duschen, f\u00fcr 1 bis 3 Anschl\u00fcsse.<\/p>\n","protected":false},"excerpt":{"rendered":"<p>Flojet Triplex 2.9 25PSI 24V &#8211; Flojet Triplex Frischwasserdruckpumpen f\u00fcr Sp\u00fclen und Duschen, f\u00fcr 1 bis 3 Anschl\u00fcsse.<\/p>\n","protected":false},"featured_media":5939052,"comment_status":"open","ping_status":"closed","template":"","meta":[],"product_brand":[2940],"product_cat":[1373],"product_tag":[],"class_list":{"0":"post-733807","1":"product","2":"type-product","3":"status-publish","4":"has-post-thumbnail","6":"product_brand-flojet-marine-de","7":"product_cat-wasserdruckpumpen","9":"first","10":"instock","11":"shipping-taxable","12":"purchasable","13":"product-type-simple"},"_links":{"self":[{"href":"https:\/\/stoic-curie.212-227-153-4.plesk.page\/de\/wp-json\/wp\/v2\/product\/733807","targetHints":{"allow":["GET"]}}],"collection":[{"href":"https:\/\/stoic-curie.212-227-153-4.plesk.page\/de\/wp-json\/wp\/v2\/product"}],"about":[{"href":"https:\/\/stoic-curie.212-227-153-4.plesk.page\/de\/wp-json\/wp\/v2\/types\/product"}],"replies":[{"embeddable":true,"href":"https:\/\/stoic-curie.212-227-153-4.plesk.page\/de\/wp-json\/wp\/v2\/comments?post=733807"}],"version-history":[{"count":0,"href":"https:\/\/stoic-curie.212-227-153-4.plesk.page\/de\/wp-json\/wp\/v2\/product\/733807\/revisions"}],"wp:featuredmedia":[{"embeddable":true,"href":"https:\/\/stoic-curie.212-227-153-4.plesk.page\/de\/wp-json\/wp\/v2\/media\/5939052"}],"wp:attachment":[{"href":"https:\/\/stoic-curie.212-227-153-4.plesk.page\/de\/wp-json\/wp\/v2\/media?parent=733807"}],"wp:term":[{"taxonomy":"product_brand","embeddable":true,"href":"https:\/\/stoic-curie.212-227-153-4.plesk.page\/de\/wp-json\/wp\/v2\/product_brand?post=733807"},{"taxonomy":"product_cat","embeddable":true,"href":"https:\/\/stoic-curie.212-227-153-4.plesk.page\/de\/wp-json\/wp\/v2\/product_cat?post=733807"},{"taxonomy":"product_tag","embeddable":true,"href":"https:\/\/stoic-curie.212-227-153-4.plesk.page\/de\/wp-json\/wp\/v2\/product_tag?post=733807"}],"curies":[{"name":"wp","href":"https:\/\/api.w.org\/{rel}","templated":true}]}}