{"id":733809,"date":"2025-03-03T16:20:23","date_gmt":"2025-03-03T15:20:23","guid":{"rendered":"https:\/\/stoic-curie.212-227-153-4.plesk.page\/producto\/druckwasserpumpe-aqua-jet-wps-2-9-12v\/"},"modified":"2026-02-24T23:34:49","modified_gmt":"2026-02-24T23:34:49","slug":"druckwasserpumpe-aqua-jet-wps-2-9-12v","status":"publish","type":"product","link":"https:\/\/stoic-curie.212-227-153-4.plesk.page\/de\/product\/druckwasserpumpe-aqua-jet-wps-2-9-12v\/","title":{"rendered":"Druckwasserpumpe Aqua Jet WPS 2.9 12V"},"content":{"rendered":"<p>Druckwasserpumpe Aqua Jet WPS 2.9 12V &#8211; <\/p>\n<p>Die Johnson Aqua Jet Frischwasser-Druckpumpen f\u00fcr Sp\u00fclen und Duschen, geeignet f\u00fcr 1 bis 3 Anlagen. Leise und zuverl\u00e4ssig, garantiert jahrelangen Service.<\/p>\n","protected":false},"excerpt":{"rendered":"<p>Druckwasserpumpe Aqua Jet WPS 2.9 12V &#8211; Die Johnson Aqua Jet Frischwasser-Druckpumpen f\u00fcr Sp\u00fclen und Duschen, geeignet f\u00fcr 1 bis<\/p>\n","protected":false},"featured_media":5939053,"comment_status":"open","ping_status":"closed","template":"","meta":[],"product_brand":[3045],"product_cat":[1373],"product_tag":[],"class_list":{"0":"post-733809","1":"product","2":"type-product","3":"status-publish","4":"has-post-thumbnail","6":"product_brand-johnson-marine-de","7":"product_cat-wasserdruckpumpen","9":"first","10":"instock","11":"shipping-taxable","12":"purchasable","13":"product-type-simple"},"_links":{"self":[{"href":"https:\/\/stoic-curie.212-227-153-4.plesk.page\/de\/wp-json\/wp\/v2\/product\/733809","targetHints":{"allow":["GET"]}}],"collection":[{"href":"https:\/\/stoic-curie.212-227-153-4.plesk.page\/de\/wp-json\/wp\/v2\/product"}],"about":[{"href":"https:\/\/stoic-curie.212-227-153-4.plesk.page\/de\/wp-json\/wp\/v2\/types\/product"}],"replies":[{"embeddable":true,"href":"https:\/\/stoic-curie.212-227-153-4.plesk.page\/de\/wp-json\/wp\/v2\/comments?post=733809"}],"version-history":[{"count":0,"href":"https:\/\/stoic-curie.212-227-153-4.plesk.page\/de\/wp-json\/wp\/v2\/product\/733809\/revisions"}],"wp:featuredmedia":[{"embeddable":true,"href":"https:\/\/stoic-curie.212-227-153-4.plesk.page\/de\/wp-json\/wp\/v2\/media\/5939053"}],"wp:attachment":[{"href":"https:\/\/stoic-curie.212-227-153-4.plesk.page\/de\/wp-json\/wp\/v2\/media?parent=733809"}],"wp:term":[{"taxonomy":"product_brand","embeddable":true,"href":"https:\/\/stoic-curie.212-227-153-4.plesk.page\/de\/wp-json\/wp\/v2\/product_brand?post=733809"},{"taxonomy":"product_cat","embeddable":true,"href":"https:\/\/stoic-curie.212-227-153-4.plesk.page\/de\/wp-json\/wp\/v2\/product_cat?post=733809"},{"taxonomy":"product_tag","embeddable":true,"href":"https:\/\/stoic-curie.212-227-153-4.plesk.page\/de\/wp-json\/wp\/v2\/product_tag?post=733809"}],"curies":[{"name":"wp","href":"https:\/\/api.w.org\/{rel}","templated":true}]}}