{"id":733814,"date":"2025-03-03T16:20:24","date_gmt":"2025-03-03T15:20:24","guid":{"rendered":"https:\/\/stoic-curie.212-227-153-4.plesk.page\/producto\/druckwasserpumpe-johnson-aqua-jet-wps-5-2-24v-20lt-pro-minute\/"},"modified":"2026-02-24T23:34:49","modified_gmt":"2026-02-24T23:34:49","slug":"druckwasserpumpe-johnson-aqua-jet-wps-5-2-24v-20lt-pro-minute","status":"publish","type":"product","link":"https:\/\/stoic-curie.212-227-153-4.plesk.page\/de\/product\/druckwasserpumpe-johnson-aqua-jet-wps-5-2-24v-20lt-pro-minute\/","title":{"rendered":"Druckwasserpumpe Johnson Aqua Jet WPS 5.2 24V 20lt pro Minute"},"content":{"rendered":"<p>Druckwasserpumpe Johnson Aqua Jet WPS 5.2 24V 20lt pro Minute &#8211; <\/p>\n<p>Johnson Aqua Jet Frischwasser-Druckpumpen f\u00fcr Sp\u00fclen und Duschen, f\u00fcr 2 bis 4 Ger\u00e4te. Leise und zuverl\u00e4ssig, garantiert jahrelangen Betrieb.<\/p>\n","protected":false},"excerpt":{"rendered":"<p>Druckwasserpumpe Johnson Aqua Jet WPS 5.2 24V 20lt pro Minute &#8211; Johnson Aqua Jet Frischwasser-Druckpumpen f\u00fcr Sp\u00fclen und Duschen, f\u00fcr<\/p>\n","protected":false},"featured_media":5939057,"comment_status":"open","ping_status":"closed","template":"","meta":[],"product_brand":[3045],"product_cat":[1373],"product_tag":[],"class_list":{"0":"post-733814","1":"product","2":"type-product","3":"status-publish","4":"has-post-thumbnail","6":"product_brand-johnson-marine-de","7":"product_cat-wasserdruckpumpen","9":"first","10":"instock","11":"shipping-taxable","12":"purchasable","13":"product-type-simple"},"_links":{"self":[{"href":"https:\/\/stoic-curie.212-227-153-4.plesk.page\/de\/wp-json\/wp\/v2\/product\/733814","targetHints":{"allow":["GET"]}}],"collection":[{"href":"https:\/\/stoic-curie.212-227-153-4.plesk.page\/de\/wp-json\/wp\/v2\/product"}],"about":[{"href":"https:\/\/stoic-curie.212-227-153-4.plesk.page\/de\/wp-json\/wp\/v2\/types\/product"}],"replies":[{"embeddable":true,"href":"https:\/\/stoic-curie.212-227-153-4.plesk.page\/de\/wp-json\/wp\/v2\/comments?post=733814"}],"version-history":[{"count":0,"href":"https:\/\/stoic-curie.212-227-153-4.plesk.page\/de\/wp-json\/wp\/v2\/product\/733814\/revisions"}],"wp:featuredmedia":[{"embeddable":true,"href":"https:\/\/stoic-curie.212-227-153-4.plesk.page\/de\/wp-json\/wp\/v2\/media\/5939057"}],"wp:attachment":[{"href":"https:\/\/stoic-curie.212-227-153-4.plesk.page\/de\/wp-json\/wp\/v2\/media?parent=733814"}],"wp:term":[{"taxonomy":"product_brand","embeddable":true,"href":"https:\/\/stoic-curie.212-227-153-4.plesk.page\/de\/wp-json\/wp\/v2\/product_brand?post=733814"},{"taxonomy":"product_cat","embeddable":true,"href":"https:\/\/stoic-curie.212-227-153-4.plesk.page\/de\/wp-json\/wp\/v2\/product_cat?post=733814"},{"taxonomy":"product_tag","embeddable":true,"href":"https:\/\/stoic-curie.212-227-153-4.plesk.page\/de\/wp-json\/wp\/v2\/product_tag?post=733814"}],"curies":[{"name":"wp","href":"https:\/\/api.w.org\/{rel}","templated":true}]}}