{"id":733817,"date":"2025-03-03T16:20:24","date_gmt":"2025-03-03T15:20:24","guid":{"rendered":"https:\/\/stoic-curie.212-227-153-4.plesk.page\/producto\/marine-wasserdruck-system-aqua-jet-uno-wps-5-2-12v\/"},"modified":"2026-02-24T23:34:49","modified_gmt":"2026-02-24T23:34:49","slug":"marine-wasserdruck-system-aqua-jet-uno-wps-5-2-12v","status":"publish","type":"product","link":"https:\/\/stoic-curie.212-227-153-4.plesk.page\/de\/product\/marine-wasserdruck-system-aqua-jet-uno-wps-5-2-12v\/","title":{"rendered":"Wasserdruck System Johnson Aqua Jet Uno WPS 5.2 &#8211; 12V"},"content":{"rendered":"<p>Wasserdruck System Johnson Aqua Jet Uno WPS 5.2 &#8211; 12V &#8211; <\/p>\n<p>Das Johnson Aqua Jet Uno Frischwasser-Drucksystem ist speziell f\u00fcr Waschbecken und Duschen auf Booten mit einer L\u00e4nge von 10 bis 16 Metern konzipiert und unterst\u00fctzt 2 bis 4 Wasserentnahmen.<\/p>\n<p>Dieses System wurde entwickelt, um leise und zuverl\u00e4ssig zu arbeiten und bietet jahrelangen vertrauensvollen Service. Es umfasst eine Einheit mit mittlerem Bedarf, die eine einzelne Aqua Jet WPS enth\u00e4lt und entweder 11 oder 13 Liter pro Minute liefern kann. Die Pumpe ist bequem auf einer Holzplatte montiert, was die Installation einfach und effizient macht. Das Paket enth\u00e4lt einen PUMProtector-Einlassfilter und einen vorgepressten Akkumulatortank, der 2 Liter fasst. Das Johnson 5,2 GPM Wasserdrucksystem hat einen 3\/4 Zoll Barb sowohl f\u00fcr Einlass als auch Auslass, mit einem maximalen Druck von 40 PSI und einer maximalen Ansaugh\u00f6he von 2,5 Metern.<\/p>\n<p>Die Aqua Jet UNO-Pumpe arbeitet als F\u00fcnf-Kammer-Positive-Druck-Diagrammpumpensystem und funktioniert effektiv in geschlossenen Systemen wie denen, die auf Booten oder Freizeitfahrzeugen zu finden sind. Sie erzeugt den notwendigen Druck f\u00fcr eine zuverl\u00e4ssige und druckgeregelte Wasserversorgung.<\/p>\n<p><strong>Hauptmerkmale:<\/strong><\/p>\n<ul>\n<li>Leiser Betrieb<\/li>\n<li>Sanfter Wasserfluss<\/li>\n<li>Selbstansaugende F\u00e4higkeit<\/li>\n<li>Integrierte Druckschalter, die die Pumpe automatisch aktivieren, wenn der Wasserhahn ge\u00f6ffnet wird, und deaktivieren, wenn geschlossen<\/li>\n<li>Sicher beim Trockenlaufen ohne Besch\u00e4digung<\/li>\n<li>Niedriger Energieverbrauch<\/li>\n<li>Schnellverschlussanschl\u00fcsse f\u00fcr eine einfache Einrichtung<\/li>\n<\/ul>\n<p>Das Johnson Pump 10-13408-04 Aqua Jet UNO 5.2 Wasserdrucksystem ist eine zuverl\u00e4ssige und effiziente Option zur Aufrechterhaltung des Wasserdrucks auf Booten oder kleinen Fahrzeugen. Es verf\u00fcgt \u00fcber ein robustes Pumpengeh\u00e4use aus Polypropylen, ein Ventilgeh\u00e4use, eine 1\/2 Zoll Schlauch\u00f6ffnung und eine Durchflussrate von 5,1 GPM (19,4 L\/min). Mit einem Druckbereich von 25 PSI (1,7 bar) bis 40 PSI (2,8 bar) garantiert es konsistente Leistung. Das System ist mit Santoprene-Ventilen und -Membranen, einem 2-Liter-Akkumulatortank mit einer internen Blase und einem 24V-Motor ausgestattet, der einen eingebauten thermischen Schutz bietet. Es arbeitet mit einem maximalen Betriebszyklus von 20 Minuten und liefert 150 Watt Leistung.<\/p>\n<p><strong>Spezifikationen:<\/strong><\/p>\n<ul>\n<li><strong>Pumpengeh\u00e4use:<\/strong> Aus Polypropylen gefertigt<\/li>\n<li><strong>Ventilgeh\u00e4use:<\/strong> Aus Polypropylen gebaut<\/li>\n<li><strong>Anschlusssgr\u00f6\u00dfe:<\/strong> 1\/2 Zoll Schlauch (\u00f8 18 mm)<\/li>\n<li><strong>Durchflussraten:<\/strong>\n<ul>\n<li>3,1 GPM (11,8 L\/min) f\u00fcr Aqua Jet UNO 3.5<\/li>\n<li>5,1 GPM (19,4 L\/min) f\u00fcr Aqua Jet UNO 5.2<\/li>\n<\/ul>\n<\/li>\n<li><strong>Druck:<\/strong>\n<ul>\n<li>Cut-In: 25 PSI (1,7 bar)<\/li>\n<li>Cut-Out: 40 PSI (2,8 bar)<\/li>\n<\/ul>\n<\/li>\n<li><strong>Ventile:<\/strong> Aus Santoprene gefertigt<\/li>\n<li><strong>Membran:<\/strong> Hergestellt aus Santoprene<\/li>\n<li><strong>Akkumulatortank:<\/strong> 2 Liter mit einer internen Blase<\/li>\n<li><strong>Motor:<\/strong> 12 oder 24 VDC mit eingebautem thermischen Schutz. Arbeitszyklus: Intermittierend, maximal 20 Minuten. Der Motor ist brandschutztechnisch gem\u00e4\u00df ISO 8846 (Kleine Boote \u2013 Elektrische Ger\u00e4te \u2013 Schutz gegen Z\u00fcndung von au\u00dfen brennbaren Gasen) gesch\u00fctzt. Leistung: 100 Watt f\u00fcr UNO 3.5, 150 Watt f\u00fcr UNO 5.2.<\/li>\n<\/ul>\n","protected":false},"excerpt":{"rendered":"<p>Wasserdruck System Johnson Aqua Jet Uno WPS 5.2 &#8211; 12V &#8211; Das Johnson Aqua Jet Uno Frischwasser-Drucksystem ist speziell f\u00fcr<\/p>\n","protected":false},"featured_media":5939065,"comment_status":"open","ping_status":"closed","template":"","meta":[],"product_brand":[3045],"product_cat":[1373],"product_tag":[],"class_list":{"0":"post-733817","1":"product","2":"type-product","3":"status-publish","4":"has-post-thumbnail","6":"product_brand-johnson-marine-de","7":"product_cat-wasserdruckpumpen","9":"first","10":"instock","11":"shipping-taxable","12":"purchasable","13":"product-type-simple"},"_links":{"self":[{"href":"https:\/\/stoic-curie.212-227-153-4.plesk.page\/de\/wp-json\/wp\/v2\/product\/733817","targetHints":{"allow":["GET"]}}],"collection":[{"href":"https:\/\/stoic-curie.212-227-153-4.plesk.page\/de\/wp-json\/wp\/v2\/product"}],"about":[{"href":"https:\/\/stoic-curie.212-227-153-4.plesk.page\/de\/wp-json\/wp\/v2\/types\/product"}],"replies":[{"embeddable":true,"href":"https:\/\/stoic-curie.212-227-153-4.plesk.page\/de\/wp-json\/wp\/v2\/comments?post=733817"}],"version-history":[{"count":0,"href":"https:\/\/stoic-curie.212-227-153-4.plesk.page\/de\/wp-json\/wp\/v2\/product\/733817\/revisions"}],"wp:featuredmedia":[{"embeddable":true,"href":"https:\/\/stoic-curie.212-227-153-4.plesk.page\/de\/wp-json\/wp\/v2\/media\/5939065"}],"wp:attachment":[{"href":"https:\/\/stoic-curie.212-227-153-4.plesk.page\/de\/wp-json\/wp\/v2\/media?parent=733817"}],"wp:term":[{"taxonomy":"product_brand","embeddable":true,"href":"https:\/\/stoic-curie.212-227-153-4.plesk.page\/de\/wp-json\/wp\/v2\/product_brand?post=733817"},{"taxonomy":"product_cat","embeddable":true,"href":"https:\/\/stoic-curie.212-227-153-4.plesk.page\/de\/wp-json\/wp\/v2\/product_cat?post=733817"},{"taxonomy":"product_tag","embeddable":true,"href":"https:\/\/stoic-curie.212-227-153-4.plesk.page\/de\/wp-json\/wp\/v2\/product_tag?post=733817"}],"curies":[{"name":"wp","href":"https:\/\/api.w.org\/{rel}","templated":true}]}}