{"id":733821,"date":"2025-03-03T16:20:25","date_gmt":"2025-03-03T15:20:25","guid":{"rendered":"https:\/\/stoic-curie.212-227-153-4.plesk.page\/producto\/ersatz-druckschalter-fuer-aqua-jet-3-5\/"},"modified":"2026-02-24T23:34:49","modified_gmt":"2026-02-24T23:34:49","slug":"ersatz-druckschalter-fuer-aqua-jet-3-5","status":"publish","type":"product","link":"https:\/\/stoic-curie.212-227-153-4.plesk.page\/de\/product\/ersatz-druckschalter-fuer-aqua-jet-3-5\/","title":{"rendered":"Ersatz-Druckschalter f\u00fcr Aqua Jet 3.5"},"content":{"rendered":"<p>Ersatz-Druckschalter f\u00fcr Aqua Jet 3.5 &#8211; <\/p>\n<p>Die Johnson Aqua Jet Frischwasser-Druckpumpen f\u00fcr Sp\u00fclen und Duschen, geeignet f\u00fcr 2 bis 4 Verbraucher. Leise und zuverl\u00e4ssig, gew\u00e4hrleisten jahrelangen Service.<\/p>\n","protected":false},"excerpt":{"rendered":"<p>Ersatz-Druckschalter f\u00fcr Aqua Jet 3.5 &#8211; Die Johnson Aqua Jet Frischwasser-Druckpumpen f\u00fcr Sp\u00fclen und Duschen, geeignet f\u00fcr 2 bis 4<\/p>\n","protected":false},"featured_media":2940534,"comment_status":"open","ping_status":"closed","template":"","meta":[],"product_brand":[3045,2206],"product_cat":[1373],"product_tag":[],"class_list":{"0":"post-733821","1":"product","2":"type-product","3":"status-publish","4":"has-post-thumbnail","6":"product_brand-johnson-marine-de","7":"product_brand-johnson-marine","8":"product_cat-wasserdruckpumpen","10":"first","11":"instock","12":"shipping-taxable","13":"purchasable","14":"product-type-simple"},"_links":{"self":[{"href":"https:\/\/stoic-curie.212-227-153-4.plesk.page\/de\/wp-json\/wp\/v2\/product\/733821","targetHints":{"allow":["GET"]}}],"collection":[{"href":"https:\/\/stoic-curie.212-227-153-4.plesk.page\/de\/wp-json\/wp\/v2\/product"}],"about":[{"href":"https:\/\/stoic-curie.212-227-153-4.plesk.page\/de\/wp-json\/wp\/v2\/types\/product"}],"replies":[{"embeddable":true,"href":"https:\/\/stoic-curie.212-227-153-4.plesk.page\/de\/wp-json\/wp\/v2\/comments?post=733821"}],"version-history":[{"count":0,"href":"https:\/\/stoic-curie.212-227-153-4.plesk.page\/de\/wp-json\/wp\/v2\/product\/733821\/revisions"}],"wp:featuredmedia":[{"embeddable":true,"href":"https:\/\/stoic-curie.212-227-153-4.plesk.page\/de\/wp-json\/"}],"wp:attachment":[{"href":"https:\/\/stoic-curie.212-227-153-4.plesk.page\/de\/wp-json\/wp\/v2\/media?parent=733821"}],"wp:term":[{"taxonomy":"product_brand","embeddable":true,"href":"https:\/\/stoic-curie.212-227-153-4.plesk.page\/de\/wp-json\/wp\/v2\/product_brand?post=733821"},{"taxonomy":"product_cat","embeddable":true,"href":"https:\/\/stoic-curie.212-227-153-4.plesk.page\/de\/wp-json\/wp\/v2\/product_cat?post=733821"},{"taxonomy":"product_tag","embeddable":true,"href":"https:\/\/stoic-curie.212-227-153-4.plesk.page\/de\/wp-json\/wp\/v2\/product_tag?post=733821"}],"curies":[{"name":"wp","href":"https:\/\/api.w.org\/{rel}","templated":true}]}}