{"id":733822,"date":"2025-03-03T16:20:25","date_gmt":"2025-03-03T15:20:25","guid":{"rendered":"https:\/\/stoic-curie.212-227-153-4.plesk.page\/producto\/ersatz-druckschalter-fuer-aqua-jet-5-2\/"},"modified":"2026-02-24T23:34:49","modified_gmt":"2026-02-24T23:34:49","slug":"ersatz-druckschalter-fuer-aqua-jet-5-2","status":"publish","type":"product","link":"https:\/\/stoic-curie.212-227-153-4.plesk.page\/de\/product\/ersatz-druckschalter-fuer-aqua-jet-5-2\/","title":{"rendered":"Ersatz-Druckschalter f\u00fcr Aqua Jet 5.2"},"content":{"rendered":"<p>Ersatz-Druckschalter f\u00fcr Aqua Jet 5.2 &#8211; <\/p>\n<p>Die Johnson Aqua Jet Frischwasser-Druckpumpen f\u00fcr Sp\u00fclen und Duschen, geeignet f\u00fcr 2 bis 4 Verbraucher. Leise und zuverl\u00e4ssig, garantiert jahrelangen Betrieb.<\/p>\n","protected":false},"excerpt":{"rendered":"<p>Ersatz-Druckschalter f\u00fcr Aqua Jet 5.2 &#8211; Die Johnson Aqua Jet Frischwasser-Druckpumpen f\u00fcr Sp\u00fclen und Duschen, geeignet f\u00fcr 2 bis 4<\/p>\n","protected":false},"featured_media":5939067,"comment_status":"open","ping_status":"closed","template":"","meta":[],"product_brand":[3045],"product_cat":[1373],"product_tag":[],"class_list":{"0":"post-733822","1":"product","2":"type-product","3":"status-publish","4":"has-post-thumbnail","6":"product_brand-johnson-marine-de","7":"product_cat-wasserdruckpumpen","9":"first","10":"instock","11":"shipping-taxable","12":"purchasable","13":"product-type-simple"},"_links":{"self":[{"href":"https:\/\/stoic-curie.212-227-153-4.plesk.page\/de\/wp-json\/wp\/v2\/product\/733822","targetHints":{"allow":["GET"]}}],"collection":[{"href":"https:\/\/stoic-curie.212-227-153-4.plesk.page\/de\/wp-json\/wp\/v2\/product"}],"about":[{"href":"https:\/\/stoic-curie.212-227-153-4.plesk.page\/de\/wp-json\/wp\/v2\/types\/product"}],"replies":[{"embeddable":true,"href":"https:\/\/stoic-curie.212-227-153-4.plesk.page\/de\/wp-json\/wp\/v2\/comments?post=733822"}],"version-history":[{"count":0,"href":"https:\/\/stoic-curie.212-227-153-4.plesk.page\/de\/wp-json\/wp\/v2\/product\/733822\/revisions"}],"wp:featuredmedia":[{"embeddable":true,"href":"https:\/\/stoic-curie.212-227-153-4.plesk.page\/de\/wp-json\/wp\/v2\/media\/5939067"}],"wp:attachment":[{"href":"https:\/\/stoic-curie.212-227-153-4.plesk.page\/de\/wp-json\/wp\/v2\/media?parent=733822"}],"wp:term":[{"taxonomy":"product_brand","embeddable":true,"href":"https:\/\/stoic-curie.212-227-153-4.plesk.page\/de\/wp-json\/wp\/v2\/product_brand?post=733822"},{"taxonomy":"product_cat","embeddable":true,"href":"https:\/\/stoic-curie.212-227-153-4.plesk.page\/de\/wp-json\/wp\/v2\/product_cat?post=733822"},{"taxonomy":"product_tag","embeddable":true,"href":"https:\/\/stoic-curie.212-227-153-4.plesk.page\/de\/wp-json\/wp\/v2\/product_tag?post=733822"}],"curies":[{"name":"wp","href":"https:\/\/api.w.org\/{rel}","templated":true}]}}