{"id":733825,"date":"2025-03-03T16:20:25","date_gmt":"2025-03-03T15:20:25","guid":{"rendered":"https:\/\/stoic-curie.212-227-153-4.plesk.page\/producto\/marine-suesswasserdrucksystem-cem-pb2x-24v-35lt-minute\/"},"modified":"2026-02-24T23:34:49","modified_gmt":"2026-02-24T23:34:49","slug":"marine-suesswasserdrucksystem-cem-pb2x-24v-35lt-minute","status":"publish","type":"product","link":"https:\/\/stoic-curie.212-227-153-4.plesk.page\/de\/product\/marine-suesswasserdrucksystem-cem-pb2x-24v-35lt-minute\/","title":{"rendered":"S\u00fc\u00dfwasserdrucksystem CEM PB2X 24v 35lt \/ Minute"},"content":{"rendered":"<p>S\u00fc\u00dfwasserdrucksystem CEM PB2X 24v 35lt \/ Minute &#8211; <\/p>\n<p>Wir freuen uns, das Boat Freshwater Pressure System vorzustellen, eine bemerkenswerte L\u00f6sung, die f\u00fcr Boote mit einer L\u00e4nge von 10 bis 20 Metern konzipiert ist. Dieses hochmoderne System verf\u00fcgt \u00fcber einen robusten und langlebigen Edelstahl-Akkumulator, der Haltbarkeit und Zuverl\u00e4ssigkeit w\u00e4hrend Ihrer Bootsfahrten garantiert. Die Abmessungen des Tanks sind sorgf\u00e4ltig durchdacht: Er hat eine L\u00e4nge von 295 mm, eine Breite von 205 mm und eine H\u00f6he von 260 mm, was ihn zu einer kompakten, aber effektiven Erg\u00e4nzung f\u00fcr Ihr Boot macht. Das System arbeitet mit einem Druck von 4 bar, was einen gleichm\u00e4\u00dfigen Wasserfluss gew\u00e4hrleistet, und hat eine Kapazit\u00e4t von 2 Litern, sodass Sie \u00fcber ausreichend Frischwasser f\u00fcr Ihre Bed\u00fcrfnisse verf\u00fcgen. Dieses System ist eine hervorragende Option zur Verbesserung Ihres Bootsvergn\u00fcgens.<\/p>\n","protected":false},"excerpt":{"rendered":"<p>S\u00fc\u00dfwasserdrucksystem CEM PB2X 24v 35lt \/ Minute &#8211; Wir freuen uns, das Boat Freshwater Pressure System vorzustellen, eine bemerkenswerte L\u00f6sung,<\/p>\n","protected":false},"featured_media":5939073,"comment_status":"open","ping_status":"closed","template":"","meta":[],"product_brand":[2975],"product_cat":[1373],"product_tag":[],"class_list":{"0":"post-733825","1":"product","2":"type-product","3":"status-publish","4":"has-post-thumbnail","6":"product_brand-gianneschi-de","7":"product_cat-wasserdruckpumpen","9":"first","10":"instock","11":"shipping-taxable","12":"purchasable","13":"product-type-simple"},"_links":{"self":[{"href":"https:\/\/stoic-curie.212-227-153-4.plesk.page\/de\/wp-json\/wp\/v2\/product\/733825","targetHints":{"allow":["GET"]}}],"collection":[{"href":"https:\/\/stoic-curie.212-227-153-4.plesk.page\/de\/wp-json\/wp\/v2\/product"}],"about":[{"href":"https:\/\/stoic-curie.212-227-153-4.plesk.page\/de\/wp-json\/wp\/v2\/types\/product"}],"replies":[{"embeddable":true,"href":"https:\/\/stoic-curie.212-227-153-4.plesk.page\/de\/wp-json\/wp\/v2\/comments?post=733825"}],"version-history":[{"count":0,"href":"https:\/\/stoic-curie.212-227-153-4.plesk.page\/de\/wp-json\/wp\/v2\/product\/733825\/revisions"}],"wp:featuredmedia":[{"embeddable":true,"href":"https:\/\/stoic-curie.212-227-153-4.plesk.page\/de\/wp-json\/wp\/v2\/media\/5939073"}],"wp:attachment":[{"href":"https:\/\/stoic-curie.212-227-153-4.plesk.page\/de\/wp-json\/wp\/v2\/media?parent=733825"}],"wp:term":[{"taxonomy":"product_brand","embeddable":true,"href":"https:\/\/stoic-curie.212-227-153-4.plesk.page\/de\/wp-json\/wp\/v2\/product_brand?post=733825"},{"taxonomy":"product_cat","embeddable":true,"href":"https:\/\/stoic-curie.212-227-153-4.plesk.page\/de\/wp-json\/wp\/v2\/product_cat?post=733825"},{"taxonomy":"product_tag","embeddable":true,"href":"https:\/\/stoic-curie.212-227-153-4.plesk.page\/de\/wp-json\/wp\/v2\/product_tag?post=733825"}],"curies":[{"name":"wp","href":"https:\/\/api.w.org\/{rel}","templated":true}]}}