{"id":733827,"date":"2025-03-03T16:20:26","date_gmt":"2025-03-03T15:20:26","guid":{"rendered":"https:\/\/stoic-curie.212-227-153-4.plesk.page\/producto\/frischwasser-drucksystem-cem-j-inox-8x-12v-50lt-m\/"},"modified":"2026-02-24T23:34:49","modified_gmt":"2026-02-24T23:34:49","slug":"frischwasser-drucksystem-cem-j-inox-8x-12v-50lt-m","status":"publish","type":"product","link":"https:\/\/stoic-curie.212-227-153-4.plesk.page\/de\/product\/frischwasser-drucksystem-cem-j-inox-8x-12v-50lt-m\/","title":{"rendered":"Frischwasser-Drucksystem CEM J-INOX\/8X 12V 50lt\/m"},"content":{"rendered":"<p>Frischwasser-Drucksystem CEM J-INOX\/8X 12V 50lt\/m &#8211; <\/p>\n<p>Frischwasser-Drucksystem mit Edelstahl-Akkumulator tank f\u00fcr Schiffe von 14 bis 25 Metern<\/p>\n<p><strong>\u00dcbersicht und Anwendungen<\/strong><br \/>Unsere Drucksysteme, oft als Autoklaven bezeichnet, spielen eine wichtige Rolle im Bootssektor. Sie gew\u00e4hrleisten einen konstanten Wasserdruck f\u00fcr verschiedene Annehmlichkeiten an Bord, einschlie\u00dflich Duschen, K\u00fcchen, Waschbecken und Toiletten.<\/p>\n<p>Um die beste Leistung zu erzielen, empfehlen wir folgende Richtlinien:<\/p>\n<ul>\n<li>Installieren Sie ein R\u00fcckschlagventil in der Saugleitung, um R\u00fcckfluss zu verhindern.<\/li>\n<li>Falls der Autoklav l\u00e4ngere Zeit nicht genutzt wurde, \u00fcberpr\u00fcfen Sie, ob der Innendruck des Tanks gleich oder 0,2 bar niedriger ist als der minimale Kalibrierungsdruck des Druckschalters.<\/li>\n<\/ul>\n<p><strong>Bau Eigenschaften<\/strong><br \/>Unsere Drucksysteme sind in der Regel ausgestattet mit:<\/p>\n<ul>\n<li>Eine elektrische Pumpe der Typen J-mini, J-INOX, JBR oder PB (Details zu Spannung und Leistung finden Sie in der Spezifikationen Tabelle).<\/li>\n<li>Einem 2-Liter-Zylindertank aus Edelstahl (2X), einem 2-Liter-Tank aus lackiertem Stahl mit einer Edelstahlflansch (2L), einem 8-Liter-Edelstahltank (8X) oder einem 8-Liter-Tank aus lackiertem Stahlblech mit einer Edelstahlflansch (8L). Alle Tanks enthalten eine interne Membran aus lebensmittelechtem Butylgummi.<\/li>\n<li>Ein Druckschalter mit Standardkalibrierung, der zwischen 1,4 und 2,8 bar eingestellt werden kann, wie in der Spezifikationen Tabelle angegeben.<\/li>\n<li>Ein Manometer zur \u00dcberwachung.<\/li>\n<li>Eine 5-Wege-Messingverbindung f\u00fcr eine einfache Installation.<\/li>\n<\/ul>\n<p><strong>Verwendungsbeschr\u00e4nkungen<\/strong><\/p>\n<ul>\n<li>Die Fl\u00fcssigkeit muss frei von festen Verunreinigungen sein.<\/li>\n<li>Akzeptabler Temperaturbereich der Fl\u00fcssigkeit: +0 bis +50\u00b0C (bis +70\u00b0C f\u00fcr PB und JBR Serien).<\/li>\n<li>Maximaldruck im Pumpengeh\u00e4use: 6 bar.<\/li>\n<\/ul>\n","protected":false},"excerpt":{"rendered":"<p>Frischwasser-Drucksystem CEM J-INOX\/8X 12V 50lt\/m &#8211; Frischwasser-Drucksystem mit Edelstahl-Akkumulator tank f\u00fcr Schiffe von 14 bis 25 Metern \u00dcbersicht und AnwendungenUnsere<\/p>\n","protected":false},"featured_media":5939075,"comment_status":"open","ping_status":"closed","template":"","meta":[],"product_brand":[2975],"product_cat":[1373],"product_tag":[],"class_list":{"0":"post-733827","1":"product","2":"type-product","3":"status-publish","4":"has-post-thumbnail","6":"product_brand-gianneschi-de","7":"product_cat-wasserdruckpumpen","9":"first","10":"instock","11":"shipping-taxable","12":"purchasable","13":"product-type-simple"},"_links":{"self":[{"href":"https:\/\/stoic-curie.212-227-153-4.plesk.page\/de\/wp-json\/wp\/v2\/product\/733827","targetHints":{"allow":["GET"]}}],"collection":[{"href":"https:\/\/stoic-curie.212-227-153-4.plesk.page\/de\/wp-json\/wp\/v2\/product"}],"about":[{"href":"https:\/\/stoic-curie.212-227-153-4.plesk.page\/de\/wp-json\/wp\/v2\/types\/product"}],"replies":[{"embeddable":true,"href":"https:\/\/stoic-curie.212-227-153-4.plesk.page\/de\/wp-json\/wp\/v2\/comments?post=733827"}],"version-history":[{"count":0,"href":"https:\/\/stoic-curie.212-227-153-4.plesk.page\/de\/wp-json\/wp\/v2\/product\/733827\/revisions"}],"wp:featuredmedia":[{"embeddable":true,"href":"https:\/\/stoic-curie.212-227-153-4.plesk.page\/de\/wp-json\/wp\/v2\/media\/5939075"}],"wp:attachment":[{"href":"https:\/\/stoic-curie.212-227-153-4.plesk.page\/de\/wp-json\/wp\/v2\/media?parent=733827"}],"wp:term":[{"taxonomy":"product_brand","embeddable":true,"href":"https:\/\/stoic-curie.212-227-153-4.plesk.page\/de\/wp-json\/wp\/v2\/product_brand?post=733827"},{"taxonomy":"product_cat","embeddable":true,"href":"https:\/\/stoic-curie.212-227-153-4.plesk.page\/de\/wp-json\/wp\/v2\/product_cat?post=733827"},{"taxonomy":"product_tag","embeddable":true,"href":"https:\/\/stoic-curie.212-227-153-4.plesk.page\/de\/wp-json\/wp\/v2\/product_tag?post=733827"}],"curies":[{"name":"wp","href":"https:\/\/api.w.org\/{rel}","templated":true}]}}