{"id":733829,"date":"2025-03-03T16:20:26","date_gmt":"2025-03-03T15:20:26","guid":{"rendered":"https:\/\/stoic-curie.212-227-153-4.plesk.page\/producto\/frischwasser-drucksystem-cem-j-inox-8x-24v-50lt-m\/"},"modified":"2026-02-24T23:34:49","modified_gmt":"2026-02-24T23:34:49","slug":"frischwasser-drucksystem-cem-j-inox-8x-24v-50lt-m","status":"publish","type":"product","link":"https:\/\/stoic-curie.212-227-153-4.plesk.page\/de\/product\/frischwasser-drucksystem-cem-j-inox-8x-24v-50lt-m\/","title":{"rendered":"Frischwasser-Drucksystem CEM J-Inox 8X 24V 50lt\/m"},"content":{"rendered":"<p>Frischwasser-Drucksystem CEM J-Inox 8X 24V 50lt\/m &#8211; <\/p>\n<p style=\"color: rgb(34, 34, 34); font-family: Arial, Helvetica, sans-serif; font-size: small;\">Frischwasser-Drucksystem mit Edelstahl-Accumulatortank f\u00fcr Boote von 14 bis 25 Metern<\/p>\n<p style=\"color: rgb(34, 34, 34); font-family: Arial, Helvetica, sans-serif; font-size: small;\"><strong>Beschreibung und Anwendungen<\/strong><br \/>Unsere Drucksysteme, die allgemein als Autoklaven bekannt sind, sind in der Bootswerftbranche unerl\u00e4sslich. Sie sorgen f\u00fcr konstanten Wasserdruck bei Borddiensten wie Duschen, K\u00fcchen, Sp\u00fclen und Toiletten.<\/p>\n<p style=\"color: rgb(34, 34, 34); font-family: Arial, Helvetica, sans-serif; font-size: small;\">F\u00fcr optimale Leistung empfehlen wir Folgendes:<\/p>\n<ul style=\"color: rgb(34, 34, 34); font-family: Arial, Helvetica, sans-serif; font-size: small;\">\n<li>Installieren Sie ein R\u00fcckschlagventil in der Saugleitung.<\/li>\n<li>Wenn der Autoklav l\u00e4ngere Zeit nicht benutzt wurde, stellen Sie sicher, dass der Innendruck des Tanks gleich oder 0,2 bar niedriger ist als der minimale Kalibrierungsdruck des Druckschalters.<\/li>\n<\/ul>\n<p style=\"color: rgb(34, 34, 34); font-family: Arial, Helvetica, sans-serif; font-size: small;\"><strong>Baumerkmale<\/strong><br \/>Unsere Drucksysteme sind in der Regel ausgestattet mit:<\/p>\n<ul style=\"color: rgb(34, 34, 34); font-family: Arial, Helvetica, sans-serif; font-size: small;\">\n<li>Eine elektrische Pumpe vom Typ J-mini, J-INOX, JBR oder PB (Spannungs- und Leistungsdetails finden Sie in der Spezifikationstabelle).<\/li>\n<li>Ein 2-Liter-zylindrischer Tank aus Edelstahl (2X), ein 2-Liter-Tank aus lackiertem Stahl mit einer Edelstahl-Flansch (2L), ein 8-Liter-Edelstahl-Tank (8X) oder ein 8-Liter-Tank aus lackiertem Stahlblech mit einer Edelstahl-Flansch (8L). Alle Tanks verf\u00fcgen \u00fcber eine Innenmembran aus lebensmittelechtem Butylgummi.<\/li>\n<li>Ein Druckschalter mit standardm\u00e4\u00dfiger Kalibrierung, einstellbar zwischen 1,4 und 2,8 bar, wie in der Spezifikationstabelle empfohlen.<\/li>\n<li>Ein Manometer.<\/li>\n<li>Eine 5-wegezulaufende Messingverbindung.<\/li>\n<\/ul>\n<p style=\"color: rgb(34, 34, 34); font-family: Arial, Helvetica, sans-serif; font-size: small;\"><strong>Nutzungsgrenzen<\/strong><\/p>\n<ul style=\"color: rgb(34, 34, 34); font-family: Arial, Helvetica, sans-serif; font-size: small;\">\n<li>Die Fl\u00fcssigkeit muss frei von festen Verunreinigungen sein.<\/li>\n<li>Fl\u00fcssigkeitstemperaturbereich: +0 bis +50\u00b0C (bis zu +70\u00b0C f\u00fcr die Serien PB und JBR).<\/li>\n<li>Maximaler statischer Druck im Pumpengeh\u00e4use: 6 bar.<\/li>\n<\/ul>\n","protected":false},"excerpt":{"rendered":"<p>Frischwasser-Drucksystem CEM J-Inox 8X 24V 50lt\/m &#8211; Frischwasser-Drucksystem mit Edelstahl-Accumulatortank f\u00fcr Boote von 14 bis 25 Metern Beschreibung und AnwendungenUnsere<\/p>\n","protected":false},"featured_media":5939075,"comment_status":"open","ping_status":"closed","template":"","meta":[],"product_brand":[2975],"product_cat":[1373],"product_tag":[],"class_list":{"0":"post-733829","1":"product","2":"type-product","3":"status-publish","4":"has-post-thumbnail","6":"product_brand-gianneschi-de","7":"product_cat-wasserdruckpumpen","9":"first","10":"instock","11":"shipping-taxable","12":"purchasable","13":"product-type-simple"},"_links":{"self":[{"href":"https:\/\/stoic-curie.212-227-153-4.plesk.page\/de\/wp-json\/wp\/v2\/product\/733829","targetHints":{"allow":["GET"]}}],"collection":[{"href":"https:\/\/stoic-curie.212-227-153-4.plesk.page\/de\/wp-json\/wp\/v2\/product"}],"about":[{"href":"https:\/\/stoic-curie.212-227-153-4.plesk.page\/de\/wp-json\/wp\/v2\/types\/product"}],"replies":[{"embeddable":true,"href":"https:\/\/stoic-curie.212-227-153-4.plesk.page\/de\/wp-json\/wp\/v2\/comments?post=733829"}],"version-history":[{"count":0,"href":"https:\/\/stoic-curie.212-227-153-4.plesk.page\/de\/wp-json\/wp\/v2\/product\/733829\/revisions"}],"wp:featuredmedia":[{"embeddable":true,"href":"https:\/\/stoic-curie.212-227-153-4.plesk.page\/de\/wp-json\/wp\/v2\/media\/5939075"}],"wp:attachment":[{"href":"https:\/\/stoic-curie.212-227-153-4.plesk.page\/de\/wp-json\/wp\/v2\/media?parent=733829"}],"wp:term":[{"taxonomy":"product_brand","embeddable":true,"href":"https:\/\/stoic-curie.212-227-153-4.plesk.page\/de\/wp-json\/wp\/v2\/product_brand?post=733829"},{"taxonomy":"product_cat","embeddable":true,"href":"https:\/\/stoic-curie.212-227-153-4.plesk.page\/de\/wp-json\/wp\/v2\/product_cat?post=733829"},{"taxonomy":"product_tag","embeddable":true,"href":"https:\/\/stoic-curie.212-227-153-4.plesk.page\/de\/wp-json\/wp\/v2\/product_tag?post=733829"}],"curies":[{"name":"wp","href":"https:\/\/api.w.org\/{rel}","templated":true}]}}