{"id":733830,"date":"2025-03-03T16:20:26","date_gmt":"2025-03-03T15:20:26","guid":{"rendered":"https:\/\/stoic-curie.212-227-153-4.plesk.page\/producto\/frischwasser-drucksystem-cem-24v-50lt-m\/"},"modified":"2026-02-24T23:34:49","modified_gmt":"2026-02-24T23:34:49","slug":"frischwasser-drucksystem-cem-24v-50lt-m","status":"publish","type":"product","link":"https:\/\/stoic-curie.212-227-153-4.plesk.page\/de\/product\/frischwasser-drucksystem-cem-24v-50lt-m\/","title":{"rendered":"Frischwasser-Drucksystem CEM J-INOX\/20X 24V"},"content":{"rendered":"<p>Frischwasser-Drucksystem CEM J-INOX\/20X 24V &#8211; <\/p>\n<p style=\"color: rgb(34, 34, 34); font-family: Arial, Helvetica, sans-serif; font-size: small;\">CEM Frischwasser Selbstansaugende Pumpe mit 20L Tank<\/p>\n<p style=\"color: rgb(34, 34, 34); font-family: Arial, Helvetica, sans-serif; font-size: small;\">Die CEM Frischwasser Selbstansaugende Pumpe, ausgestattet mit einem 20-Liter-Tank, wurde speziell f\u00fcr die Verwendung von Frischwasser entwickelt, das konstanten Wasserdruck f\u00fcr verschiedene an Bord befindliche Ger\u00e4te erfordert. Diese Pumpe liefert effektiv Druckwasser an wichtige Einrichtungsgegenst\u00e4nde wie Duschen, K\u00fcchen, Waschbecken und Toiletten. Dar\u00fcber hinaus sind die CEM Frischwasserpumpen auch f\u00fcr Klimaanlagen, Feuerl\u00f6schsysteme und zur Reinigung von Decks und Ketten geeignet, unter anderem.<\/p>\n<p style=\"color: rgb(34, 34, 34); font-family: Arial, Helvetica, sans-serif; font-size: small;\"><strong>Eigenschaften<\/strong><\/p>\n<ul style=\"color: rgb(34, 34, 34); font-family: Arial, Helvetica, sans-serif; font-size: small;\">\n<li>Elektrische Pumpen Serien: J-mini, J-INOX, MG-INOX oder JBR (Spannungs- und Leistungsdetails finden Sie in der beiliegenden Tabelle).<\/li>\n<li>Ein 20-Liter-Zylindertank aus rostfreiem Stahl (20X) oder lackiertem Stahl mit einer rostfreien Flanschnabe (20L), ausgestattet mit einer lebensmittelechten Butylgummimembran.<\/li>\n<li>Verstellbarer Druckschalter (werksseitig voreingestellt von 1,4 &#8211; 2,8 bar, anpassbar gem\u00e4\u00df der Tabelle).<\/li>\n<li>Druckmesser inklusive.<\/li>\n<li>Messing 5-Wege-Rohranschluss.<\/li>\n<li>Flexibler Schlauch mit einer L\u00e4nge von 500 mm.<\/li>\n<\/ul>\n<p style=\"color: rgb(34, 34, 34); font-family: Arial, Helvetica, sans-serif; font-size: small;\"><strong>Konstruktion<\/strong><\/p>\n<ul style=\"color: rgb(34, 34, 34); font-family: Arial, Helvetica, sans-serif; font-size: small;\">\n<li>Entwickelt f\u00fcr Fl\u00fcssigkeiten, die frei von festen Verunreinigungen sind.<\/li>\n<li>Fl\u00fcssigkeitstemperaturbereich: 0 bis 50 \u00b0C.<\/li>\n<li>Maximaler statischer Druck im Pumpengeh\u00e4use: 6 bar.<\/li>\n<\/ul>\n<p style=\"color: rgb(34, 34, 34); font-family: Arial, Helvetica, sans-serif; font-size: small;\"><strong>Zubeh\u00f6roptionen<\/strong><\/p>\n<ul style=\"color: rgb(34, 34, 34); font-family: Arial, Helvetica, sans-serif; font-size: small;\">\n<li>R\u00fccklaufventile verf\u00fcgbar: 1\u201d oder 1\u201d1\/2.<\/li>\n<li>Sicherheits-Handreset-Druckschalter \u201eSQUARE D\u201c: Dieses System stoppt den Wasserdruck, wenn kein Wasser vorhanden ist, und verhindert, dass die Pumpe trocken l\u00e4uft.<\/li>\n<\/ul>\n<p style=\"color: rgb(34, 34, 34); font-family: Arial, Helvetica, sans-serif; font-size: small;\"><strong>\u00dcber CEM Pumpen und Bl\u00e4ser<\/strong><\/p>\n<p style=\"color: rgb(34, 34, 34); font-family: Arial, Helvetica, sans-serif; font-size: small;\">Die C.E.M. Elettromeccanica S.r.l. wurde 1970 gegr\u00fcndet und hat sich zu einem f\u00fchrenden Hersteller von elektrischen Pumpen und DC-Motoren entwickelt, die haupts\u00e4chlich die maritime Branche bedienen. In den letzten 48 Jahren hat unser stetiges Wachstum auf nationalen und internationalen M\u00e4rkten unser umfangreiches Produktangebot erweitert.<\/p>\n<p style=\"color: rgb(34, 34, 34); font-family: Arial, Helvetica, sans-serif; font-size: small;\">Wir sind stolz darauf, die hochwertigsten Materialien zu verwenden, was uns zum bevorzugten Partner f\u00fcr mittlere und gro\u00dfe Bootshersteller in den Bereichen Freizeit-, Fischerei- und Milit\u00e4rschiffbau macht. Unser vielf\u00e4ltiges Produktangebot umfasst jetzt:<\/p>\n<ul style=\"color: rgb(34, 34, 34); font-family: Arial, Helvetica, sans-serif; font-size: small;\">\n<li>DC- und AC-elektrische Pumpen<\/li>\n<li>Riemengetriebene Pumpen mit manuellen oder elektromagnetischen Kupplungen<\/li>\n<li>Hydraulisch betriebene Pumpen<\/li>\n<li>Wasserdrucksysteme<\/li>\n<li>Zentrifugal- und Axialgebl\u00e4se<\/li>\n<li>Dieselbetriebene Pumpen<\/li>\n<li>Manuelle Pumpen<\/li>\n<li>DC-Motoren<\/li>\n<\/ul>\n<p style=\"color: rgb(34, 34, 34); font-family: Arial, Helvetica, sans-serif; font-size: small;\">Unser Engagement f\u00fcr hochwertige Materialien, sorgf\u00e4ltiges Design und innovative Fertigungsprozesse gew\u00e4hrleistet hervorragende Leistung und Langlebigkeit unserer Produkte. Diese Zuverl\u00e4ssigkeit ist entscheidend, wenn Sicherheit oberste Priorit\u00e4t hat. Alle Produkte entsprechen den Branchenstandards und k\u00f6nnen von anerkannten Organisationen wie Bureau Veritas, Det Norske Veritas (DNV), Lloyd&#8217;s Register und RINA zertifiziert werden.<\/p>\n","protected":false},"excerpt":{"rendered":"<p>Frischwasser-Drucksystem CEM J-INOX\/20X 24V &#8211; CEM Frischwasser Selbstansaugende Pumpe mit 20L Tank Die CEM Frischwasser Selbstansaugende Pumpe, ausgestattet mit einem<\/p>\n","protected":false},"featured_media":5939076,"comment_status":"open","ping_status":"closed","template":"","meta":[],"product_brand":[2975],"product_cat":[1373],"product_tag":[],"class_list":{"0":"post-733830","1":"product","2":"type-product","3":"status-publish","4":"has-post-thumbnail","6":"product_brand-gianneschi-de","7":"product_cat-wasserdruckpumpen","9":"first","10":"instock","11":"shipping-taxable","12":"purchasable","13":"product-type-simple"},"_links":{"self":[{"href":"https:\/\/stoic-curie.212-227-153-4.plesk.page\/de\/wp-json\/wp\/v2\/product\/733830","targetHints":{"allow":["GET"]}}],"collection":[{"href":"https:\/\/stoic-curie.212-227-153-4.plesk.page\/de\/wp-json\/wp\/v2\/product"}],"about":[{"href":"https:\/\/stoic-curie.212-227-153-4.plesk.page\/de\/wp-json\/wp\/v2\/types\/product"}],"replies":[{"embeddable":true,"href":"https:\/\/stoic-curie.212-227-153-4.plesk.page\/de\/wp-json\/wp\/v2\/comments?post=733830"}],"version-history":[{"count":0,"href":"https:\/\/stoic-curie.212-227-153-4.plesk.page\/de\/wp-json\/wp\/v2\/product\/733830\/revisions"}],"wp:featuredmedia":[{"embeddable":true,"href":"https:\/\/stoic-curie.212-227-153-4.plesk.page\/de\/wp-json\/wp\/v2\/media\/5939076"}],"wp:attachment":[{"href":"https:\/\/stoic-curie.212-227-153-4.plesk.page\/de\/wp-json\/wp\/v2\/media?parent=733830"}],"wp:term":[{"taxonomy":"product_brand","embeddable":true,"href":"https:\/\/stoic-curie.212-227-153-4.plesk.page\/de\/wp-json\/wp\/v2\/product_brand?post=733830"},{"taxonomy":"product_cat","embeddable":true,"href":"https:\/\/stoic-curie.212-227-153-4.plesk.page\/de\/wp-json\/wp\/v2\/product_cat?post=733830"},{"taxonomy":"product_tag","embeddable":true,"href":"https:\/\/stoic-curie.212-227-153-4.plesk.page\/de\/wp-json\/wp\/v2\/product_tag?post=733830"}],"curies":[{"name":"wp","href":"https:\/\/api.w.org\/{rel}","templated":true}]}}