{"id":733831,"date":"2025-03-03T16:20:27","date_gmt":"2025-03-03T15:20:27","guid":{"rendered":"https:\/\/stoic-curie.212-227-153-4.plesk.page\/producto\/frischwasser-drucksystem-cem-90lt-m-24v\/"},"modified":"2026-02-24T23:34:49","modified_gmt":"2026-02-24T23:34:49","slug":"frischwasser-drucksystem-cem-90lt-m-24v","status":"publish","type":"product","link":"https:\/\/stoic-curie.212-227-153-4.plesk.page\/de\/product\/frischwasser-drucksystem-cem-90lt-m-24v\/","title":{"rendered":"Frischwasser-Drucksystem CEM 90lt\/m 24V"},"content":{"rendered":"<p>Frischwasser-Drucksystem CEM 90lt\/m 24V &#8211; <\/p>\n<p style=\"color: rgb(34, 34, 34); font-family: Arial, Helvetica, sans-serif; font-size: small;\"><strong>MG-INOX\/20X Frischwasserdrucksystem<\/strong><\/p>\n<p style=\"color: rgb(34, 34, 34); font-family: Arial, Helvetica, sans-serif; font-size: small;\">Das MG-INOX\/20X Frischwasserdrucksystem ist f\u00fcr Boote mit einer L\u00e4nge von 18 bis 35 Metern konzipiert. Es verf\u00fcgt \u00fcber einen Drucktank aus Edelstahl, eine Edelstahlpumpe und einen Noryl-Teknopolymer-Propeller, die Langlebigkeit und Zuverl\u00e4ssigkeit gew\u00e4hrleisten.<\/p>\n<p style=\"color: rgb(34, 34, 34); font-family: Arial, Helvetica, sans-serif; font-size: small;\">Dieses System wird in der Schifffahrt h\u00e4ufig eingesetzt, um einen konstanten und ausreichenden Wasserdruck f\u00fcr verschiedene Ger\u00e4te an Bord, einschlie\u00dflich Duschen, Waschbecken und Toiletten, zu gew\u00e4hrleisten. F\u00fcr eine optimale Leistung empfehlen wir Folgendes:<\/p>\n<ul style=\"color: rgb(34, 34, 34); font-family: Arial, Helvetica, sans-serif; font-size: small;\">\n<li>Installieren Sie ein R\u00fcckschlagventil am Sauganschluss.<\/li>\n<li>Wenn die Einheit l\u00e4ngere Zeit nicht benutzt wurde, stellen Sie sicher, dass der Innendruck des Tanks gleich oder geringer als 0,2 bar ist, bevor Sie das Ger\u00e4t in Betrieb nehmen, gem\u00e4\u00df dem minimalen Einstelldruck des Druckschalters.<\/li>\n<\/ul>\n<p style=\"color: rgb(34, 34, 34); font-family: Arial, Helvetica, sans-serif; font-size: small;\"><strong>Bauweise<\/strong><\/p>\n<p style=\"color: rgb(34, 34, 34); font-family: Arial, Helvetica, sans-serif; font-size: small;\">Unsere Wasserdrucksysteme umfassen in der Regel:<\/p>\n<ul style=\"color: rgb(34, 34, 34); font-family: Arial, Helvetica, sans-serif; font-size: small;\">\n<li>Eine elektrische Pumpe aus der J-mini, J-INOX, MG-INOX oder JBR-Serie (Spannungs- und Leistungsangaben sind in der beigef\u00fcgten Tabelle aufgef\u00fchrt).<\/li>\n<li>Ein zylindrischer Tank mit einem Volumen von 20 Litern, erh\u00e4ltlich entweder aus Edelstahl (20X) oder aus lackiertem Stahl mit einer Edelstahlflansch (20L), ausgestattet mit einer inneren Butylgummimembran, geeignet f\u00fcr den Lebensmittelgebrauch.<\/li>\n<li>Ein Druckschalter mit einer serienm\u00e4\u00dfigen Einstellung von 1,4 \u2013 2,8, einstellbar auf die empfohlenen Werte in der Tabelle.<\/li>\n<li>Ein Manometer.<\/li>\n<li>Ein 5-Wege-Rohranschluss aus Messing.<\/li>\n<li>Ein flexibles Rohr mit einer L\u00e4nge von 500 mm.<\/li>\n<\/ul>\n<p style=\"color: rgb(34, 34, 34); font-family: Arial, Helvetica, sans-serif; font-size: small;\"><strong>Anwendungsbereich<\/strong><\/p>\n<ul style=\"color: rgb(34, 34, 34); font-family: Arial, Helvetica, sans-serif; font-size: small;\">\n<li>Geeignet f\u00fcr Fl\u00fcssigkeiten ohne feste Verunreinigungen.<\/li>\n<li>Temperaturbereich der Fl\u00fcssigkeit: +0 bis +50 \u00b0C.<\/li>\n<li>Maximaler statischer Druck innerhalb des Pumpengeh\u00e4uses: 6 bar.<\/li>\n<\/ul>\n<p style=\"color: rgb(34, 34, 34); font-family: Arial, Helvetica, sans-serif; font-size: small;\"><strong>Zubeh\u00f6r auf Anfrage erh\u00e4ltlich<\/strong><\/p>\n<ul style=\"color: rgb(34, 34, 34); font-family: Arial, Helvetica, sans-serif; font-size: small;\">\n<li>R\u00fcckschlagventile in den Gr\u00f6\u00dfen 1\u201d oder 1\u201d1\/2.<\/li>\n<li>Sicherheits-Handr\u00fcckstell-Druckschalter \u201eSQUARE D\u201c: Dieses System bietet einen erheblichen Vorteil gegen\u00fcber Standard-Druckschaltern, indem es das Wasserdrucksystem stoppt, wenn kein Wasser mehr verf\u00fcgbar ist, und so verhindert, dass die Einheit ohne Wasser betrieben wird.<\/li>\n<\/ul>\n","protected":false},"excerpt":{"rendered":"<p>Frischwasser-Drucksystem CEM 90lt\/m 24V &#8211; MG-INOX\/20X Frischwasserdrucksystem Das MG-INOX\/20X Frischwasserdrucksystem ist f\u00fcr Boote mit einer L\u00e4nge von 18 bis 35<\/p>\n","protected":false},"featured_media":5939077,"comment_status":"open","ping_status":"closed","template":"","meta":[],"product_brand":[2975],"product_cat":[1373],"product_tag":[],"class_list":{"0":"post-733831","1":"product","2":"type-product","3":"status-publish","4":"has-post-thumbnail","6":"product_brand-gianneschi-de","7":"product_cat-wasserdruckpumpen","9":"first","10":"instock","11":"shipping-taxable","12":"purchasable","13":"product-type-simple"},"_links":{"self":[{"href":"https:\/\/stoic-curie.212-227-153-4.plesk.page\/de\/wp-json\/wp\/v2\/product\/733831","targetHints":{"allow":["GET"]}}],"collection":[{"href":"https:\/\/stoic-curie.212-227-153-4.plesk.page\/de\/wp-json\/wp\/v2\/product"}],"about":[{"href":"https:\/\/stoic-curie.212-227-153-4.plesk.page\/de\/wp-json\/wp\/v2\/types\/product"}],"replies":[{"embeddable":true,"href":"https:\/\/stoic-curie.212-227-153-4.plesk.page\/de\/wp-json\/wp\/v2\/comments?post=733831"}],"version-history":[{"count":0,"href":"https:\/\/stoic-curie.212-227-153-4.plesk.page\/de\/wp-json\/wp\/v2\/product\/733831\/revisions"}],"wp:featuredmedia":[{"embeddable":true,"href":"https:\/\/stoic-curie.212-227-153-4.plesk.page\/de\/wp-json\/wp\/v2\/media\/5939077"}],"wp:attachment":[{"href":"https:\/\/stoic-curie.212-227-153-4.plesk.page\/de\/wp-json\/wp\/v2\/media?parent=733831"}],"wp:term":[{"taxonomy":"product_brand","embeddable":true,"href":"https:\/\/stoic-curie.212-227-153-4.plesk.page\/de\/wp-json\/wp\/v2\/product_brand?post=733831"},{"taxonomy":"product_cat","embeddable":true,"href":"https:\/\/stoic-curie.212-227-153-4.plesk.page\/de\/wp-json\/wp\/v2\/product_cat?post=733831"},{"taxonomy":"product_tag","embeddable":true,"href":"https:\/\/stoic-curie.212-227-153-4.plesk.page\/de\/wp-json\/wp\/v2\/product_tag?post=733831"}],"curies":[{"name":"wp","href":"https:\/\/api.w.org\/{rel}","templated":true}]}}