{"id":733833,"date":"2025-03-03T16:20:27","date_gmt":"2025-03-03T15:20:27","guid":{"rendered":"https:\/\/stoic-curie.212-227-153-4.plesk.page\/producto\/frischwasser-drucksystem-cem-24v-50-lt-m-mit-epc\/"},"modified":"2026-02-24T23:34:49","modified_gmt":"2026-02-24T23:34:49","slug":"frischwasser-drucksystem-cem-24v-50-lt-m-mit-epc","status":"publish","type":"product","link":"https:\/\/stoic-curie.212-227-153-4.plesk.page\/de\/product\/frischwasser-drucksystem-cem-24v-50-lt-m-mit-epc\/","title":{"rendered":"Frischwasser-Drucksystem CEM INOX 24V 50 lt\/m mit EPC"},"content":{"rendered":"<p>Frischwasser-Drucksystem CEM INOX 24V 50 lt\/m mit EPC &#8211; <\/p>\n<p>Das EPC (Elektronische Druckkontrolle) Frischwasser-Drucksystem ist mit automatischen Start- und Stoppfunktionen ausgestattet. Die Pumpe h\u00f6rt auf zu arbeiten, wenn kein Wasser verf\u00fcgbar ist, und startet automatisch neu, sobald wieder Wasser erkannt wird. Dieses System ist ideal f\u00fcr Boote zwischen 16 und 24 Metern L\u00e4nge.<\/p>\n<p>Sowohl die Pumpe als auch der Impeller bestehen aus rostfreiem Stahl, was Langlebigkeit und Zuverl\u00e4ssigkeit garantiert.<\/p>\n<p>Bemerkenswerte Funktionen der CEM elektronisch betriebenen Frischwasserpumpe umfassen:<\/p>\n<ul>\n<li>Eine selbstansaugende Pumpeneinheit aus rostfreiem Stahl.<\/li>\n<li>Das EPC-System stoppt die Pumpe automatisch, wenn die Wasserversorgung ersch\u00f6pft ist, um Trockenlauf zu verhindern.<\/li>\n<li>Kontinuierliche Betriebs\u00fcberwachung durch Warnlichter: Ein gr\u00fcnes Licht zeigt an, dass die Pumpe aktiv ist, w\u00e4hrend ein rotes Licht einen Fehler anzeigt (z. B. Wassermangel).<\/li>\n<li>Es h\u00e4lt einen stabilen Druck w\u00e4hrend der Wasserversorgung.<\/li>\n<li>Ihr kompaktes Design ist effizienter im Vergleich zu herk\u00f6mmlichen Frischwasserpumpen mit Tanks.<\/li>\n<\/ul>\n<p>Spezifikationen:<\/p>\n<ul>\n<li>Spannung: 24V<\/li>\n<li>Durchflussrate: 55 Liter pro Minute<\/li>\n<li>Maximale F\u00f6rderh\u00f6he: 28 Meter<\/li>\n<li>Motorleistung: 0,4 PS (300 W)<\/li>\n<li>Motordrehzahl: 2200 U\/min<\/li>\n<li>Motorstrom: 33 A<\/li>\n<li>Maximaler Druck: 2,8 bar<\/li>\n<li>Schlauchadaptergr\u00f6\u00dfe: 1 Zoll<\/li>\n<li>Gewicht: 7 kg<\/li>\n<\/ul>\n<p>Dieses System ist darauf ausgelegt, Ihr Bootserlebnis zu verbessern, indem es eine zuverl\u00e4ssige und effiziente Frischwasser-Druckverwaltung gew\u00e4hrleistet.<\/p>\n","protected":false},"excerpt":{"rendered":"<p>Frischwasser-Drucksystem CEM INOX 24V 50 lt\/m mit EPC &#8211; Das EPC (Elektronische Druckkontrolle) Frischwasser-Drucksystem ist mit automatischen Start- und Stoppfunktionen<\/p>\n","protected":false},"featured_media":5939078,"comment_status":"open","ping_status":"closed","template":"","meta":[],"product_brand":[2975],"product_cat":[1373],"product_tag":[],"class_list":{"0":"post-733833","1":"product","2":"type-product","3":"status-publish","4":"has-post-thumbnail","6":"product_brand-gianneschi-de","7":"product_cat-wasserdruckpumpen","9":"first","10":"instock","11":"shipping-taxable","12":"purchasable","13":"product-type-simple"},"_links":{"self":[{"href":"https:\/\/stoic-curie.212-227-153-4.plesk.page\/de\/wp-json\/wp\/v2\/product\/733833","targetHints":{"allow":["GET"]}}],"collection":[{"href":"https:\/\/stoic-curie.212-227-153-4.plesk.page\/de\/wp-json\/wp\/v2\/product"}],"about":[{"href":"https:\/\/stoic-curie.212-227-153-4.plesk.page\/de\/wp-json\/wp\/v2\/types\/product"}],"replies":[{"embeddable":true,"href":"https:\/\/stoic-curie.212-227-153-4.plesk.page\/de\/wp-json\/wp\/v2\/comments?post=733833"}],"version-history":[{"count":0,"href":"https:\/\/stoic-curie.212-227-153-4.plesk.page\/de\/wp-json\/wp\/v2\/product\/733833\/revisions"}],"wp:featuredmedia":[{"embeddable":true,"href":"https:\/\/stoic-curie.212-227-153-4.plesk.page\/de\/wp-json\/wp\/v2\/media\/5939078"}],"wp:attachment":[{"href":"https:\/\/stoic-curie.212-227-153-4.plesk.page\/de\/wp-json\/wp\/v2\/media?parent=733833"}],"wp:term":[{"taxonomy":"product_brand","embeddable":true,"href":"https:\/\/stoic-curie.212-227-153-4.plesk.page\/de\/wp-json\/wp\/v2\/product_brand?post=733833"},{"taxonomy":"product_cat","embeddable":true,"href":"https:\/\/stoic-curie.212-227-153-4.plesk.page\/de\/wp-json\/wp\/v2\/product_cat?post=733833"},{"taxonomy":"product_tag","embeddable":true,"href":"https:\/\/stoic-curie.212-227-153-4.plesk.page\/de\/wp-json\/wp\/v2\/product_tag?post=733833"}],"curies":[{"name":"wp","href":"https:\/\/api.w.org\/{rel}","templated":true}]}}