{"id":733837,"date":"2025-03-03T16:20:28","date_gmt":"2025-03-03T15:20:28","guid":{"rendered":"https:\/\/stoic-curie.212-227-153-4.plesk.page\/producto\/elektromagnetische-kupplungspumpe-johnson-f8b-5001-1-1-2\/"},"modified":"2026-02-24T23:34:49","modified_gmt":"2026-02-24T23:34:49","slug":"elektromagnetische-kupplungspumpe-johnson-f8b-5001-1-1-2","status":"publish","type":"product","link":"https:\/\/stoic-curie.212-227-153-4.plesk.page\/de\/product\/elektromagnetische-kupplungspumpe-johnson-f8b-5001-1-1-2\/","title":{"rendered":"Johnson 10-13022-99"},"content":{"rendered":"<p>Johnson 10-13022-99 &#8211; <\/p>\n<p style=\"color: rgb(34, 34, 34); font-family: Arial, Helvetica, sans-serif; font-size: small;\">Wir pr\u00e4sentieren die Johnson Pump F8B-5001, SPX Referenz 10-13022-99. Diese Pumpe ist mit einer elektromagnetischen Kupplung ausgestattet, die f\u00fcr den Einsatz in schweren Anwendungen entwickelt wurde. Mit dieser innovativen Kupplung k\u00f6nnen Sie die Pumpe durch einfaches Dr\u00fccken eines Knopfes aktivieren, sogar aus der Ferne. In Kombination mit einem Vakuumschalter \u2013 der f\u00fcr den Einsatz als Bilgenpumpe empfohlen wird \u2013 trennt sich die Kupplung automatisch, wenn die Pumpe beginnt, Luft zu ziehen. Dieses Feature verhindert das Trockenlaufen und sch\u00fctzt die Pumpe vor Sch\u00e4den.<\/p>\n<p style=\"color: rgb(34, 34, 34); font-family: Arial, Helvetica, sans-serif; font-size: small;\">Unsere automatisch gesteuerten Pumpen sind in Gr\u00f6\u00dfen von 1&#8243; bis 2\u00bd&#8221; (20 l\/min bis 625 l\/min) erh\u00e4ltlich und funktionieren mit 12 oder 24 Volt. Die Verschlei\u00dfteile sind einfach auszutauschen und es stehen Service-Kits f\u00fcr alle Standardmodelle zur Verf\u00fcgung. Ein Vakuumschalter ist als zus\u00e4tzliches Zubeh\u00f6r erh\u00e4ltlich, bitte beachten Sie jedoch, dass die Kupplung separat bestellt werden muss.<\/p>\n<p style=\"color: rgb(34, 34, 34); font-family: Arial, Helvetica, sans-serif; font-size: small;\"><strong>Technische Spezifikationen:<\/strong><\/p>\n<ul style=\"color: rgb(34, 34, 34); font-family: Arial, Helvetica, sans-serif; font-size: small;\">\n<li><strong>Pumpengeh\u00e4use:<\/strong>&nbsp;Bronze<\/li>\n<li><strong>Anschluss f\u00fcr Vakuumschalter<\/strong><\/li>\n<li><strong>Welle:<\/strong>&nbsp;Edelstahl mit permanent geschmierten Doppelkugellagern<\/li>\n<li><strong>Dichtung:<\/strong>&nbsp;Mechanische Dichtung<\/li>\n<li><strong>Walze:<\/strong>&nbsp;Alle oder teilweise Zahnradwalze<\/li>\n<li><strong>Anschluss:<\/strong>&nbsp;1\u00bd&#8221; BSP<\/li>\n<li><strong>Kupplung:<\/strong>&nbsp;Elektromagnetisch 12\/24 V DC<\/li>\n<li><strong>Riemenscheibe:<\/strong>&nbsp;2xA oder 1xB Nut<\/li>\n<li><strong>Riemenscheibendurchmesser:<\/strong>&nbsp;178 mm \/ 7&#8243;<\/li>\n<li><strong>Impeller:<\/strong>&nbsp;09-819B<\/li>\n<li><strong>Gewicht:<\/strong>&nbsp;9,9 kg &#8211; 22 lbs<\/li>\n<\/ul>\n<p style=\"color: rgb(34, 34, 34); font-family: Arial, Helvetica, sans-serif; font-size: small;\"><strong>Abmessungen:<\/strong><\/p>\n<ul style=\"color: rgb(34, 34, 34); font-family: Arial, Helvetica, sans-serif; font-size: small;\">\n<li><strong>L\u00e4nge:<\/strong>&nbsp;225 mm &#8211; 8.85&#8243;<\/li>\n<li><strong>H\u00f6he:<\/strong>&nbsp;160 mm &#8211; 6.29&#8243;<\/li>\n<li><strong>Breite:<\/strong>&nbsp;124 mm &#8211; 4.88&#8243;<\/li>\n<\/ul>\n<p style=\"color: rgb(34, 34, 34); font-family: Arial, Helvetica, sans-serif; font-size: small;\">Diese Pumpe ist eine zuverl\u00e4ssige Wahl f\u00fcr Ihre Bootsanforderungen und gew\u00e4hrleistet Effizienz und Langlebigkeit.<\/p>\n","protected":false},"excerpt":{"rendered":"<p>Johnson 10-13022-99 &#8211; Wir pr\u00e4sentieren die Johnson Pump F8B-5001, SPX Referenz 10-13022-99. Diese Pumpe ist mit einer elektromagnetischen Kupplung ausgestattet,<\/p>\n","protected":false},"featured_media":5939083,"comment_status":"open","ping_status":"closed","template":"","meta":[],"product_brand":[3045],"product_cat":[1522],"product_tag":[],"class_list":{"0":"post-733837","1":"product","2":"type-product","3":"status-publish","4":"has-post-thumbnail","6":"product_brand-johnson-marine-de","7":"product_cat-motorkuehlpumpen","9":"first","10":"instock","11":"shipping-taxable","12":"purchasable","13":"product-type-simple"},"_links":{"self":[{"href":"https:\/\/stoic-curie.212-227-153-4.plesk.page\/de\/wp-json\/wp\/v2\/product\/733837","targetHints":{"allow":["GET"]}}],"collection":[{"href":"https:\/\/stoic-curie.212-227-153-4.plesk.page\/de\/wp-json\/wp\/v2\/product"}],"about":[{"href":"https:\/\/stoic-curie.212-227-153-4.plesk.page\/de\/wp-json\/wp\/v2\/types\/product"}],"replies":[{"embeddable":true,"href":"https:\/\/stoic-curie.212-227-153-4.plesk.page\/de\/wp-json\/wp\/v2\/comments?post=733837"}],"version-history":[{"count":0,"href":"https:\/\/stoic-curie.212-227-153-4.plesk.page\/de\/wp-json\/wp\/v2\/product\/733837\/revisions"}],"wp:featuredmedia":[{"embeddable":true,"href":"https:\/\/stoic-curie.212-227-153-4.plesk.page\/de\/wp-json\/wp\/v2\/media\/5939083"}],"wp:attachment":[{"href":"https:\/\/stoic-curie.212-227-153-4.plesk.page\/de\/wp-json\/wp\/v2\/media?parent=733837"}],"wp:term":[{"taxonomy":"product_brand","embeddable":true,"href":"https:\/\/stoic-curie.212-227-153-4.plesk.page\/de\/wp-json\/wp\/v2\/product_brand?post=733837"},{"taxonomy":"product_cat","embeddable":true,"href":"https:\/\/stoic-curie.212-227-153-4.plesk.page\/de\/wp-json\/wp\/v2\/product_cat?post=733837"},{"taxonomy":"product_tag","embeddable":true,"href":"https:\/\/stoic-curie.212-227-153-4.plesk.page\/de\/wp-json\/wp\/v2\/product_tag?post=733837"}],"curies":[{"name":"wp","href":"https:\/\/api.w.org\/{rel}","templated":true}]}}