{"id":733840,"date":"2025-03-03T16:20:28","date_gmt":"2025-03-03T15:20:28","guid":{"rendered":"https:\/\/stoic-curie.212-227-153-4.plesk.page\/producto\/johnson-0-3454-002-elektromagnetische-kupplungsrille-24v-2xa-7\/"},"modified":"2026-02-24T23:34:49","modified_gmt":"2026-02-24T23:34:49","slug":"johnson-0-3454-002-elektromagnetische-kupplungsrille-24v-2xa-7","status":"publish","type":"product","link":"https:\/\/stoic-curie.212-227-153-4.plesk.page\/de\/product\/johnson-0-3454-002-elektromagnetische-kupplungsrille-24v-2xa-7\/","title":{"rendered":"Johnson 0.3454.002"},"content":{"rendered":"<p>Johnson 0.3454.002 &#8211; <\/p>\n<p style=\"color: rgb(34, 34, 34); font-family: Arial, Helvetica, sans-serif; font-size: small;\">Elektro-Magnetkupplung, 24V 2xA 7&#8243; Riemenscheibe. Die Johnson-Elektromagnetkupplung ist f\u00fcr den Einsatz mit den flexiblen Impellerkupplungspumpen von Johnson konzipiert. Die 2xA-Rille dieser Kupplung ist mit der Motorriemenscheibe kompatibel. Die alternative Johnson-Referenz f\u00fcr diese Kupplung ist 0.3454.002.<\/p>\n<p style=\"color: rgb(34, 34, 34); font-family: Arial, Helvetica, sans-serif; font-size: small;\">Johnson Pump 0.3454.002 &#8211; Elektro-Magnetkupplung, 24V, 2xA 7&#8243; Riemenscheibe (05-32-2)<\/p>\n<p style=\"color: rgb(34, 34, 34); font-family: Arial, Helvetica, sans-serif; font-size: small;\">Die Johnson Pump 0.3454.002 Elektro-Magnetkupplung ist eine zuverl\u00e4ssige und effiziente L\u00f6sung zur Bereitstellung von Pumpkraft, wann immer sie ben\u00f6tigt wird, selbst wenn Sie sich nicht physisch an der Pumpe befinden. Diese Kupplung verf\u00fcgt \u00fcber eine 2xA 7&#8243; Riemenscheibe und arbeitet mit 24V, was Bequemlichkeit und Automatisierung f\u00fcr Ihre Pumpaufgaben bietet. In Kombination mit einem Vakuumschalter (empfohlen f\u00fcr Bilgepumpenanwendungen) trennt sich die Kupplung automatisch, wenn die Pumpe beginnt, Luft zu f\u00f6rdern, um ein Trockenlaufen und m\u00f6gliche Sch\u00e4den an der Pumpe zu verhindern.<\/p>\n<ul style=\"color: rgb(34, 34, 34); font-family: Arial, Helvetica, sans-serif; font-size: small;\">\n<li>Professionell aus hochwertigen Materialien gefertigt.<\/li>\n<li>Bezahlbare Preise ohne Qualit\u00e4tskompromisse.<\/li>\n<li>Entwickelt, um strengen Qualit\u00e4tsstandards zu entsprechen.<\/li>\n<\/ul>\n<p style=\"color: rgb(34, 34, 34); font-family: Arial, Helvetica, sans-serif; font-size: small;\"><strong>Warnung:<\/strong> Dieses Produkt kann Materialien enthalten, die dem kalifornischen Gesetz Proposition 65 unterliegen.<\/p>\n<p style=\"color: rgb(34, 34, 34); font-family: Arial, Helvetica, sans-serif; font-size: small;\"><strong>Spezifikationen:<\/strong><\/p>\n<ul style=\"color: rgb(34, 34, 34); font-family: Arial, Helvetica, sans-serif; font-size: small;\">\n<li>Typ: 2xA 7&#8243; Riemenscheibe<\/li>\n<li>Spannung: 24V<\/li>\n<li>Marke: SPX Johnson Pump<\/li>\n<li>Versandgewicht: 2,60 kg<\/li>\n<\/ul>\n<p style=\"color: rgb(34, 34, 34); font-family: Arial, Helvetica, sans-serif; font-size: small;\"><strong>Ersetzt:<\/strong> Johnson 0.3454.002<br \/><strong>Marke:<\/strong> Johnson<br \/><strong>Spannungsbeschreibung:<\/strong> 24V DC<br \/><strong>Durchmesserbeschreibung:<\/strong> 178 mm<\/p>\n","protected":false},"excerpt":{"rendered":"<p>Johnson 0.3454.002 &#8211; Elektro-Magnetkupplung, 24V 2xA 7&#8243; Riemenscheibe. Die Johnson-Elektromagnetkupplung ist f\u00fcr den Einsatz mit den flexiblen Impellerkupplungspumpen von Johnson<\/p>\n","protected":false},"featured_media":5939087,"comment_status":"open","ping_status":"closed","template":"","meta":[],"product_brand":[3045],"product_cat":[1522],"product_tag":[],"class_list":{"0":"post-733840","1":"product","2":"type-product","3":"status-publish","4":"has-post-thumbnail","6":"product_brand-johnson-marine-de","7":"product_cat-motorkuehlpumpen","9":"first","10":"instock","11":"shipping-taxable","12":"purchasable","13":"product-type-simple"},"_links":{"self":[{"href":"https:\/\/stoic-curie.212-227-153-4.plesk.page\/de\/wp-json\/wp\/v2\/product\/733840","targetHints":{"allow":["GET"]}}],"collection":[{"href":"https:\/\/stoic-curie.212-227-153-4.plesk.page\/de\/wp-json\/wp\/v2\/product"}],"about":[{"href":"https:\/\/stoic-curie.212-227-153-4.plesk.page\/de\/wp-json\/wp\/v2\/types\/product"}],"replies":[{"embeddable":true,"href":"https:\/\/stoic-curie.212-227-153-4.plesk.page\/de\/wp-json\/wp\/v2\/comments?post=733840"}],"version-history":[{"count":0,"href":"https:\/\/stoic-curie.212-227-153-4.plesk.page\/de\/wp-json\/wp\/v2\/product\/733840\/revisions"}],"wp:featuredmedia":[{"embeddable":true,"href":"https:\/\/stoic-curie.212-227-153-4.plesk.page\/de\/wp-json\/wp\/v2\/media\/5939087"}],"wp:attachment":[{"href":"https:\/\/stoic-curie.212-227-153-4.plesk.page\/de\/wp-json\/wp\/v2\/media?parent=733840"}],"wp:term":[{"taxonomy":"product_brand","embeddable":true,"href":"https:\/\/stoic-curie.212-227-153-4.plesk.page\/de\/wp-json\/wp\/v2\/product_brand?post=733840"},{"taxonomy":"product_cat","embeddable":true,"href":"https:\/\/stoic-curie.212-227-153-4.plesk.page\/de\/wp-json\/wp\/v2\/product_cat?post=733840"},{"taxonomy":"product_tag","embeddable":true,"href":"https:\/\/stoic-curie.212-227-153-4.plesk.page\/de\/wp-json\/wp\/v2\/product_tag?post=733840"}],"curies":[{"name":"wp","href":"https:\/\/api.w.org\/{rel}","templated":true}]}}