{"id":733846,"date":"2025-03-03T16:20:29","date_gmt":"2025-03-03T15:20:29","guid":{"rendered":"https:\/\/stoic-curie.212-227-153-4.plesk.page\/producto\/originale-kuehlwasserpumpe-ancor-st103\/"},"modified":"2026-02-24T23:34:49","modified_gmt":"2026-02-24T23:34:49","slug":"originale-kuehlwasserpumpe-ancor-st103","status":"publish","type":"product","link":"https:\/\/stoic-curie.212-227-153-4.plesk.page\/de\/product\/originale-kuehlwasserpumpe-ancor-st103\/","title":{"rendered":"Originale K\u00fchlwasserpumpe Ancor ST103"},"content":{"rendered":"<p>Originale K\u00fchlwasserpumpe Ancor ST103 &#8211; <\/p>\n<p>Bronzepumpe mit Neopren-L\u00e4ufer. Jabsco Ref 18400-0001 F\u00fcr Motoren: Onan 12MDJC\/15MDJF\/30MDEH\/MDKLA<\/p>\n","protected":false},"excerpt":{"rendered":"<p>Originale K\u00fchlwasserpumpe Ancor ST103 &#8211; Bronzepumpe mit Neopren-L\u00e4ufer. Jabsco Ref 18400-0001 F\u00fcr Motoren: Onan 12MDJC\/15MDJF\/30MDEH\/MDKLA<\/p>\n","protected":false},"featured_media":5939099,"comment_status":"open","ping_status":"closed","template":"","meta":[],"product_brand":[2780],"product_cat":[1522],"product_tag":[],"class_list":{"0":"post-733846","1":"product","2":"type-product","3":"status-publish","4":"has-post-thumbnail","6":"product_brand-ancor-marine-de","7":"product_cat-motorkuehlpumpen","9":"first","10":"instock","11":"shipping-taxable","12":"purchasable","13":"product-type-simple"},"_links":{"self":[{"href":"https:\/\/stoic-curie.212-227-153-4.plesk.page\/de\/wp-json\/wp\/v2\/product\/733846","targetHints":{"allow":["GET"]}}],"collection":[{"href":"https:\/\/stoic-curie.212-227-153-4.plesk.page\/de\/wp-json\/wp\/v2\/product"}],"about":[{"href":"https:\/\/stoic-curie.212-227-153-4.plesk.page\/de\/wp-json\/wp\/v2\/types\/product"}],"replies":[{"embeddable":true,"href":"https:\/\/stoic-curie.212-227-153-4.plesk.page\/de\/wp-json\/wp\/v2\/comments?post=733846"}],"version-history":[{"count":0,"href":"https:\/\/stoic-curie.212-227-153-4.plesk.page\/de\/wp-json\/wp\/v2\/product\/733846\/revisions"}],"wp:featuredmedia":[{"embeddable":true,"href":"https:\/\/stoic-curie.212-227-153-4.plesk.page\/de\/wp-json\/wp\/v2\/media\/5939099"}],"wp:attachment":[{"href":"https:\/\/stoic-curie.212-227-153-4.plesk.page\/de\/wp-json\/wp\/v2\/media?parent=733846"}],"wp:term":[{"taxonomy":"product_brand","embeddable":true,"href":"https:\/\/stoic-curie.212-227-153-4.plesk.page\/de\/wp-json\/wp\/v2\/product_brand?post=733846"},{"taxonomy":"product_cat","embeddable":true,"href":"https:\/\/stoic-curie.212-227-153-4.plesk.page\/de\/wp-json\/wp\/v2\/product_cat?post=733846"},{"taxonomy":"product_tag","embeddable":true,"href":"https:\/\/stoic-curie.212-227-153-4.plesk.page\/de\/wp-json\/wp\/v2\/product_tag?post=733846"}],"curies":[{"name":"wp","href":"https:\/\/api.w.org\/{rel}","templated":true}]}}