{"id":733866,"date":"2025-03-03T16:20:33","date_gmt":"2025-03-03T15:20:33","guid":{"rendered":"https:\/\/stoic-curie.212-227-153-4.plesk.page\/producto\/service-kit-fuer-johnson-f35b-8\/"},"modified":"2026-02-24T23:34:49","modified_gmt":"2026-02-24T23:34:49","slug":"service-kit-fuer-johnson-f35b-8","status":"publish","type":"product","link":"https:\/\/stoic-curie.212-227-153-4.plesk.page\/de\/product\/service-kit-fuer-johnson-f35b-8\/","title":{"rendered":"Service-Kit f\u00fcr Johnson f35b-8"},"content":{"rendered":"<p>Service-Kit f\u00fcr Johnson f35b-8 &#8211; <\/p>\n<p>Wartungskit f\u00fcr Johnson-K\u00fchlradpumpen. Enth\u00e4lt Impeller, Schmiermittel, Benutzerhandbuch und andere Ersatzteile, je nach Kit.<\/p>\n","protected":false},"excerpt":{"rendered":"<p>Service-Kit f\u00fcr Johnson f35b-8 &#8211; Wartungskit f\u00fcr Johnson-K\u00fchlradpumpen. Enth\u00e4lt Impeller, Schmiermittel, Benutzerhandbuch und andere Ersatzteile, je nach Kit.<\/p>\n","protected":false},"featured_media":2941380,"comment_status":"open","ping_status":"closed","template":"","meta":[],"product_brand":[2206,3045],"product_cat":[1522],"product_tag":[],"class_list":{"0":"post-733866","1":"product","2":"type-product","3":"status-publish","4":"has-post-thumbnail","6":"product_brand-johnson-marine","7":"product_brand-johnson-marine-de","8":"product_cat-motorkuehlpumpen","10":"first","11":"instock","12":"shipping-taxable","13":"purchasable","14":"product-type-simple"},"_links":{"self":[{"href":"https:\/\/stoic-curie.212-227-153-4.plesk.page\/de\/wp-json\/wp\/v2\/product\/733866","targetHints":{"allow":["GET"]}}],"collection":[{"href":"https:\/\/stoic-curie.212-227-153-4.plesk.page\/de\/wp-json\/wp\/v2\/product"}],"about":[{"href":"https:\/\/stoic-curie.212-227-153-4.plesk.page\/de\/wp-json\/wp\/v2\/types\/product"}],"replies":[{"embeddable":true,"href":"https:\/\/stoic-curie.212-227-153-4.plesk.page\/de\/wp-json\/wp\/v2\/comments?post=733866"}],"version-history":[{"count":0,"href":"https:\/\/stoic-curie.212-227-153-4.plesk.page\/de\/wp-json\/wp\/v2\/product\/733866\/revisions"}],"wp:featuredmedia":[{"embeddable":true,"href":"https:\/\/stoic-curie.212-227-153-4.plesk.page\/de\/wp-json\/"}],"wp:attachment":[{"href":"https:\/\/stoic-curie.212-227-153-4.plesk.page\/de\/wp-json\/wp\/v2\/media?parent=733866"}],"wp:term":[{"taxonomy":"product_brand","embeddable":true,"href":"https:\/\/stoic-curie.212-227-153-4.plesk.page\/de\/wp-json\/wp\/v2\/product_brand?post=733866"},{"taxonomy":"product_cat","embeddable":true,"href":"https:\/\/stoic-curie.212-227-153-4.plesk.page\/de\/wp-json\/wp\/v2\/product_cat?post=733866"},{"taxonomy":"product_tag","embeddable":true,"href":"https:\/\/stoic-curie.212-227-153-4.plesk.page\/de\/wp-json\/wp\/v2\/product_tag?post=733866"}],"curies":[{"name":"wp","href":"https:\/\/api.w.org\/{rel}","templated":true}]}}