{"id":733869,"date":"2025-03-03T16:20:34","date_gmt":"2025-03-03T15:20:34","guid":{"rendered":"https:\/\/stoic-curie.212-227-153-4.plesk.page\/producto\/service-kit-fuer-jhonson-pumpen-f7b-8-und-f7b-9\/"},"modified":"2026-02-24T23:34:49","modified_gmt":"2026-02-24T23:34:49","slug":"service-kit-fuer-jhonson-pumpen-f7b-8-und-f7b-9","status":"publish","type":"product","link":"https:\/\/stoic-curie.212-227-153-4.plesk.page\/de\/product\/service-kit-fuer-jhonson-pumpen-f7b-8-und-f7b-9\/","title":{"rendered":"Service-Kit f\u00fcr Jhonson Pumpen F7B-8 und F7B-9"},"content":{"rendered":"<p>Service-Kit f\u00fcr Jhonson Pumpen F7B-8 und F7B-9 &#8211; <\/p>\n<p>Wartungsservice-Kit f\u00fcr Johnson-K\u00fchlradpumpen. Enth\u00e4lt Impeller, Schmiermittel, Benutzerhandbuch und weitere Ersatzteile, abh\u00e4ngig vom Kit.<\/p>\n","protected":false},"excerpt":{"rendered":"<p>Service-Kit f\u00fcr Jhonson Pumpen F7B-8 und F7B-9 &#8211; Wartungsservice-Kit f\u00fcr Johnson-K\u00fchlradpumpen. Enth\u00e4lt Impeller, Schmiermittel, Benutzerhandbuch und weitere Ersatzteile, abh\u00e4ngig vom<\/p>\n","protected":false},"featured_media":5939135,"comment_status":"open","ping_status":"closed","template":"","meta":[],"product_brand":[3045],"product_cat":[1522],"product_tag":[],"class_list":{"0":"post-733869","1":"product","2":"type-product","3":"status-publish","4":"has-post-thumbnail","6":"product_brand-johnson-marine-de","7":"product_cat-motorkuehlpumpen","9":"first","10":"instock","11":"shipping-taxable","12":"purchasable","13":"product-type-simple"},"_links":{"self":[{"href":"https:\/\/stoic-curie.212-227-153-4.plesk.page\/de\/wp-json\/wp\/v2\/product\/733869","targetHints":{"allow":["GET"]}}],"collection":[{"href":"https:\/\/stoic-curie.212-227-153-4.plesk.page\/de\/wp-json\/wp\/v2\/product"}],"about":[{"href":"https:\/\/stoic-curie.212-227-153-4.plesk.page\/de\/wp-json\/wp\/v2\/types\/product"}],"replies":[{"embeddable":true,"href":"https:\/\/stoic-curie.212-227-153-4.plesk.page\/de\/wp-json\/wp\/v2\/comments?post=733869"}],"version-history":[{"count":0,"href":"https:\/\/stoic-curie.212-227-153-4.plesk.page\/de\/wp-json\/wp\/v2\/product\/733869\/revisions"}],"wp:featuredmedia":[{"embeddable":true,"href":"https:\/\/stoic-curie.212-227-153-4.plesk.page\/de\/wp-json\/wp\/v2\/media\/5939135"}],"wp:attachment":[{"href":"https:\/\/stoic-curie.212-227-153-4.plesk.page\/de\/wp-json\/wp\/v2\/media?parent=733869"}],"wp:term":[{"taxonomy":"product_brand","embeddable":true,"href":"https:\/\/stoic-curie.212-227-153-4.plesk.page\/de\/wp-json\/wp\/v2\/product_brand?post=733869"},{"taxonomy":"product_cat","embeddable":true,"href":"https:\/\/stoic-curie.212-227-153-4.plesk.page\/de\/wp-json\/wp\/v2\/product_cat?post=733869"},{"taxonomy":"product_tag","embeddable":true,"href":"https:\/\/stoic-curie.212-227-153-4.plesk.page\/de\/wp-json\/wp\/v2\/product_tag?post=733869"}],"curies":[{"name":"wp","href":"https:\/\/api.w.org\/{rel}","templated":true}]}}