{"id":733878,"date":"2025-03-03T16:20:36","date_gmt":"2025-03-03T15:20:36","guid":{"rendered":"https:\/\/stoic-curie.212-227-153-4.plesk.page\/producto\/kit-reparatur-fuer-pumpe-ancor-st135\/"},"modified":"2026-02-24T23:34:49","modified_gmt":"2026-02-24T23:34:49","slug":"kit-reparatur-fuer-pumpe-ancor-st135","status":"publish","type":"product","link":"https:\/\/stoic-curie.212-227-153-4.plesk.page\/de\/product\/kit-reparatur-fuer-pumpe-ancor-st135\/","title":{"rendered":"Kit Reparatur f\u00fcr Pumpe Ancor St135"},"content":{"rendered":"<p>Kit Reparatur f\u00fcr Pumpe Ancor St135 &#8211; <\/p>\n<p>Wartungskit f\u00fcr Ancor K\u00fchlimpellerpumpen. Enth\u00e4lt: Impeller, Dichtungen, Lager, Abdeckung mit Schrauben, Nocken, Schmiermittel und Benutzerhandbuch.<\/p>\n","protected":false},"excerpt":{"rendered":"<p>Kit Reparatur f\u00fcr Pumpe Ancor St135 &#8211; Wartungskit f\u00fcr Ancor K\u00fchlimpellerpumpen. Enth\u00e4lt: Impeller, Dichtungen, Lager, Abdeckung mit Schrauben, Nocken, Schmiermittel<\/p>\n","protected":false},"featured_media":2941422,"comment_status":"open","ping_status":"closed","template":"","meta":[],"product_brand":[2240,2780],"product_cat":[1522],"product_tag":[],"class_list":{"0":"post-733878","1":"product","2":"type-product","3":"status-publish","4":"has-post-thumbnail","6":"product_brand-ancor-marine","7":"product_brand-ancor-marine-de","8":"product_cat-motorkuehlpumpen","10":"first","11":"instock","12":"shipping-taxable","13":"purchasable","14":"product-type-simple"},"_links":{"self":[{"href":"https:\/\/stoic-curie.212-227-153-4.plesk.page\/de\/wp-json\/wp\/v2\/product\/733878","targetHints":{"allow":["GET"]}}],"collection":[{"href":"https:\/\/stoic-curie.212-227-153-4.plesk.page\/de\/wp-json\/wp\/v2\/product"}],"about":[{"href":"https:\/\/stoic-curie.212-227-153-4.plesk.page\/de\/wp-json\/wp\/v2\/types\/product"}],"replies":[{"embeddable":true,"href":"https:\/\/stoic-curie.212-227-153-4.plesk.page\/de\/wp-json\/wp\/v2\/comments?post=733878"}],"version-history":[{"count":0,"href":"https:\/\/stoic-curie.212-227-153-4.plesk.page\/de\/wp-json\/wp\/v2\/product\/733878\/revisions"}],"wp:featuredmedia":[{"embeddable":true,"href":"https:\/\/stoic-curie.212-227-153-4.plesk.page\/de\/wp-json\/"}],"wp:attachment":[{"href":"https:\/\/stoic-curie.212-227-153-4.plesk.page\/de\/wp-json\/wp\/v2\/media?parent=733878"}],"wp:term":[{"taxonomy":"product_brand","embeddable":true,"href":"https:\/\/stoic-curie.212-227-153-4.plesk.page\/de\/wp-json\/wp\/v2\/product_brand?post=733878"},{"taxonomy":"product_cat","embeddable":true,"href":"https:\/\/stoic-curie.212-227-153-4.plesk.page\/de\/wp-json\/wp\/v2\/product_cat?post=733878"},{"taxonomy":"product_tag","embeddable":true,"href":"https:\/\/stoic-curie.212-227-153-4.plesk.page\/de\/wp-json\/wp\/v2\/product_tag?post=733878"}],"curies":[{"name":"wp","href":"https:\/\/api.w.org\/{rel}","templated":true}]}}