{"id":733881,"date":"2025-03-03T16:20:36","date_gmt":"2025-03-03T15:20:36","guid":{"rendered":"https:\/\/stoic-curie.212-227-153-4.plesk.page\/producto\/kit-reparatur-fuer-pumpe-ancor-st149\/"},"modified":"2026-02-24T23:34:49","modified_gmt":"2026-02-24T23:34:49","slug":"kit-reparatur-fuer-pumpe-ancor-st149","status":"publish","type":"product","link":"https:\/\/stoic-curie.212-227-153-4.plesk.page\/de\/product\/kit-reparatur-fuer-pumpe-ancor-st149\/","title":{"rendered":"Kit Reparatur f\u00fcr Pumpe Ancor ST149"},"content":{"rendered":"<p>Kit Reparatur f\u00fcr Pumpe Ancor ST149 &#8211; <\/p>\n<p>Wartungsset f\u00fcr Ancor-K\u00fchlmittelimpellerpumpen. Enth\u00e4lt: Impeller, Dichtungen, Lager, Abdeckung mit Schrauben, Nocken, Schmiermittel und Bedienungsanleitung.<\/p>\n","protected":false},"excerpt":{"rendered":"<p>Kit Reparatur f\u00fcr Pumpe Ancor ST149 &#8211; Wartungsset f\u00fcr Ancor-K\u00fchlmittelimpellerpumpen. Enth\u00e4lt: Impeller, Dichtungen, Lager, Abdeckung mit Schrauben, Nocken, Schmiermittel und<\/p>\n","protected":false},"featured_media":5939139,"comment_status":"open","ping_status":"closed","template":"","meta":[],"product_brand":[2780],"product_cat":[1522],"product_tag":[],"class_list":{"0":"post-733881","1":"product","2":"type-product","3":"status-publish","4":"has-post-thumbnail","6":"product_brand-ancor-marine-de","7":"product_cat-motorkuehlpumpen","9":"first","10":"instock","11":"shipping-taxable","12":"purchasable","13":"product-type-simple"},"_links":{"self":[{"href":"https:\/\/stoic-curie.212-227-153-4.plesk.page\/de\/wp-json\/wp\/v2\/product\/733881","targetHints":{"allow":["GET"]}}],"collection":[{"href":"https:\/\/stoic-curie.212-227-153-4.plesk.page\/de\/wp-json\/wp\/v2\/product"}],"about":[{"href":"https:\/\/stoic-curie.212-227-153-4.plesk.page\/de\/wp-json\/wp\/v2\/types\/product"}],"replies":[{"embeddable":true,"href":"https:\/\/stoic-curie.212-227-153-4.plesk.page\/de\/wp-json\/wp\/v2\/comments?post=733881"}],"version-history":[{"count":0,"href":"https:\/\/stoic-curie.212-227-153-4.plesk.page\/de\/wp-json\/wp\/v2\/product\/733881\/revisions"}],"wp:featuredmedia":[{"embeddable":true,"href":"https:\/\/stoic-curie.212-227-153-4.plesk.page\/de\/wp-json\/wp\/v2\/media\/5939139"}],"wp:attachment":[{"href":"https:\/\/stoic-curie.212-227-153-4.plesk.page\/de\/wp-json\/wp\/v2\/media?parent=733881"}],"wp:term":[{"taxonomy":"product_brand","embeddable":true,"href":"https:\/\/stoic-curie.212-227-153-4.plesk.page\/de\/wp-json\/wp\/v2\/product_brand?post=733881"},{"taxonomy":"product_cat","embeddable":true,"href":"https:\/\/stoic-curie.212-227-153-4.plesk.page\/de\/wp-json\/wp\/v2\/product_cat?post=733881"},{"taxonomy":"product_tag","embeddable":true,"href":"https:\/\/stoic-curie.212-227-153-4.plesk.page\/de\/wp-json\/wp\/v2\/product_tag?post=733881"}],"curies":[{"name":"wp","href":"https:\/\/api.w.org\/{rel}","templated":true}]}}