{"id":733891,"date":"2025-03-03T16:20:38","date_gmt":"2025-03-03T15:20:38","guid":{"rendered":"https:\/\/stoic-curie.212-227-153-4.plesk.page\/producto\/manual-brasspumpe-fuer-oelwechsel-335-mm\/"},"modified":"2026-02-24T23:34:49","modified_gmt":"2026-02-24T23:34:49","slug":"manual-brasspumpe-fuer-oelwechsel-335-mm","status":"publish","type":"product","link":"https:\/\/stoic-curie.212-227-153-4.plesk.page\/de\/product\/manual-brasspumpe-fuer-oelwechsel-335-mm\/","title":{"rendered":"Manual-Brasspumpe f\u00fcr \u00d6lwechsel 335 mm"},"content":{"rendered":"<p>Manual-Brasspumpe f\u00fcr \u00d6lwechsel 335 mm &#8211; <\/p>\n<p>Hochwertige manuelle Motor\u00f6lschraube aus Messing f\u00fcr Sumpfpumpen.<\/p>\n","protected":false},"excerpt":{"rendered":"<p>Manual-Brasspumpe f\u00fcr \u00d6lwechsel 335 mm &#8211; Hochwertige manuelle Motor\u00f6lschraube aus Messing f\u00fcr Sumpfpumpen.<\/p>\n","protected":false},"featured_media":5939150,"comment_status":"open","ping_status":"closed","template":"","meta":[],"product_brand":[2945],"product_cat":[1500],"product_tag":[],"class_list":{"0":"post-733891","1":"product","2":"type-product","3":"status-publish","4":"has-post-thumbnail","6":"product_brand-foresti-suardi-de","7":"product_cat-pumpen-fuer-oel-und-kraftstoff","9":"first","10":"instock","11":"shipping-taxable","12":"purchasable","13":"product-type-simple"},"_links":{"self":[{"href":"https:\/\/stoic-curie.212-227-153-4.plesk.page\/de\/wp-json\/wp\/v2\/product\/733891","targetHints":{"allow":["GET"]}}],"collection":[{"href":"https:\/\/stoic-curie.212-227-153-4.plesk.page\/de\/wp-json\/wp\/v2\/product"}],"about":[{"href":"https:\/\/stoic-curie.212-227-153-4.plesk.page\/de\/wp-json\/wp\/v2\/types\/product"}],"replies":[{"embeddable":true,"href":"https:\/\/stoic-curie.212-227-153-4.plesk.page\/de\/wp-json\/wp\/v2\/comments?post=733891"}],"version-history":[{"count":0,"href":"https:\/\/stoic-curie.212-227-153-4.plesk.page\/de\/wp-json\/wp\/v2\/product\/733891\/revisions"}],"wp:featuredmedia":[{"embeddable":true,"href":"https:\/\/stoic-curie.212-227-153-4.plesk.page\/de\/wp-json\/wp\/v2\/media\/5939150"}],"wp:attachment":[{"href":"https:\/\/stoic-curie.212-227-153-4.plesk.page\/de\/wp-json\/wp\/v2\/media?parent=733891"}],"wp:term":[{"taxonomy":"product_brand","embeddable":true,"href":"https:\/\/stoic-curie.212-227-153-4.plesk.page\/de\/wp-json\/wp\/v2\/product_brand?post=733891"},{"taxonomy":"product_cat","embeddable":true,"href":"https:\/\/stoic-curie.212-227-153-4.plesk.page\/de\/wp-json\/wp\/v2\/product_cat?post=733891"},{"taxonomy":"product_tag","embeddable":true,"href":"https:\/\/stoic-curie.212-227-153-4.plesk.page\/de\/wp-json\/wp\/v2\/product_tag?post=733891"}],"curies":[{"name":"wp","href":"https:\/\/api.w.org\/{rel}","templated":true}]}}