{"id":733892,"date":"2025-03-03T16:20:39","date_gmt":"2025-03-03T15:20:39","guid":{"rendered":"https:\/\/stoic-curie.212-227-153-4.plesk.page\/producto\/oelwechsel-handpumpe-4-liter\/"},"modified":"2026-02-24T23:34:49","modified_gmt":"2026-02-24T23:34:49","slug":"oelwechsel-handpumpe-4-liter","status":"publish","type":"product","link":"https:\/\/stoic-curie.212-227-153-4.plesk.page\/de\/product\/oelwechsel-handpumpe-4-liter\/","title":{"rendered":"\u00d6lwechsel-Handpumpe 4 Liter"},"content":{"rendered":"<p>\u00d6lwechsel-Handpumpe 4 Liter &#8211; <\/p>\n<p>Professionelle \u00d6lpumpe f\u00fcr den Qualit\u00e4tswechsel. Robuster transparenter Tank mit automatischem Blockventil f\u00fcr den vollen F\u00fcllstand. Komplett mit Anschl\u00fcssen und 3 Schl\u00e4uchen mit den Durchmessern 5,8\/6,7\/9,8 mm und den jeweiligen L\u00e4ngen von 85\/85\/100 cm.<\/p>\n","protected":false},"excerpt":{"rendered":"<p>\u00d6lwechsel-Handpumpe 4 Liter &#8211; Professionelle \u00d6lpumpe f\u00fcr den Qualit\u00e4tswechsel. Robuster transparenter Tank mit automatischem Blockventil f\u00fcr den vollen F\u00fcllstand. Komplett<\/p>\n","protected":false},"featured_media":5939152,"comment_status":"open","ping_status":"closed","template":"","meta":[],"product_brand":[3490],"product_cat":[1500],"product_tag":[],"class_list":{"0":"post-733892","1":"product","2":"type-product","3":"status-publish","4":"has-post-thumbnail","6":"product_brand-trem-de","7":"product_cat-pumpen-fuer-oel-und-kraftstoff","9":"first","10":"instock","11":"shipping-taxable","12":"purchasable","13":"product-type-simple"},"_links":{"self":[{"href":"https:\/\/stoic-curie.212-227-153-4.plesk.page\/de\/wp-json\/wp\/v2\/product\/733892","targetHints":{"allow":["GET"]}}],"collection":[{"href":"https:\/\/stoic-curie.212-227-153-4.plesk.page\/de\/wp-json\/wp\/v2\/product"}],"about":[{"href":"https:\/\/stoic-curie.212-227-153-4.plesk.page\/de\/wp-json\/wp\/v2\/types\/product"}],"replies":[{"embeddable":true,"href":"https:\/\/stoic-curie.212-227-153-4.plesk.page\/de\/wp-json\/wp\/v2\/comments?post=733892"}],"version-history":[{"count":0,"href":"https:\/\/stoic-curie.212-227-153-4.plesk.page\/de\/wp-json\/wp\/v2\/product\/733892\/revisions"}],"wp:featuredmedia":[{"embeddable":true,"href":"https:\/\/stoic-curie.212-227-153-4.plesk.page\/de\/wp-json\/wp\/v2\/media\/5939152"}],"wp:attachment":[{"href":"https:\/\/stoic-curie.212-227-153-4.plesk.page\/de\/wp-json\/wp\/v2\/media?parent=733892"}],"wp:term":[{"taxonomy":"product_brand","embeddable":true,"href":"https:\/\/stoic-curie.212-227-153-4.plesk.page\/de\/wp-json\/wp\/v2\/product_brand?post=733892"},{"taxonomy":"product_cat","embeddable":true,"href":"https:\/\/stoic-curie.212-227-153-4.plesk.page\/de\/wp-json\/wp\/v2\/product_cat?post=733892"},{"taxonomy":"product_tag","embeddable":true,"href":"https:\/\/stoic-curie.212-227-153-4.plesk.page\/de\/wp-json\/wp\/v2\/product_tag?post=733892"}],"curies":[{"name":"wp","href":"https:\/\/api.w.org\/{rel}","templated":true}]}}