{"id":733895,"date":"2025-03-03T16:20:39","date_gmt":"2025-03-03T15:20:39","guid":{"rendered":"https:\/\/stoic-curie.212-227-153-4.plesk.page\/producto\/wasserumwaelzpumpe-cm30p7-1-12v-26-liter-pro-minute\/"},"modified":"2026-02-24T23:34:49","modified_gmt":"2026-02-24T23:34:49","slug":"wasserumwaelzpumpe-cm30p7-1-12v-26-liter-pro-minute","status":"publish","type":"product","link":"https:\/\/stoic-curie.212-227-153-4.plesk.page\/de\/product\/wasserumwaelzpumpe-cm30p7-1-12v-26-liter-pro-minute\/","title":{"rendered":"Wasserumw\u00e4lzpumpe Johnson CM30P7-1 12V, 26 Liter pro Minute"},"content":{"rendered":"<p>Wasserumw\u00e4lzpumpe Johnson CM30P7-1 12V, 26 Liter pro Minute &#8211; <\/p>\n<p>IP67 wasserdichte Zentrifugalpumpe f\u00fcr den Einlass und die kontinuierliche Zirkulation von frischem Wasser und Wasser-Glykol-Gemisch (max. 60%) in K\u00fchlsystemen. Motor mit Permanentmagnet und Kugellager, der f\u00fcr den Dauerbetrieb ausgelegt ist. Fl\u00fcssigkeitstemperatur: Min -40\u00b0C, Max +100\u00b0C.<\/p>\n","protected":false},"excerpt":{"rendered":"<p>Wasserumw\u00e4lzpumpe Johnson CM30P7-1 12V, 26 Liter pro Minute &#8211; IP67 wasserdichte Zentrifugalpumpe f\u00fcr den Einlass und die kontinuierliche Zirkulation von<\/p>\n","protected":false},"featured_media":5939155,"comment_status":"open","ping_status":"closed","template":"","meta":[],"product_brand":[3045],"product_cat":[1384],"product_tag":[],"class_list":{"0":"post-733895","1":"product","2":"type-product","3":"status-publish","4":"has-post-thumbnail","6":"product_brand-johnson-marine-de","7":"product_cat-wasserkreislaufpumpen","9":"first","10":"instock","11":"shipping-taxable","12":"purchasable","13":"product-type-simple"},"_links":{"self":[{"href":"https:\/\/stoic-curie.212-227-153-4.plesk.page\/de\/wp-json\/wp\/v2\/product\/733895","targetHints":{"allow":["GET"]}}],"collection":[{"href":"https:\/\/stoic-curie.212-227-153-4.plesk.page\/de\/wp-json\/wp\/v2\/product"}],"about":[{"href":"https:\/\/stoic-curie.212-227-153-4.plesk.page\/de\/wp-json\/wp\/v2\/types\/product"}],"replies":[{"embeddable":true,"href":"https:\/\/stoic-curie.212-227-153-4.plesk.page\/de\/wp-json\/wp\/v2\/comments?post=733895"}],"version-history":[{"count":0,"href":"https:\/\/stoic-curie.212-227-153-4.plesk.page\/de\/wp-json\/wp\/v2\/product\/733895\/revisions"}],"wp:featuredmedia":[{"embeddable":true,"href":"https:\/\/stoic-curie.212-227-153-4.plesk.page\/de\/wp-json\/wp\/v2\/media\/5939155"}],"wp:attachment":[{"href":"https:\/\/stoic-curie.212-227-153-4.plesk.page\/de\/wp-json\/wp\/v2\/media?parent=733895"}],"wp:term":[{"taxonomy":"product_brand","embeddable":true,"href":"https:\/\/stoic-curie.212-227-153-4.plesk.page\/de\/wp-json\/wp\/v2\/product_brand?post=733895"},{"taxonomy":"product_cat","embeddable":true,"href":"https:\/\/stoic-curie.212-227-153-4.plesk.page\/de\/wp-json\/wp\/v2\/product_cat?post=733895"},{"taxonomy":"product_tag","embeddable":true,"href":"https:\/\/stoic-curie.212-227-153-4.plesk.page\/de\/wp-json\/wp\/v2\/product_tag?post=733895"}],"curies":[{"name":"wp","href":"https:\/\/api.w.org\/{rel}","templated":true}]}}