{"id":733897,"date":"2025-03-03T16:20:39","date_gmt":"2025-03-03T15:20:39","guid":{"rendered":"https:\/\/stoic-curie.212-227-153-4.plesk.page\/producto\/hochdruck-umlaufpumpe-c090p5-1-12v-100-l-min\/"},"modified":"2026-02-24T23:34:49","modified_gmt":"2026-02-24T23:34:49","slug":"hochdruck-umlaufpumpe-c090p5-1-12v-100-l-min","status":"publish","type":"product","link":"https:\/\/stoic-curie.212-227-153-4.plesk.page\/de\/product\/hochdruck-umlaufpumpe-c090p5-1-12v-100-l-min\/","title":{"rendered":"Hochdruck-Umlaufpumpe C090P5-1 12V 100 l\/min"},"content":{"rendered":"<p>Hochdruck-Umlaufpumpe C090P5-1 12V 100 l\/min &#8211; <\/p>\n<p>Zentrifugalpumpe f\u00fcr die Zufuhr und kontinuierliche Zirkulation von frischem Wasser und Wasser-Glykol-Mischung (max. 60%) in K\u00fchlsystemen. Permanentmagnetmotor mit kugelgelagertem Aufbau, entwickelt f\u00fcr den Dauerbetrieb. Fl\u00fcssigkeitstemperatur Min -30\u00b0 Max +100\u00b0.<\/p>\n","protected":false},"excerpt":{"rendered":"<p>Hochdruck-Umlaufpumpe C090P5-1 12V 100 l\/min &#8211; Zentrifugalpumpe f\u00fcr die Zufuhr und kontinuierliche Zirkulation von frischem Wasser und Wasser-Glykol-Mischung (max. 60%)<\/p>\n","protected":false},"featured_media":5939160,"comment_status":"open","ping_status":"closed","template":"","meta":[],"product_brand":[3045],"product_cat":[1384],"product_tag":[],"class_list":{"0":"post-733897","1":"product","2":"type-product","3":"status-publish","4":"has-post-thumbnail","6":"product_brand-johnson-marine-de","7":"product_cat-wasserkreislaufpumpen","9":"first","10":"instock","11":"shipping-taxable","12":"purchasable","13":"product-type-simple"},"_links":{"self":[{"href":"https:\/\/stoic-curie.212-227-153-4.plesk.page\/de\/wp-json\/wp\/v2\/product\/733897","targetHints":{"allow":["GET"]}}],"collection":[{"href":"https:\/\/stoic-curie.212-227-153-4.plesk.page\/de\/wp-json\/wp\/v2\/product"}],"about":[{"href":"https:\/\/stoic-curie.212-227-153-4.plesk.page\/de\/wp-json\/wp\/v2\/types\/product"}],"replies":[{"embeddable":true,"href":"https:\/\/stoic-curie.212-227-153-4.plesk.page\/de\/wp-json\/wp\/v2\/comments?post=733897"}],"version-history":[{"count":0,"href":"https:\/\/stoic-curie.212-227-153-4.plesk.page\/de\/wp-json\/wp\/v2\/product\/733897\/revisions"}],"wp:featuredmedia":[{"embeddable":true,"href":"https:\/\/stoic-curie.212-227-153-4.plesk.page\/de\/wp-json\/wp\/v2\/media\/5939160"}],"wp:attachment":[{"href":"https:\/\/stoic-curie.212-227-153-4.plesk.page\/de\/wp-json\/wp\/v2\/media?parent=733897"}],"wp:term":[{"taxonomy":"product_brand","embeddable":true,"href":"https:\/\/stoic-curie.212-227-153-4.plesk.page\/de\/wp-json\/wp\/v2\/product_brand?post=733897"},{"taxonomy":"product_cat","embeddable":true,"href":"https:\/\/stoic-curie.212-227-153-4.plesk.page\/de\/wp-json\/wp\/v2\/product_cat?post=733897"},{"taxonomy":"product_tag","embeddable":true,"href":"https:\/\/stoic-curie.212-227-153-4.plesk.page\/de\/wp-json\/wp\/v2\/product_tag?post=733897"}],"curies":[{"name":"wp","href":"https:\/\/api.w.org\/{rel}","templated":true}]}}