{"id":733911,"date":"2025-03-03T16:20:42","date_gmt":"2025-03-03T15:20:42","guid":{"rendered":"https:\/\/stoic-curie.212-227-153-4.plesk.page\/producto\/windschutzscheibenwischer-roca-w12wp-24v-42mm\/"},"modified":"2026-02-24T23:34:49","modified_gmt":"2026-02-24T23:34:49","slug":"windschutzscheibenwischer-roca-w12wp-24v-42mm","status":"publish","type":"product","link":"https:\/\/stoic-curie.212-227-153-4.plesk.page\/de\/product\/windschutzscheibenwischer-roca-w12wp-24v-42mm\/","title":{"rendered":"Windschutzscheibenwischer Roca W12wp 24v &#8211; 42mm"},"content":{"rendered":"<p>Windschutzscheibenwischer Roca W12wp 24v &#8211; 42mm &#8211; <\/p>\n<p>Roca W12 Scheibenwischer f\u00fcr mittelgro\u00dfe bis kleine Boote. IP65 wasserdichtes Geh\u00e4use aus UV-stabilisiertem Thermoplast. 12 Nm Motor mit 35 oder 55 Wischvorg\u00e4ngen pro Minute, links oder rechts selbstparkend und einstellbarem Wischwinkel von 45\u00b0 bis 110\u00b0. Standardachse 13,8 mm. Stromverbrauch 2A im Leerlauf und 4A bei Volllast bei 12V. Wird mit Arm und Blatt erg\u00e4nzt.<\/p>\n","protected":false},"excerpt":{"rendered":"<p>Windschutzscheibenwischer Roca W12wp 24v &#8211; 42mm &#8211; Roca W12 Scheibenwischer f\u00fcr mittelgro\u00dfe bis kleine Boote. IP65 wasserdichtes Geh\u00e4use aus UV-stabilisiertem<\/p>\n","protected":false},"featured_media":5939173,"comment_status":"open","ping_status":"closed","template":"","meta":[],"product_brand":[3315],"product_cat":[1448],"product_tag":[],"class_list":{"0":"post-733911","1":"product","2":"type-product","3":"status-publish","4":"has-post-thumbnail","6":"product_brand-roca-marine-de","7":"product_cat-scheibenwischer","9":"first","10":"instock","11":"shipping-taxable","12":"purchasable","13":"product-type-simple"},"_links":{"self":[{"href":"https:\/\/stoic-curie.212-227-153-4.plesk.page\/de\/wp-json\/wp\/v2\/product\/733911","targetHints":{"allow":["GET"]}}],"collection":[{"href":"https:\/\/stoic-curie.212-227-153-4.plesk.page\/de\/wp-json\/wp\/v2\/product"}],"about":[{"href":"https:\/\/stoic-curie.212-227-153-4.plesk.page\/de\/wp-json\/wp\/v2\/types\/product"}],"replies":[{"embeddable":true,"href":"https:\/\/stoic-curie.212-227-153-4.plesk.page\/de\/wp-json\/wp\/v2\/comments?post=733911"}],"version-history":[{"count":0,"href":"https:\/\/stoic-curie.212-227-153-4.plesk.page\/de\/wp-json\/wp\/v2\/product\/733911\/revisions"}],"wp:featuredmedia":[{"embeddable":true,"href":"https:\/\/stoic-curie.212-227-153-4.plesk.page\/de\/wp-json\/wp\/v2\/media\/5939173"}],"wp:attachment":[{"href":"https:\/\/stoic-curie.212-227-153-4.plesk.page\/de\/wp-json\/wp\/v2\/media?parent=733911"}],"wp:term":[{"taxonomy":"product_brand","embeddable":true,"href":"https:\/\/stoic-curie.212-227-153-4.plesk.page\/de\/wp-json\/wp\/v2\/product_brand?post=733911"},{"taxonomy":"product_cat","embeddable":true,"href":"https:\/\/stoic-curie.212-227-153-4.plesk.page\/de\/wp-json\/wp\/v2\/product_cat?post=733911"},{"taxonomy":"product_tag","embeddable":true,"href":"https:\/\/stoic-curie.212-227-153-4.plesk.page\/de\/wp-json\/wp\/v2\/product_tag?post=733911"}],"curies":[{"name":"wp","href":"https:\/\/api.w.org\/{rel}","templated":true}]}}