{"id":733912,"date":"2025-03-03T16:20:42","date_gmt":"2025-03-03T15:20:42","guid":{"rendered":"https:\/\/stoic-curie.212-227-153-4.plesk.page\/producto\/windschutzscheibenwischer-roca-w38-12v-53mm\/"},"modified":"2026-02-24T23:34:49","modified_gmt":"2026-02-24T23:34:49","slug":"windschutzscheibenwischer-roca-w38-12v-53mm","status":"publish","type":"product","link":"https:\/\/stoic-curie.212-227-153-4.plesk.page\/de\/product\/windschutzscheibenwischer-roca-w38-12v-53mm\/","title":{"rendered":"Windschutzscheibenwischer Roca W38 12v &#8211; 53mm"},"content":{"rendered":"<p>Windschutzscheibenwischer Roca W38 12v &#8211; 53mm &#8211; <\/p>\n<p>Hochwertiger Roca W38 Scheibenwischer f\u00fcr mittelgro\u00dfe bis gro\u00dfe Boote. Auch f\u00fcr den professionellen Einsatz auf Arbeitsbooten geeignet. 38 Nm Motor mit 35 oder 55 Wischvorg\u00e4ngen pro Minute, automatische Selbstparkfunktion links oder rechts und ein verstellbarer Wischwinkel von 45\u00b0 bis 110\u00b0. Der Verbrauch betr\u00e4gt 3A im Leerlauf und 7A bei Volllast bei 12V. Erg\u00e4nzen Sie dies mit einem Pantografarm und einer Klinge. Der Pantografarm ist mit einer Spritzd\u00fcse und einem 1,1 Meter langen Schlauch ausgestattet.<\/p>\n","protected":false},"excerpt":{"rendered":"<p>Windschutzscheibenwischer Roca W38 12v &#8211; 53mm &#8211; Hochwertiger Roca W38 Scheibenwischer f\u00fcr mittelgro\u00dfe bis gro\u00dfe Boote. Auch f\u00fcr den professionellen<\/p>\n","protected":false},"featured_media":5939177,"comment_status":"open","ping_status":"closed","template":"","meta":[],"product_brand":[3315],"product_cat":[1448],"product_tag":[],"class_list":{"0":"post-733912","1":"product","2":"type-product","3":"status-publish","4":"has-post-thumbnail","6":"product_brand-roca-marine-de","7":"product_cat-scheibenwischer","9":"first","10":"instock","11":"shipping-taxable","12":"purchasable","13":"product-type-simple"},"_links":{"self":[{"href":"https:\/\/stoic-curie.212-227-153-4.plesk.page\/de\/wp-json\/wp\/v2\/product\/733912","targetHints":{"allow":["GET"]}}],"collection":[{"href":"https:\/\/stoic-curie.212-227-153-4.plesk.page\/de\/wp-json\/wp\/v2\/product"}],"about":[{"href":"https:\/\/stoic-curie.212-227-153-4.plesk.page\/de\/wp-json\/wp\/v2\/types\/product"}],"replies":[{"embeddable":true,"href":"https:\/\/stoic-curie.212-227-153-4.plesk.page\/de\/wp-json\/wp\/v2\/comments?post=733912"}],"version-history":[{"count":0,"href":"https:\/\/stoic-curie.212-227-153-4.plesk.page\/de\/wp-json\/wp\/v2\/product\/733912\/revisions"}],"wp:featuredmedia":[{"embeddable":true,"href":"https:\/\/stoic-curie.212-227-153-4.plesk.page\/de\/wp-json\/wp\/v2\/media\/5939177"}],"wp:attachment":[{"href":"https:\/\/stoic-curie.212-227-153-4.plesk.page\/de\/wp-json\/wp\/v2\/media?parent=733912"}],"wp:term":[{"taxonomy":"product_brand","embeddable":true,"href":"https:\/\/stoic-curie.212-227-153-4.plesk.page\/de\/wp-json\/wp\/v2\/product_brand?post=733912"},{"taxonomy":"product_cat","embeddable":true,"href":"https:\/\/stoic-curie.212-227-153-4.plesk.page\/de\/wp-json\/wp\/v2\/product_cat?post=733912"},{"taxonomy":"product_tag","embeddable":true,"href":"https:\/\/stoic-curie.212-227-153-4.plesk.page\/de\/wp-json\/wp\/v2\/product_tag?post=733912"}],"curies":[{"name":"wp","href":"https:\/\/api.w.org\/{rel}","templated":true}]}}