{"id":733928,"date":"2025-03-03T16:20:45","date_gmt":"2025-03-03T15:20:45","guid":{"rendered":"https:\/\/stoic-curie.212-227-153-4.plesk.page\/producto\/elektronischer-batterieseparator-3-batterien-160-ampere\/"},"modified":"2026-02-24T23:34:49","modified_gmt":"2026-02-24T23:34:49","slug":"elektronischer-batterieseparator-3-batterien-160-ampere","status":"publish","type":"product","link":"https:\/\/stoic-curie.212-227-153-4.plesk.page\/de\/product\/elektronischer-batterieseparator-3-batterien-160-ampere\/","title":{"rendered":"Elektronischer Batterieseparator 3 Batterien 160 Ampere"},"content":{"rendered":"<p>Elektronischer Batterieseparator 3 Batterien 160 Ampere &#8211; <\/p>\n<p>Dieser hochwertige Batterieisolator verf\u00fcgt \u00fcber versiegelte Elektronik und Geh\u00e4use. Die automatische Ladeauswahl w\u00e4hlt die am st\u00e4rksten entladene Batterie aus. Der Batterieisolator verhindert die Entladung der am besten geladenen Batterie, indem er die weniger geladene Batterein unterst\u00fctzt.<\/p>\n","protected":false},"excerpt":{"rendered":"<p>Elektronischer Batterieseparator 3 Batterien 160 Ampere &#8211; Dieser hochwertige Batterieisolator verf\u00fcgt \u00fcber versiegelte Elektronik und Geh\u00e4use. Die automatische Ladeauswahl w\u00e4hlt<\/p>\n","protected":false},"featured_media":5939215,"comment_status":"open","ping_status":"closed","template":"","meta":[],"product_brand":[3235],"product_cat":[1450],"product_tag":[],"class_list":{"0":"post-733928","1":"product","2":"type-product","3":"status-publish","4":"has-post-thumbnail","6":"product_brand-osculati-de","7":"product_cat-batterieladegeraete","9":"first","10":"instock","11":"shipping-taxable","12":"purchasable","13":"product-type-simple"},"_links":{"self":[{"href":"https:\/\/stoic-curie.212-227-153-4.plesk.page\/de\/wp-json\/wp\/v2\/product\/733928","targetHints":{"allow":["GET"]}}],"collection":[{"href":"https:\/\/stoic-curie.212-227-153-4.plesk.page\/de\/wp-json\/wp\/v2\/product"}],"about":[{"href":"https:\/\/stoic-curie.212-227-153-4.plesk.page\/de\/wp-json\/wp\/v2\/types\/product"}],"replies":[{"embeddable":true,"href":"https:\/\/stoic-curie.212-227-153-4.plesk.page\/de\/wp-json\/wp\/v2\/comments?post=733928"}],"version-history":[{"count":0,"href":"https:\/\/stoic-curie.212-227-153-4.plesk.page\/de\/wp-json\/wp\/v2\/product\/733928\/revisions"}],"wp:featuredmedia":[{"embeddable":true,"href":"https:\/\/stoic-curie.212-227-153-4.plesk.page\/de\/wp-json\/wp\/v2\/media\/5939215"}],"wp:attachment":[{"href":"https:\/\/stoic-curie.212-227-153-4.plesk.page\/de\/wp-json\/wp\/v2\/media?parent=733928"}],"wp:term":[{"taxonomy":"product_brand","embeddable":true,"href":"https:\/\/stoic-curie.212-227-153-4.plesk.page\/de\/wp-json\/wp\/v2\/product_brand?post=733928"},{"taxonomy":"product_cat","embeddable":true,"href":"https:\/\/stoic-curie.212-227-153-4.plesk.page\/de\/wp-json\/wp\/v2\/product_cat?post=733928"},{"taxonomy":"product_tag","embeddable":true,"href":"https:\/\/stoic-curie.212-227-153-4.plesk.page\/de\/wp-json\/wp\/v2\/product_tag?post=733928"}],"curies":[{"name":"wp","href":"https:\/\/api.w.org\/{rel}","templated":true}]}}