{"id":733929,"date":"2025-03-03T16:20:45","date_gmt":"2025-03-03T15:20:45","guid":{"rendered":"https:\/\/stoic-curie.212-227-153-4.plesk.page\/producto\/elektronischer-batterieseparator-2-batterien-140-ampere-12v\/"},"modified":"2026-02-24T23:34:49","modified_gmt":"2026-02-24T23:34:49","slug":"elektronischer-batterieseparator-2-batterien-140-ampere-12v","status":"publish","type":"product","link":"https:\/\/stoic-curie.212-227-153-4.plesk.page\/de\/product\/elektronischer-batterieseparator-2-batterien-140-ampere-12v\/","title":{"rendered":"Elektronischer Batterieseparator 2 Batterien 140 Ampere 12V"},"content":{"rendered":"<p>Elektronischer Batterieseparator 2 Batterien 140 Ampere 12V &#8211; <\/p>\n<p>Das MTM VSR Compact Sensorrelais erm\u00f6glicht die gleichzeitige Verwaltung des Ladevorgangs von zwei Batterien mit nur einem Generator. Beim Motorstart steuert der Trennschalter das Laden der Hauptbatterie, und sobald die Hauptbatterie vollst\u00e4ndig geladen ist, wechselt der Trennschalter in den Parallelbetrieb und l\u00e4dt beide Batterien gleichzeitig. Beim Motorstopp, wenn die Batteriespannung unter 12,8 V f\u00e4llt, wird der Schalter getrennt, um eine Entladung der Batterie zu vermeiden.<\/p>\n","protected":false},"excerpt":{"rendered":"<p>Elektronischer Batterieseparator 2 Batterien 140 Ampere 12V &#8211; Das MTM VSR Compact Sensorrelais erm\u00f6glicht die gleichzeitige Verwaltung des Ladevorgangs von<\/p>\n","protected":false},"featured_media":5939220,"comment_status":"open","ping_status":"closed","template":"","meta":[],"product_brand":[3235],"product_cat":[1450],"product_tag":[],"class_list":{"0":"post-733929","1":"product","2":"type-product","3":"status-publish","4":"has-post-thumbnail","6":"product_brand-osculati-de","7":"product_cat-batterieladegeraete","9":"first","10":"instock","11":"shipping-taxable","12":"purchasable","13":"product-type-simple"},"_links":{"self":[{"href":"https:\/\/stoic-curie.212-227-153-4.plesk.page\/de\/wp-json\/wp\/v2\/product\/733929","targetHints":{"allow":["GET"]}}],"collection":[{"href":"https:\/\/stoic-curie.212-227-153-4.plesk.page\/de\/wp-json\/wp\/v2\/product"}],"about":[{"href":"https:\/\/stoic-curie.212-227-153-4.plesk.page\/de\/wp-json\/wp\/v2\/types\/product"}],"replies":[{"embeddable":true,"href":"https:\/\/stoic-curie.212-227-153-4.plesk.page\/de\/wp-json\/wp\/v2\/comments?post=733929"}],"version-history":[{"count":0,"href":"https:\/\/stoic-curie.212-227-153-4.plesk.page\/de\/wp-json\/wp\/v2\/product\/733929\/revisions"}],"wp:featuredmedia":[{"embeddable":true,"href":"https:\/\/stoic-curie.212-227-153-4.plesk.page\/de\/wp-json\/wp\/v2\/media\/5939220"}],"wp:attachment":[{"href":"https:\/\/stoic-curie.212-227-153-4.plesk.page\/de\/wp-json\/wp\/v2\/media?parent=733929"}],"wp:term":[{"taxonomy":"product_brand","embeddable":true,"href":"https:\/\/stoic-curie.212-227-153-4.plesk.page\/de\/wp-json\/wp\/v2\/product_brand?post=733929"},{"taxonomy":"product_cat","embeddable":true,"href":"https:\/\/stoic-curie.212-227-153-4.plesk.page\/de\/wp-json\/wp\/v2\/product_cat?post=733929"},{"taxonomy":"product_tag","embeddable":true,"href":"https:\/\/stoic-curie.212-227-153-4.plesk.page\/de\/wp-json\/wp\/v2\/product_tag?post=733929"}],"curies":[{"name":"wp","href":"https:\/\/api.w.org\/{rel}","templated":true}]}}