{"id":733931,"date":"2025-03-03T16:20:46","date_gmt":"2025-03-03T15:20:46","guid":{"rendered":"https:\/\/stoic-curie.212-227-153-4.plesk.page\/producto\/batterietrenner-quick-bis-zu-3-batterien-12-24v\/"},"modified":"2026-02-24T23:34:49","modified_gmt":"2026-02-24T23:34:49","slug":"batterietrenner-quick-bis-zu-3-batterien-12-24v","status":"publish","type":"product","link":"https:\/\/stoic-curie.212-227-153-4.plesk.page\/de\/product\/batterietrenner-quick-bis-zu-3-batterien-12-24v\/","title":{"rendered":"Batterietrenner Quick ECS bis zu 3 Batterien 12-24V"},"content":{"rendered":"<p>Batterietrenner Quick ECS bis zu 3 Batterien 12-24V &#8211; <\/p>\n<p>Die Quick ECS-Sensorrelais sind mit Mosfet-Technologie ausgestattet, die es erm\u00f6glicht, die Ladung zu teilen, ohne gef\u00e4hrliche Spannungsabf\u00e4lle zu verursachen. Sie erlauben die Erh\u00f6hung der Anzahl m\u00f6glicher Batterieverbindungen und sch\u00fctzen die Ladung jeder einzelnen, wie es normalerweise bei Mehrkanal-Batterieladeger\u00e4ten der Fall ist. Vorteile: &#8211; vernachl\u00e4ssigbarer Spannungsverlust &#8211; Eingangs-Spannung von 5 bis 31 V &#8211; geringe Leistungsverluste &#8211; breiter Betriebstemperaturbereich &#8211; Kompatibilit\u00e4t mit jeder Art von Generator.<\/p>\n","protected":false},"excerpt":{"rendered":"<p>Batterietrenner Quick ECS bis zu 3 Batterien 12-24V &#8211; Die Quick ECS-Sensorrelais sind mit Mosfet-Technologie ausgestattet, die es erm\u00f6glicht, die<\/p>\n","protected":false},"featured_media":5939221,"comment_status":"open","ping_status":"closed","template":"","meta":[],"product_brand":[3280],"product_cat":[1450],"product_tag":[],"class_list":{"0":"post-733931","1":"product","2":"type-product","3":"status-publish","4":"has-post-thumbnail","6":"product_brand-quick-de","7":"product_cat-batterieladegeraete","9":"first","10":"instock","11":"shipping-taxable","12":"purchasable","13":"product-type-simple"},"_links":{"self":[{"href":"https:\/\/stoic-curie.212-227-153-4.plesk.page\/de\/wp-json\/wp\/v2\/product\/733931","targetHints":{"allow":["GET"]}}],"collection":[{"href":"https:\/\/stoic-curie.212-227-153-4.plesk.page\/de\/wp-json\/wp\/v2\/product"}],"about":[{"href":"https:\/\/stoic-curie.212-227-153-4.plesk.page\/de\/wp-json\/wp\/v2\/types\/product"}],"replies":[{"embeddable":true,"href":"https:\/\/stoic-curie.212-227-153-4.plesk.page\/de\/wp-json\/wp\/v2\/comments?post=733931"}],"version-history":[{"count":0,"href":"https:\/\/stoic-curie.212-227-153-4.plesk.page\/de\/wp-json\/wp\/v2\/product\/733931\/revisions"}],"wp:featuredmedia":[{"embeddable":true,"href":"https:\/\/stoic-curie.212-227-153-4.plesk.page\/de\/wp-json\/wp\/v2\/media\/5939221"}],"wp:attachment":[{"href":"https:\/\/stoic-curie.212-227-153-4.plesk.page\/de\/wp-json\/wp\/v2\/media?parent=733931"}],"wp:term":[{"taxonomy":"product_brand","embeddable":true,"href":"https:\/\/stoic-curie.212-227-153-4.plesk.page\/de\/wp-json\/wp\/v2\/product_brand?post=733931"},{"taxonomy":"product_cat","embeddable":true,"href":"https:\/\/stoic-curie.212-227-153-4.plesk.page\/de\/wp-json\/wp\/v2\/product_cat?post=733931"},{"taxonomy":"product_tag","embeddable":true,"href":"https:\/\/stoic-curie.212-227-153-4.plesk.page\/de\/wp-json\/wp\/v2\/product_tag?post=733931"}],"curies":[{"name":"wp","href":"https:\/\/api.w.org\/{rel}","templated":true}]}}