{"id":733951,"date":"2025-03-03T16:20:49","date_gmt":"2025-03-03T15:20:49","guid":{"rendered":"https:\/\/stoic-curie.212-227-153-4.plesk.page\/producto\/zuendschalter-fuer-dieselmotoren-55mm\/"},"modified":"2026-02-24T23:34:50","modified_gmt":"2026-02-24T23:34:50","slug":"zuendschalter-fuer-dieselmotoren-55mm","status":"publish","type":"product","link":"https:\/\/stoic-curie.212-227-153-4.plesk.page\/de\/product\/zuendschalter-fuer-dieselmotoren-55mm\/","title":{"rendered":"Z\u00fcndschalter f\u00fcr Dieselmotoren 55mm"},"content":{"rendered":"<p>Z\u00fcndschalter f\u00fcr Dieselmotoren 55mm &#8211; <\/p>\n<p>12\/24V Z\u00fcndstarter\/Schalter f\u00fcr Dieselmotoren mit Gl\u00fchkerzen.<\/p>\n","protected":false},"excerpt":{"rendered":"<p>Z\u00fcndschalter f\u00fcr Dieselmotoren 55mm &#8211; 12\/24V Z\u00fcndstarter\/Schalter f\u00fcr Dieselmotoren mit Gl\u00fchkerzen.<\/p>\n","protected":false},"featured_media":5939316,"comment_status":"open","ping_status":"closed","template":"","meta":[],"product_brand":[2830],"product_cat":[1509],"product_tag":[],"class_list":{"0":"post-733951","1":"product","2":"type-product","3":"status-publish","4":"has-post-thumbnail","6":"product_brand-blue-sea-systems-de","7":"product_cat-zuendschalter","9":"first","10":"instock","11":"shipping-taxable","12":"purchasable","13":"product-type-simple"},"_links":{"self":[{"href":"https:\/\/stoic-curie.212-227-153-4.plesk.page\/de\/wp-json\/wp\/v2\/product\/733951","targetHints":{"allow":["GET"]}}],"collection":[{"href":"https:\/\/stoic-curie.212-227-153-4.plesk.page\/de\/wp-json\/wp\/v2\/product"}],"about":[{"href":"https:\/\/stoic-curie.212-227-153-4.plesk.page\/de\/wp-json\/wp\/v2\/types\/product"}],"replies":[{"embeddable":true,"href":"https:\/\/stoic-curie.212-227-153-4.plesk.page\/de\/wp-json\/wp\/v2\/comments?post=733951"}],"version-history":[{"count":0,"href":"https:\/\/stoic-curie.212-227-153-4.plesk.page\/de\/wp-json\/wp\/v2\/product\/733951\/revisions"}],"wp:featuredmedia":[{"embeddable":true,"href":"https:\/\/stoic-curie.212-227-153-4.plesk.page\/de\/wp-json\/wp\/v2\/media\/5939316"}],"wp:attachment":[{"href":"https:\/\/stoic-curie.212-227-153-4.plesk.page\/de\/wp-json\/wp\/v2\/media?parent=733951"}],"wp:term":[{"taxonomy":"product_brand","embeddable":true,"href":"https:\/\/stoic-curie.212-227-153-4.plesk.page\/de\/wp-json\/wp\/v2\/product_brand?post=733951"},{"taxonomy":"product_cat","embeddable":true,"href":"https:\/\/stoic-curie.212-227-153-4.plesk.page\/de\/wp-json\/wp\/v2\/product_cat?post=733951"},{"taxonomy":"product_tag","embeddable":true,"href":"https:\/\/stoic-curie.212-227-153-4.plesk.page\/de\/wp-json\/wp\/v2\/product_tag?post=733951"}],"curies":[{"name":"wp","href":"https:\/\/api.w.org\/{rel}","templated":true}]}}