{"id":733962,"date":"2025-03-03T16:20:52","date_gmt":"2025-03-03T15:20:52","guid":{"rendered":"https:\/\/stoic-curie.212-227-153-4.plesk.page\/producto\/fernbedienung-suchscheinwerfer-guest-22040a-12v\/"},"modified":"2026-02-24T23:34:50","modified_gmt":"2026-02-24T23:34:50","slug":"fernbedienung-suchscheinwerfer-guest-22040a-12v","status":"publish","type":"product","link":"https:\/\/stoic-curie.212-227-153-4.plesk.page\/de\/product\/fernbedienung-suchscheinwerfer-guest-22040a-12v\/","title":{"rendered":"Fernbedienung Suchscheinwerfer Guest 22040A 12V"},"content":{"rendered":"<p>Fernbedienung Suchscheinwerfer Guest 22040A 12V &#8211; <\/p>\n<p style=\"color: rgb(34, 34, 34); font-family: Arial, Helvetica, sans-serif; font-size: small;\"><strong>Guest 22040A 5&#8243; Spotlight \/ Flutlichtkit<\/strong><\/p>\n<p style=\"color: rgb(34, 34, 34); font-family: Arial, Helvetica, sans-serif; font-size: small;\">Dieses Edelstahl-Suchscheinwerfer bietet eine kabelgebundene Fernbedienung f\u00fcr eine einfache Bedienung.<\/p>\n<p style=\"color: rgb(34, 34, 34); font-family: Arial, Helvetica, sans-serif; font-size: small;\"><strong>Hauptmerkmale:<\/strong><\/p>\n<ul style=\"color: rgb(34, 34, 34); font-family: Arial, Helvetica, sans-serif; font-size: small;\">\n<li><strong>Helle Halogenlampe:<\/strong>&nbsp;Genie\u00dfen Sie ausgezeichnete Helligkeit mit einer versiegelten Halogenlampe.<\/li>\n<li><strong>Steuerpanel enthalten:<\/strong>&nbsp;Verwalten Sie Ihr Licht einfach mit dem enthaltenen Steuerpanel.<\/li>\n<li><strong>Zwei Lichtstrahlen:<\/strong>&nbsp;W\u00e4hlen Sie zwischen Flut- und Spotbeleuchtung, je nach Bedarf.<\/li>\n<li><strong>Kompakte Abmessungen:<\/strong>&nbsp;Die Basis misst 140 x 89 mm, w\u00e4hrend die Gesamtma\u00dfe 190 mm in der L\u00e4nge, 110 mm in der Breite und 241 mm in der H\u00f6he betragen.<\/li>\n<\/ul>\n<p style=\"color: rgb(34, 34, 34); font-family: Arial, Helvetica, sans-serif; font-size: small;\"><strong>Spezifikationen:<\/strong><\/p>\n<ul style=\"color: rgb(34, 34, 34); font-family: Arial, Helvetica, sans-serif; font-size: small;\">\n<li><strong>Spot Leistung:<\/strong>&nbsp;72.000 Kerzenlicht (CP)<\/li>\n<li><strong>Flut Leistung:<\/strong>&nbsp;30.000 Kerzenlicht (CP)<\/li>\n<li><strong>Stromverbrauch:<\/strong>&nbsp;7 Ampere<\/li>\n<li><strong>Betreiberspannung:<\/strong>&nbsp;12 Volt Gl\u00fchlampe<\/li>\n<li><strong>Lampe Typ:<\/strong>&nbsp;Auswechselbare Gl\u00fchlampe<\/li>\n<li><strong>Lampe Abmessungen:<\/strong>&nbsp;9-1\/2&#8243; H\u00f6he x 4-1\/2&#8243; Breite x 7-1\/2&#8243; L\u00e4nge<\/li>\n<li><strong>Bodenabmessungen:<\/strong>&nbsp;5-1\/2&#8243; L\u00e4nge x 3-1\/2&#8243; Breite<\/li>\n<li><strong>Gewicht:<\/strong>&nbsp;6 lbs.<\/li>\n<\/ul>\n<p style=\"color: rgb(34, 34, 34); font-family: Arial, Helvetica, sans-serif; font-size: small;\"><strong>Zus\u00e4tzliche Informationen:<\/strong><\/p>\n<ul style=\"color: rgb(34, 34, 34); font-family: Arial, Helvetica, sans-serif; font-size: small;\">\n<li><strong>Installation:<\/strong>&nbsp;Der Joystick ben\u00f6tigt 2-3\/4&#8243; Installationsl\u00f6cher.<\/li>\n<li><strong>Bedienung:<\/strong>&nbsp;Fernbedienung und Joystickbetrieb f\u00fcr mehr Komfort.<\/li>\n<li><strong>Garantie:<\/strong>&nbsp;Kommt mit einer einj\u00e4hrigen Garantie.<\/li>\n<li><strong>Doppelte Station Option:<\/strong>&nbsp;Verf\u00fcgbar f\u00fcr zus\u00e4tzliche Flexibilit\u00e4t.<\/li>\n<li><strong>Manuelle Richtung:<\/strong>&nbsp;Das Licht kann manuell ausgerichtet werden, ohne den Motor zu sch\u00e4digen.<\/li>\n<li><strong>Robuste Basis:<\/strong>&nbsp;Hergestellt aus 316 Edelstahl f\u00fcr langanhaltende Leistung.<\/li>\n<\/ul>\n<p style=\"color: rgb(34, 34, 34); font-family: Arial, Helvetica, sans-serif; font-size: small;\">Dieses Spotlight\/Flutlichtkit ist eine ausgezeichnete Wahl f\u00fcr Boots-Enthusiasten, die zuverl\u00e4ssige und leistungsstarke Beleitungsl\u00f6sungen suchen.<\/p>\n","protected":false},"excerpt":{"rendered":"<p>Fernbedienung Suchscheinwerfer Guest 22040A 12V &#8211; Guest 22040A 5&#8243; Spotlight \/ Flutlichtkit Dieses Edelstahl-Suchscheinwerfer bietet eine kabelgebundene Fernbedienung f\u00fcr eine<\/p>\n","protected":false},"featured_media":5939391,"comment_status":"open","ping_status":"closed","template":"","meta":[],"product_brand":[3105],"product_cat":[1447],"product_tag":[],"class_list":{"0":"post-733962","1":"product","2":"type-product","3":"status-publish","4":"has-post-thumbnail","6":"product_brand-marinco-de","7":"product_cat-suchscheinwerfer-und-spotlights","9":"first","10":"instock","11":"shipping-taxable","12":"purchasable","13":"product-type-simple"},"_links":{"self":[{"href":"https:\/\/stoic-curie.212-227-153-4.plesk.page\/de\/wp-json\/wp\/v2\/product\/733962","targetHints":{"allow":["GET"]}}],"collection":[{"href":"https:\/\/stoic-curie.212-227-153-4.plesk.page\/de\/wp-json\/wp\/v2\/product"}],"about":[{"href":"https:\/\/stoic-curie.212-227-153-4.plesk.page\/de\/wp-json\/wp\/v2\/types\/product"}],"replies":[{"embeddable":true,"href":"https:\/\/stoic-curie.212-227-153-4.plesk.page\/de\/wp-json\/wp\/v2\/comments?post=733962"}],"version-history":[{"count":0,"href":"https:\/\/stoic-curie.212-227-153-4.plesk.page\/de\/wp-json\/wp\/v2\/product\/733962\/revisions"}],"wp:featuredmedia":[{"embeddable":true,"href":"https:\/\/stoic-curie.212-227-153-4.plesk.page\/de\/wp-json\/wp\/v2\/media\/5939391"}],"wp:attachment":[{"href":"https:\/\/stoic-curie.212-227-153-4.plesk.page\/de\/wp-json\/wp\/v2\/media?parent=733962"}],"wp:term":[{"taxonomy":"product_brand","embeddable":true,"href":"https:\/\/stoic-curie.212-227-153-4.plesk.page\/de\/wp-json\/wp\/v2\/product_brand?post=733962"},{"taxonomy":"product_cat","embeddable":true,"href":"https:\/\/stoic-curie.212-227-153-4.plesk.page\/de\/wp-json\/wp\/v2\/product_cat?post=733962"},{"taxonomy":"product_tag","embeddable":true,"href":"https:\/\/stoic-curie.212-227-153-4.plesk.page\/de\/wp-json\/wp\/v2\/product_tag?post=733962"}],"curies":[{"name":"wp","href":"https:\/\/api.w.org\/{rel}","templated":true}]}}