{"id":733980,"date":"2025-03-03T16:20:55","date_gmt":"2025-03-03T15:20:55","guid":{"rendered":"https:\/\/stoic-curie.212-227-153-4.plesk.page\/producto\/ersatzlampe-fuer-dhr-suchscheinwerfer-220v-1000w\/"},"modified":"2026-02-24T23:34:50","modified_gmt":"2026-02-24T23:34:50","slug":"ersatzlampe-fuer-dhr-suchscheinwerfer-220v-1000w","status":"publish","type":"product","link":"https:\/\/stoic-curie.212-227-153-4.plesk.page\/de\/product\/ersatzlampe-fuer-dhr-suchscheinwerfer-220v-1000w\/","title":{"rendered":"Ersatzlampe f\u00fcr DHR Suchscheinwerfer 220V 1000W"},"content":{"rendered":"<p>Ersatzlampe f\u00fcr DHR Suchscheinwerfer 220V 1000W &#8211; <\/p>\n<p>UV-best\u00e4ndiges professionelles anodisiertes Aluminiumgeh\u00e4use, RAL9016 lackierter Decksuchscheinwerfer mit steuerbarer verstellbarer Funktion. Alle Teile sind nicht-magnetisch und korrosionsbest\u00e4ndig.<\/p>\n","protected":false},"excerpt":{"rendered":"<p>Ersatzlampe f\u00fcr DHR Suchscheinwerfer 220V 1000W &#8211; UV-best\u00e4ndiges professionelles anodisiertes Aluminiumgeh\u00e4use, RAL9016 lackierter Decksuchscheinwerfer mit steuerbarer verstellbarer Funktion. Alle Teile<\/p>\n","protected":false},"featured_media":5939446,"comment_status":"open","ping_status":"closed","template":"","meta":[],"product_brand":[2880],"product_cat":[1447],"product_tag":[],"class_list":{"0":"post-733980","1":"product","2":"type-product","3":"status-publish","4":"has-post-thumbnail","6":"product_brand-dhr-de","7":"product_cat-suchscheinwerfer-und-spotlights","9":"first","10":"instock","11":"shipping-taxable","12":"purchasable","13":"product-type-simple"},"_links":{"self":[{"href":"https:\/\/stoic-curie.212-227-153-4.plesk.page\/de\/wp-json\/wp\/v2\/product\/733980","targetHints":{"allow":["GET"]}}],"collection":[{"href":"https:\/\/stoic-curie.212-227-153-4.plesk.page\/de\/wp-json\/wp\/v2\/product"}],"about":[{"href":"https:\/\/stoic-curie.212-227-153-4.plesk.page\/de\/wp-json\/wp\/v2\/types\/product"}],"replies":[{"embeddable":true,"href":"https:\/\/stoic-curie.212-227-153-4.plesk.page\/de\/wp-json\/wp\/v2\/comments?post=733980"}],"version-history":[{"count":0,"href":"https:\/\/stoic-curie.212-227-153-4.plesk.page\/de\/wp-json\/wp\/v2\/product\/733980\/revisions"}],"wp:featuredmedia":[{"embeddable":true,"href":"https:\/\/stoic-curie.212-227-153-4.plesk.page\/de\/wp-json\/wp\/v2\/media\/5939446"}],"wp:attachment":[{"href":"https:\/\/stoic-curie.212-227-153-4.plesk.page\/de\/wp-json\/wp\/v2\/media?parent=733980"}],"wp:term":[{"taxonomy":"product_brand","embeddable":true,"href":"https:\/\/stoic-curie.212-227-153-4.plesk.page\/de\/wp-json\/wp\/v2\/product_brand?post=733980"},{"taxonomy":"product_cat","embeddable":true,"href":"https:\/\/stoic-curie.212-227-153-4.plesk.page\/de\/wp-json\/wp\/v2\/product_cat?post=733980"},{"taxonomy":"product_tag","embeddable":true,"href":"https:\/\/stoic-curie.212-227-153-4.plesk.page\/de\/wp-json\/wp\/v2\/product_tag?post=733980"}],"curies":[{"name":"wp","href":"https:\/\/api.w.org\/{rel}","templated":true}]}}