{"id":733981,"date":"2025-03-03T16:20:55","date_gmt":"2025-03-03T15:20:55","guid":{"rendered":"https:\/\/stoic-curie.212-227-153-4.plesk.page\/producto\/ersatzlampe-12v-fuer-einstellbare-suchscheinwerfer\/"},"modified":"2026-02-24T23:34:50","modified_gmt":"2026-02-24T23:34:50","slug":"ersatzlampe-12v-fuer-einstellbare-suchscheinwerfer","status":"publish","type":"product","link":"https:\/\/stoic-curie.212-227-153-4.plesk.page\/de\/product\/ersatzlampe-12v-fuer-einstellbare-suchscheinwerfer\/","title":{"rendered":"Ersatzlampe 12V f\u00fcr einstellbare Suchscheinwerfer"},"content":{"rendered":"<p>Ersatzlampe 12V f\u00fcr einstellbare Suchscheinwerfer &#8211; <\/p>\n<p>Handbetriebenes Suchscheinwerfergeh\u00e4use aus ABS. Versiegelte Halogenbirne \u00c3\u00b8 140 mm. Abmessungen: 220 mm L\u00e4nge &#8211; 160 mm Breite &#8211; H 220 mm. Duelle Lichtstrahlen: Spot- und Flutlicht.<\/p>\n","protected":false},"excerpt":{"rendered":"<p>Ersatzlampe 12V f\u00fcr einstellbare Suchscheinwerfer &#8211; Handbetriebenes Suchscheinwerfergeh\u00e4use aus ABS. Versiegelte Halogenbirne \u00c3\u00b8 140 mm. Abmessungen: 220 mm L\u00e4nge &#8211;<\/p>\n","protected":false},"featured_media":5939449,"comment_status":"open","ping_status":"closed","template":"","meta":[],"product_brand":[3140],"product_cat":[1447],"product_tag":[],"class_list":{"0":"post-733981","1":"product","2":"type-product","3":"status-publish","4":"has-post-thumbnail","6":"product_brand-matromarine-de","7":"product_cat-suchscheinwerfer-und-spotlights","9":"first","10":"instock","11":"shipping-taxable","12":"purchasable","13":"product-type-simple"},"_links":{"self":[{"href":"https:\/\/stoic-curie.212-227-153-4.plesk.page\/de\/wp-json\/wp\/v2\/product\/733981","targetHints":{"allow":["GET"]}}],"collection":[{"href":"https:\/\/stoic-curie.212-227-153-4.plesk.page\/de\/wp-json\/wp\/v2\/product"}],"about":[{"href":"https:\/\/stoic-curie.212-227-153-4.plesk.page\/de\/wp-json\/wp\/v2\/types\/product"}],"replies":[{"embeddable":true,"href":"https:\/\/stoic-curie.212-227-153-4.plesk.page\/de\/wp-json\/wp\/v2\/comments?post=733981"}],"version-history":[{"count":0,"href":"https:\/\/stoic-curie.212-227-153-4.plesk.page\/de\/wp-json\/wp\/v2\/product\/733981\/revisions"}],"wp:featuredmedia":[{"embeddable":true,"href":"https:\/\/stoic-curie.212-227-153-4.plesk.page\/de\/wp-json\/wp\/v2\/media\/5939449"}],"wp:attachment":[{"href":"https:\/\/stoic-curie.212-227-153-4.plesk.page\/de\/wp-json\/wp\/v2\/media?parent=733981"}],"wp:term":[{"taxonomy":"product_brand","embeddable":true,"href":"https:\/\/stoic-curie.212-227-153-4.plesk.page\/de\/wp-json\/wp\/v2\/product_brand?post=733981"},{"taxonomy":"product_cat","embeddable":true,"href":"https:\/\/stoic-curie.212-227-153-4.plesk.page\/de\/wp-json\/wp\/v2\/product_cat?post=733981"},{"taxonomy":"product_tag","embeddable":true,"href":"https:\/\/stoic-curie.212-227-153-4.plesk.page\/de\/wp-json\/wp\/v2\/product_tag?post=733981"}],"curies":[{"name":"wp","href":"https:\/\/api.w.org\/{rel}","templated":true}]}}