{"id":734052,"date":"2025-03-03T16:21:14","date_gmt":"2025-03-03T15:21:14","guid":{"rendered":"https:\/\/stoic-curie.212-227-153-4.plesk.page\/producto\/gps-tachometer-55-knoten-uflex-ultra-schwarz-85mm\/"},"modified":"2026-02-24T23:34:50","modified_gmt":"2026-02-24T23:34:50","slug":"gps-tachometer-55-knoten-uflex-ultra-schwarz-85mm","status":"publish","type":"product","link":"https:\/\/stoic-curie.212-227-153-4.plesk.page\/de\/product\/gps-tachometer-55-knoten-uflex-ultra-schwarz-85mm\/","title":{"rendered":"GPS-Tachometer 55 Knoten Uflex Ultra Schwarz 85mm"},"content":{"rendered":"<p>GPS-Tachometer 55 Knoten Uflex Ultra Schwarz 85mm &#8211; <\/p>\n<p>Uflex IP67 wasserdichte Instrumente mit doppellagiger, verst\u00e4rkter Antikondensationslinse. Schwarzer Kunststoffrahmen und schwarzes Zifferblatt. Universelle Spannung 12\/24V mit anpassbarem roten oder gelben Hintergrundlicht. Plug-and-Play-Installation mit einem verkabelten Molex-Stecker. Alle Druck-, Temperatur-, Niveau- und Winkelsensoren m\u00fcssen mit Sensoren vervollst\u00e4ndigt werden. Der GPS-Geschwindigkeitsanzeiger ist mit Empf\u00e4nger und Antenne ausgestattet.<\/p>\n","protected":false},"excerpt":{"rendered":"<p>GPS-Tachometer 55 Knoten Uflex Ultra Schwarz 85mm &#8211; Uflex IP67 wasserdichte Instrumente mit doppellagiger, verst\u00e4rkter Antikondensationslinse. Schwarzer Kunststoffrahmen und schwarzes<\/p>\n","protected":false},"featured_media":5939498,"comment_status":"open","ping_status":"closed","template":"","meta":[],"product_brand":[3500],"product_cat":[1520],"product_tag":[],"class_list":{"0":"post-734052","1":"product","2":"type-product","3":"status-publish","4":"has-post-thumbnail","6":"product_brand-ultraflex-uflex-de","7":"product_cat-uflex-messgeraete","9":"first","10":"instock","11":"shipping-taxable","12":"purchasable","13":"product-type-simple"},"_links":{"self":[{"href":"https:\/\/stoic-curie.212-227-153-4.plesk.page\/de\/wp-json\/wp\/v2\/product\/734052","targetHints":{"allow":["GET"]}}],"collection":[{"href":"https:\/\/stoic-curie.212-227-153-4.plesk.page\/de\/wp-json\/wp\/v2\/product"}],"about":[{"href":"https:\/\/stoic-curie.212-227-153-4.plesk.page\/de\/wp-json\/wp\/v2\/types\/product"}],"replies":[{"embeddable":true,"href":"https:\/\/stoic-curie.212-227-153-4.plesk.page\/de\/wp-json\/wp\/v2\/comments?post=734052"}],"version-history":[{"count":0,"href":"https:\/\/stoic-curie.212-227-153-4.plesk.page\/de\/wp-json\/wp\/v2\/product\/734052\/revisions"}],"wp:featuredmedia":[{"embeddable":true,"href":"https:\/\/stoic-curie.212-227-153-4.plesk.page\/de\/wp-json\/wp\/v2\/media\/5939498"}],"wp:attachment":[{"href":"https:\/\/stoic-curie.212-227-153-4.plesk.page\/de\/wp-json\/wp\/v2\/media?parent=734052"}],"wp:term":[{"taxonomy":"product_brand","embeddable":true,"href":"https:\/\/stoic-curie.212-227-153-4.plesk.page\/de\/wp-json\/wp\/v2\/product_brand?post=734052"},{"taxonomy":"product_cat","embeddable":true,"href":"https:\/\/stoic-curie.212-227-153-4.plesk.page\/de\/wp-json\/wp\/v2\/product_cat?post=734052"},{"taxonomy":"product_tag","embeddable":true,"href":"https:\/\/stoic-curie.212-227-153-4.plesk.page\/de\/wp-json\/wp\/v2\/product_tag?post=734052"}],"curies":[{"name":"wp","href":"https:\/\/api.w.org\/{rel}","templated":true}]}}