{"id":734064,"date":"2025-03-03T16:22:33","date_gmt":"2025-03-03T15:22:33","guid":{"rendered":"https:\/\/stoic-curie.212-227-153-4.plesk.page\/producto\/polierter-messinguhr-120mm\/"},"modified":"2026-02-24T23:34:50","modified_gmt":"2026-02-24T23:34:50","slug":"polierter-messinguhr-120mm","status":"publish","type":"product","link":"https:\/\/stoic-curie.212-227-153-4.plesk.page\/de\/product\/polierter-messinguhr-120mm\/","title":{"rendered":"Polierter Messinguhr 120mm"},"content":{"rendered":"<p>Polierter Messinguhr 120mm &#8211; <\/p>\n<p>120 Klassifiziert, feuerpoliertes, massives Messing f\u00fcr professionelle Wetterinstrumente. Scharniersystem und Fangschloss f\u00fcr einfache Wartung und Batteriewechsel. Extrem klares, widerstandsf\u00e4higes Mineralglas. Robuste Verarbeitung mit hochwertiger Oberfl\u00e4chenbehandlung.<\/p>\n","protected":false},"excerpt":{"rendered":"<p>Polierter Messinguhr 120mm &#8211; 120 Klassifiziert, feuerpoliertes, massives Messing f\u00fcr professionelle Wetterinstrumente. Scharniersystem und Fangschloss f\u00fcr einfache Wartung und Batteriewechsel.<\/p>\n","protected":false},"featured_media":5937033,"comment_status":"open","ping_status":"closed","template":"","meta":[],"product_brand":[2815],"product_cat":[1353,1490],"product_tag":[],"class_list":{"0":"post-734064","1":"product","2":"type-product","3":"status-publish","4":"has-post-thumbnail","6":"product_brand-barigo-de","7":"product_cat-nautische-dekoration","8":"product_cat-nautische-instrumente","10":"first","11":"instock","12":"shipping-taxable","13":"purchasable","14":"product-type-simple"},"_links":{"self":[{"href":"https:\/\/stoic-curie.212-227-153-4.plesk.page\/de\/wp-json\/wp\/v2\/product\/734064","targetHints":{"allow":["GET"]}}],"collection":[{"href":"https:\/\/stoic-curie.212-227-153-4.plesk.page\/de\/wp-json\/wp\/v2\/product"}],"about":[{"href":"https:\/\/stoic-curie.212-227-153-4.plesk.page\/de\/wp-json\/wp\/v2\/types\/product"}],"replies":[{"embeddable":true,"href":"https:\/\/stoic-curie.212-227-153-4.plesk.page\/de\/wp-json\/wp\/v2\/comments?post=734064"}],"version-history":[{"count":0,"href":"https:\/\/stoic-curie.212-227-153-4.plesk.page\/de\/wp-json\/wp\/v2\/product\/734064\/revisions"}],"wp:featuredmedia":[{"embeddable":true,"href":"https:\/\/stoic-curie.212-227-153-4.plesk.page\/de\/wp-json\/wp\/v2\/media\/5937033"}],"wp:attachment":[{"href":"https:\/\/stoic-curie.212-227-153-4.plesk.page\/de\/wp-json\/wp\/v2\/media?parent=734064"}],"wp:term":[{"taxonomy":"product_brand","embeddable":true,"href":"https:\/\/stoic-curie.212-227-153-4.plesk.page\/de\/wp-json\/wp\/v2\/product_brand?post=734064"},{"taxonomy":"product_cat","embeddable":true,"href":"https:\/\/stoic-curie.212-227-153-4.plesk.page\/de\/wp-json\/wp\/v2\/product_cat?post=734064"},{"taxonomy":"product_tag","embeddable":true,"href":"https:\/\/stoic-curie.212-227-153-4.plesk.page\/de\/wp-json\/wp\/v2\/product_tag?post=734064"}],"curies":[{"name":"wp","href":"https:\/\/api.w.org\/{rel}","templated":true}]}}