{"id":734067,"date":"2025-03-03T16:22:34","date_gmt":"2025-03-03T15:22:34","guid":{"rendered":"https:\/\/stoic-curie.212-227-153-4.plesk.page\/producto\/windex-15-windanzeiger\/"},"modified":"2026-02-24T23:34:50","modified_gmt":"2026-02-24T23:34:50","slug":"windex-15-windanzeiger","status":"publish","type":"product","link":"https:\/\/stoic-curie.212-227-153-4.plesk.page\/de\/product\/windex-15-windanzeiger\/","title":{"rendered":"Windex 15&#8243; Windanzeiger"},"content":{"rendered":"<p>Windex 15&#8243; Windanzeiger &#8211; <\/p>\n<p>Der Windex Windrichtungsanzeiger bietet pr\u00e4zise Informationen zur scheinbaren Windrichtung. Saphir-Lageraufh\u00e4ngung, Referenzkerben, die von unten reflektieren und am Windwinkel einstellbar sind. Optionales LED-Nachtlicht f\u00fcr alle Modelle, optionaler Vogelschutzstab nur f\u00fcr das 15&#8243;-Modell.<\/p>\n","protected":false},"excerpt":{"rendered":"<p>Windex 15&#8243; Windanzeiger &#8211; Der Windex Windrichtungsanzeiger bietet pr\u00e4zise Informationen zur scheinbaren Windrichtung. Saphir-Lageraufh\u00e4ngung, Referenzkerben, die von unten reflektieren und<\/p>\n","protected":false},"featured_media":2946386,"comment_status":"open","ping_status":"closed","template":"","meta":[],"product_brand":[3540,2270],"product_cat":[1489,1484],"product_tag":[],"class_list":{"0":"post-734067","1":"product","2":"type-product","3":"status-publish","4":"has-post-thumbnail","6":"product_brand-windex-de","7":"product_brand-windex","8":"product_cat-signalignalgeraete","9":"product_cat-zubehoer-fuer-segelboote","11":"first","12":"instock","13":"shipping-taxable","14":"purchasable","15":"product-type-simple"},"_links":{"self":[{"href":"https:\/\/stoic-curie.212-227-153-4.plesk.page\/de\/wp-json\/wp\/v2\/product\/734067","targetHints":{"allow":["GET"]}}],"collection":[{"href":"https:\/\/stoic-curie.212-227-153-4.plesk.page\/de\/wp-json\/wp\/v2\/product"}],"about":[{"href":"https:\/\/stoic-curie.212-227-153-4.plesk.page\/de\/wp-json\/wp\/v2\/types\/product"}],"replies":[{"embeddable":true,"href":"https:\/\/stoic-curie.212-227-153-4.plesk.page\/de\/wp-json\/wp\/v2\/comments?post=734067"}],"version-history":[{"count":0,"href":"https:\/\/stoic-curie.212-227-153-4.plesk.page\/de\/wp-json\/wp\/v2\/product\/734067\/revisions"}],"wp:featuredmedia":[{"embeddable":true,"href":"https:\/\/stoic-curie.212-227-153-4.plesk.page\/de\/wp-json\/"}],"wp:attachment":[{"href":"https:\/\/stoic-curie.212-227-153-4.plesk.page\/de\/wp-json\/wp\/v2\/media?parent=734067"}],"wp:term":[{"taxonomy":"product_brand","embeddable":true,"href":"https:\/\/stoic-curie.212-227-153-4.plesk.page\/de\/wp-json\/wp\/v2\/product_brand?post=734067"},{"taxonomy":"product_cat","embeddable":true,"href":"https:\/\/stoic-curie.212-227-153-4.plesk.page\/de\/wp-json\/wp\/v2\/product_cat?post=734067"},{"taxonomy":"product_tag","embeddable":true,"href":"https:\/\/stoic-curie.212-227-153-4.plesk.page\/de\/wp-json\/wp\/v2\/product_tag?post=734067"}],"curies":[{"name":"wp","href":"https:\/\/api.w.org\/{rel}","templated":true}]}}